{"id":3141,"date":"2024-09-22T04:02:09","date_gmt":"2024-09-22T04:02:09","guid":{"rendered":"https:\/\/filatelia.cuentista.es\/product\/sello-brasil-1969-fundacion-de-cuiaba"},"modified":"2024-09-22T12:20:36","modified_gmt":"2024-09-22T12:20:36","slug":"sello-brasil-1969-fundacion-de-cuiaba","status":"publish","type":"product","link":"https:\/\/filatelia.cuentista.es\/en\/product\/sello-brasil-1969-fundacion-de-cuiaba","title":{"rendered":"Sello Brasil 1969 &#8211; Fundaci\u00f3n de Cuiaba &#8211; 5 Cts Usado"},"content":{"rendered":"<p>Men of three races and Arms of Cuiaba<\/p>\n<p><img class=\"size-full\"><\/p>\n<p>Pa\u00eds:<\/p>\n<p>Brasil<\/p>\n<p>Serie:<\/p>\n<p>250th Anniversary of Cuiaba<\/p>\n<p>C\u00f3digo de cat\u00e1logo:<\/p>\n<p>Michel BR 1208<\/p>\n<p>Stamp Number BR 1119<\/p>\n<p>Yvert et Tellier BR 890<\/p>\n<p>Stanley Gibbons BR 1251<\/p>\n<p>RHM BR C-632<\/p>\n<p>Temas:<\/p>\n<p>Aniversarios y Jubileos | Colonizaci\u00f3n | Corona de Laureles | Escudo de Armas<\/p>\n<p>Fecha emisi\u00f3n:<\/p>\n<p>1969-04-08<\/p>\n<p>Tama\u00f1o:<\/p>\n<p>44 x 27 mm<\/p>\n<p>Colores:<\/p>\n<p>Multicolor<\/p>\n<p>Impresores\/Imprentas:<\/p>\n<p>Casa da Moeda do Brasil<\/p>\n<p>Formato:<\/p>\n<p>Sello<\/p>\n<p>Emisi\u00f3n:<\/p>\n<p>Conmemorativo<\/p>\n<p>Perforaci\u00f3n:<\/p>\n<p>peine11 x 11\u00bd<\/p>\n<p>Impresi\u00f3n:<\/p>\n<p>Litograf\u00eda offset<\/p>\n<p>Goma:<\/p>\n<p>Sin goma tal como se emite<\/p>\n<p>Valor facial:<\/p>\n<p>5 Centavo de Brasil<\/p>\n<p>Tiraje:<\/p>\n<p>2.000.020<\/p>\n<p><a href=\"https:\/\/colnect.com\/stamps\/stamp\/263153\">https:\/\/colnect.com\/stamps\/stamp\/263153<\/a><\/p>","protected":false},"excerpt":{"rendered":"<p>Men of three races and Arms of Cuiaba Pa\u00eds: Brasil Serie: 250th Anniversary of Cuiaba C\u00f3digo de cat\u00e1logo: Michel BR 1208 Stamp Number BR 1119 Yvert et Tellier BR 890 Stanley Gibbons BR 1251 RHM BR C-632 Temas: Aniversarios y Jubileos | Colonizaci\u00f3n | Corona de Laureles | Escudo de Armas Fecha emisi\u00f3n: 1969-04-08 Tama\u00f1o: &hellip;<\/p>\n<p class=\"read-more\"> <a class=\"thunk-readmore button\" href=\"https:\/\/filatelia.cuentista.es\/en\/product\/sello-brasil-1969-fundacion-de-cuiaba\"> <span class=\"screen-reader-text\">Sello Brasil 1969 &#8211; Fundaci\u00f3n de Cuiaba &#8211; 5 Cts Usado<\/span>Read More<\/a><\/p>","protected":false},"featured_media":3140,"comment_status":"open","ping_status":"closed","template":"","meta":{"_acf_changed":false},"product_brand":[],"product_cat":[1294,20],"product_tag":[],"class_list":{"0":"post-3141","1":"product","2":"type-product","3":"status-publish","4":"has-post-thumbnail","6":"product_cat-brasil","7":"product_cat-sellos-usados","8":"thunk-woo-product-list","9":"opn-qv-enable","10":"open-woo-hover-zoom","11":"open-single-product-tab-horizontal","12":"open-shadow-","13":"open-shadow-hover-","15":"first","16":"instock","17":"sale","18":"shipping-taxable","19":"purchasable","20":"product-type-simple"},"acf":[],"jetpack_sharing_enabled":true,"_links":{"self":[{"href":"https:\/\/filatelia.cuentista.es\/en\/wp-json\/wp\/v2\/product\/3141","targetHints":{"allow":["GET"]}}],"collection":[{"href":"https:\/\/filatelia.cuentista.es\/en\/wp-json\/wp\/v2\/product"}],"about":[{"href":"https:\/\/filatelia.cuentista.es\/en\/wp-json\/wp\/v2\/types\/product"}],"replies":[{"embeddable":true,"href":"https:\/\/filatelia.cuentista.es\/en\/wp-json\/wp\/v2\/comments?post=3141"}],"wp:featuredmedia":[{"embeddable":true,"href":"https:\/\/filatelia.cuentista.es\/en\/wp-json\/wp\/v2\/media\/3140"}],"wp:attachment":[{"href":"https:\/\/filatelia.cuentista.es\/en\/wp-json\/wp\/v2\/media?parent=3141"}],"wp:term":[{"taxonomy":"product_brand","embeddable":true,"href":"https:\/\/filatelia.cuentista.es\/en\/wp-json\/wp\/v2\/product_brand?post=3141"},{"taxonomy":"product_cat","embeddable":true,"href":"https:\/\/filatelia.cuentista.es\/en\/wp-json\/wp\/v2\/product_cat?post=3141"},{"taxonomy":"product_tag","embeddable":true,"href":"https:\/\/filatelia.cuentista.es\/en\/wp-json\/wp\/v2\/product_tag?post=3141"}],"curies":[{"name":"wp","href":"https:\/\/api.w.org\/{rel}","templated":true}]}}