{"id":3139,"date":"2024-09-22T03:57:22","date_gmt":"2024-09-22T03:57:22","guid":{"rendered":"https:\/\/filatelia.cuentista.es\/product\/sello-brasil-visita-duques-de-luxemburgo-100-cr-marron-usado"},"modified":"2024-09-22T03:59:48","modified_gmt":"2024-09-22T03:59:48","slug":"sello-brasil-visita-duques-de-luxemburgo-100-cr-marron-usado","status":"publish","type":"product","link":"https:\/\/filatelia.cuentista.es\/en\/product\/sello-brasil-visita-duques-de-luxemburgo-100-cr-marron-usado","title":{"rendered":"Sello Brasil 1965 &#8211; Visita Duques de Luxemburgo- 100 Cr$ Marr\u00f3n . Usado"},"content":{"rendered":"<p>Grand Duke of Luxembourg Visits Brazil<\/p>\n<p><img class=\"size-full\"><\/p>\n<p>Pa\u00eds:<\/p>\n<p>Brasil<\/p>\n<p>C\u00f3digo de cat\u00e1logo:<\/p>\n<p>Michel BR 1089<\/p>\n<p>Stamp Number BR 1011<\/p>\n<p>Yvert et Tellier BR 784<\/p>\n<p>Stanley Gibbons BR 1128<\/p>\n<p>RHM BR C-539<\/p>\n<p>Temas:<\/p>\n<p>Duques | Duquesas | Hombres | Jefes de Estado | Mujeres | Personajes Famosos<\/p>\n<p>Fecha emisi\u00f3n:<\/p>\n<p>1965-09-17<\/p>\n<p>Tama\u00f1o:<\/p>\n<p>45 x 26 mm<\/p>\n<p>Colores:<\/p>\n<p>Marr\u00f3n Gris oscuro<\/p>\n<p>Impresores\/Imprentas:<\/p>\n<p>Casa da Moeda do Brasil<\/p>\n<p>Formato:<\/p>\n<p>Sello<\/p>\n<p>Emisi\u00f3n:<\/p>\n<p>Conmemorativo<\/p>\n<p>Perforaci\u00f3n:<\/p>\n<p>peine10\u00be x 11\u00bd<\/p>\n<p>Impresi\u00f3n:<\/p>\n<p>Fotograbado<\/p>\n<p>Valor facial:<\/p>\n<p>100 Cruzeiro de Brasil<\/p>\n<p>Tiraje:<\/p>\n<p>5.000.000<\/p>\n<p>Puntuaci\u00f3n:<\/p>\n<p>13% Precisi\u00f3n: Muy alto<\/p>\n<p>Descripci\u00f3n:<\/p>\n<p>Jo\u00e3o and Josefina Carlota.<\/p>\n<p><a href=\"https:\/\/colnect.com\/stamps\/stamp\/263062\">https:\/\/colnect.com\/stamps\/stamp\/263062<\/a><\/p>","protected":false},"excerpt":{"rendered":"<p>Grand Duke of Luxembourg Visits Brazil Pa\u00eds: Brasil C\u00f3digo de cat\u00e1logo: Michel BR 1089 Stamp Number BR 1011 Yvert et Tellier BR 784 Stanley Gibbons BR 1128 RHM BR C-539 Temas: Duques | Duquesas | Hombres | Jefes de Estado | Mujeres | Personajes Famosos Fecha emisi\u00f3n: 1965-09-17 Tama\u00f1o: 45 x 26 mm Colores: Marr\u00f3n &hellip;<\/p>\n<p class=\"read-more\"> <a class=\"thunk-readmore button\" href=\"https:\/\/filatelia.cuentista.es\/en\/product\/sello-brasil-visita-duques-de-luxemburgo-100-cr-marron-usado\"> <span class=\"screen-reader-text\">Sello Brasil 1965 &#8211; Visita Duques de Luxemburgo- 100 Cr$ Marr\u00f3n . Usado<\/span>Read More<\/a><\/p>","protected":false},"featured_media":3138,"comment_status":"open","ping_status":"closed","template":"","meta":{"_acf_changed":false},"product_brand":[],"product_cat":[1294,20],"product_tag":[],"class_list":{"0":"post-3139","1":"product","2":"type-product","3":"status-publish","4":"has-post-thumbnail","6":"product_cat-brasil","7":"product_cat-sellos-usados","8":"thunk-woo-product-list","9":"opn-qv-enable","10":"open-woo-hover-zoom","11":"open-single-product-tab-horizontal","12":"open-shadow-","13":"open-shadow-hover-","15":"first","16":"instock","17":"shipping-taxable","18":"purchasable","19":"product-type-simple"},"acf":[],"jetpack_sharing_enabled":true,"_links":{"self":[{"href":"https:\/\/filatelia.cuentista.es\/en\/wp-json\/wp\/v2\/product\/3139","targetHints":{"allow":["GET"]}}],"collection":[{"href":"https:\/\/filatelia.cuentista.es\/en\/wp-json\/wp\/v2\/product"}],"about":[{"href":"https:\/\/filatelia.cuentista.es\/en\/wp-json\/wp\/v2\/types\/product"}],"replies":[{"embeddable":true,"href":"https:\/\/filatelia.cuentista.es\/en\/wp-json\/wp\/v2\/comments?post=3139"}],"wp:featuredmedia":[{"embeddable":true,"href":"https:\/\/filatelia.cuentista.es\/en\/wp-json\/wp\/v2\/media\/3138"}],"wp:attachment":[{"href":"https:\/\/filatelia.cuentista.es\/en\/wp-json\/wp\/v2\/media?parent=3139"}],"wp:term":[{"taxonomy":"product_brand","embeddable":true,"href":"https:\/\/filatelia.cuentista.es\/en\/wp-json\/wp\/v2\/product_brand?post=3139"},{"taxonomy":"product_cat","embeddable":true,"href":"https:\/\/filatelia.cuentista.es\/en\/wp-json\/wp\/v2\/product_cat?post=3139"},{"taxonomy":"product_tag","embeddable":true,"href":"https:\/\/filatelia.cuentista.es\/en\/wp-json\/wp\/v2\/product_tag?post=3139"}],"curies":[{"name":"wp","href":"https:\/\/api.w.org\/{rel}","templated":true}]}}