{"id":3137,"date":"2024-09-22T03:52:39","date_gmt":"2024-09-22T03:52:39","guid":{"rendered":"https:\/\/filatelia.cuentista.es\/product\/sello-brasil-gian-calvo-100-cr-usado"},"modified":"2024-09-22T03:55:36","modified_gmt":"2024-09-22T03:55:36","slug":"sello-brasil-gian-calvo-100-cr-usado","status":"publish","type":"product","link":"https:\/\/filatelia.cuentista.es\/en\/product\/sello-brasil-gian-calvo-100-cr-usado","title":{"rendered":"Sello Brasil 1973 &#8211; Comunicaciones &#8211; 1,00 Cr$ . Usado"},"content":{"rendered":"<p>Communications<\/p>\n<p><img class=\"size-full\"><\/p>\n<p>Pa\u00eds:<\/p>\n<p>Brasil<\/p>\n<p>Serie:<\/p>\n<p>Telecommunication<\/p>\n<p>C\u00f3digo de cat\u00e1logo:<\/p>\n<p>Michel BR 1364<\/p>\n<p>Stamp Number BR 1282<\/p>\n<p>Yvert et Tellier BR 1047<\/p>\n<p>Stanley Gibbons BR 1432<\/p>\n<p>RHM BR C-779<\/p>\n<p>Temas:<\/p>\n<p>Dioses | Mapas | Telecomunicaciones<\/p>\n<p>Fecha emisi\u00f3n:<\/p>\n<p>1973-05-05<\/p>\n<p>Fecha de caducidad:<\/p>\n<p>1986-02-27<\/p>\n<p>Tama\u00f1o:<\/p>\n<p>44 x 26 mm<\/p>\n<p>Colores:<\/p>\n<p>Multicolor<\/p>\n<p>Marca de agua:<\/p>\n<p>Sin Marca de agua<\/p>\n<p>Dise\u00f1adores:<\/p>\n<p>Gian Calvi<\/p>\n<p>Impresores\/Imprentas:<\/p>\n<p>Casa da Moeda do Brasil<\/p>\n<p>Formato:<\/p>\n<p>Sello<\/p>\n<p>Emisi\u00f3n:<\/p>\n<p>Conmemorativo<\/p>\n<p>Perforaci\u00f3n:<\/p>\n<p>peine11 x 11\u00bd<\/p>\n<p>Impresi\u00f3n:<\/p>\n<p>Litograf\u00eda offset<\/p>\n<p>Papel:<\/p>\n<p>Couch\u00e9<\/p>\n<p>Goma:<\/p>\n<p>Ordinaria<\/p>\n<p>Valor facial:<\/p>\n<p>1 Cruzeiro de Brasil<\/p>\n<p>Tiraje:<\/p>\n<p>500.000<\/p>\n<p>Puntuaci\u00f3n:<\/p>\n<p>46% Precisi\u00f3n: Alta<\/p>\n<p>Descripci\u00f3n:<\/p>\n<p>Map of the Submarine Cape between Recife\/PE and the Canary Islands and Neptune the \u00abRoman God of the Seas\u00bb<\/p>\n<p><a href=\"https:\/\/colnect.com\/stamps\/stamp\/152229\">https:\/\/colnect.com\/stamps\/stamp\/152229<\/a><\/p>","protected":false},"excerpt":{"rendered":"<p>Communications Pa\u00eds: Brasil Serie: Telecommunication C\u00f3digo de cat\u00e1logo: Michel BR 1364 Stamp Number BR 1282 Yvert et Tellier BR 1047 Stanley Gibbons BR 1432 RHM BR C-779 Temas: Dioses | Mapas | Telecomunicaciones Fecha emisi\u00f3n: 1973-05-05 Fecha de caducidad: 1986-02-27 Tama\u00f1o: 44 x 26 mm Colores: Multicolor Marca de agua: Sin Marca de agua Dise\u00f1adores: &hellip;<\/p>\n<p class=\"read-more\"> <a class=\"thunk-readmore button\" href=\"https:\/\/filatelia.cuentista.es\/en\/product\/sello-brasil-gian-calvo-100-cr-usado\"> <span class=\"screen-reader-text\">Sello Brasil 1973 &#8211; Comunicaciones &#8211; 1,00 Cr$ . Usado<\/span>Read More<\/a><\/p>","protected":false},"featured_media":3136,"comment_status":"open","ping_status":"closed","template":"","meta":{"_acf_changed":false},"product_brand":[],"product_cat":[1294,20],"product_tag":[],"class_list":{"0":"post-3137","1":"product","2":"type-product","3":"status-publish","4":"has-post-thumbnail","6":"product_cat-brasil","7":"product_cat-sellos-usados","8":"thunk-woo-product-list","9":"opn-qv-enable","10":"open-woo-hover-zoom","11":"open-single-product-tab-horizontal","12":"open-shadow-","13":"open-shadow-hover-","15":"first","16":"instock","17":"sale","18":"shipping-taxable","19":"purchasable","20":"product-type-simple"},"acf":[],"jetpack_sharing_enabled":true,"_links":{"self":[{"href":"https:\/\/filatelia.cuentista.es\/en\/wp-json\/wp\/v2\/product\/3137","targetHints":{"allow":["GET"]}}],"collection":[{"href":"https:\/\/filatelia.cuentista.es\/en\/wp-json\/wp\/v2\/product"}],"about":[{"href":"https:\/\/filatelia.cuentista.es\/en\/wp-json\/wp\/v2\/types\/product"}],"replies":[{"embeddable":true,"href":"https:\/\/filatelia.cuentista.es\/en\/wp-json\/wp\/v2\/comments?post=3137"}],"wp:featuredmedia":[{"embeddable":true,"href":"https:\/\/filatelia.cuentista.es\/en\/wp-json\/wp\/v2\/media\/3136"}],"wp:attachment":[{"href":"https:\/\/filatelia.cuentista.es\/en\/wp-json\/wp\/v2\/media?parent=3137"}],"wp:term":[{"taxonomy":"product_brand","embeddable":true,"href":"https:\/\/filatelia.cuentista.es\/en\/wp-json\/wp\/v2\/product_brand?post=3137"},{"taxonomy":"product_cat","embeddable":true,"href":"https:\/\/filatelia.cuentista.es\/en\/wp-json\/wp\/v2\/product_cat?post=3137"},{"taxonomy":"product_tag","embeddable":true,"href":"https:\/\/filatelia.cuentista.es\/en\/wp-json\/wp\/v2\/product_tag?post=3137"}],"curies":[{"name":"wp","href":"https:\/\/api.w.org\/{rel}","templated":true}]}}