{"id":3131,"date":"2024-09-22T03:37:28","date_gmt":"2024-09-22T03:37:28","guid":{"rendered":"https:\/\/filatelia.cuentista.es\/product\/sello-brasil-marilia-de-dirceu-2-cts-naranja-usado"},"modified":"2024-11-03T21:21:50","modified_gmt":"2024-11-03T21:21:50","slug":"sello-brasil-marilia-de-dirceu-2-cts-naranja-usado","status":"publish","type":"product","link":"https:\/\/filatelia.cuentista.es\/en\/product\/sello-brasil-marilia-de-dirceu-2-cts-naranja-usado","title":{"rendered":"Sello Brasil 1967 &#8211; Marilia de Dirceu &#8211; 2 Cts Naranja. Usado"},"content":{"rendered":"<p>Marilia de Dirceu (1767-1853)<\/p>\n<p><img class=\"size-full\"><\/p>\n<p>Pa\u00eds:<\/p>\n<p>Brasil<\/p>\n<p>Serie:<\/p>\n<p>Famous Personalities<\/p>\n<p>C\u00f3digo de cat\u00e1logo:<\/p>\n<p>Michel BR 1143<\/p>\n<p>Stamp Number BR 1037<\/p>\n<p>Yvert et Tellier BR 816<\/p>\n<p>Stanley Gibbons BR 1163<\/p>\n<p>RHM BR 527<\/p>\n<p>Temas:<\/p>\n<p>Autores | Gente de Letras (escritores y poetas) | Literatura | Mujeres | Personajes Famosos<\/p>\n<p>Fecha emisi\u00f3n:<\/p>\n<p>1967-08-11<\/p>\n<p>Fecha de caducidad:<\/p>\n<p>1969-12-31<\/p>\n<p>Tama\u00f1o:<\/p>\n<p>22 x 27 mm<\/p>\n<p>Colores:<\/p>\n<p>Marr\u00f3n rojizo<\/p>\n<p>Marca de agua:<\/p>\n<p>CORREIO BRASIL y Estrellas Tipo 1 (Sh) [Up]<\/p>\n<p>Impresores\/Imprentas:<\/p>\n<p>Casa da Moeda do Brasil<\/p>\n<p>Formato:<\/p>\n<p>Sello<\/p>\n<p>Emisi\u00f3n:<\/p>\n<p>Definitivo<\/p>\n<p>Perforaci\u00f3n:<\/p>\n<p>peine11<\/p>\n<p>Impresi\u00f3n:<\/p>\n<p>Fotograbado<\/p>\n<p>Valor facial:<\/p>\n<p>2 Centavo de Brasil<\/p>\n<p>Puntuaci\u00f3n:<\/p>\n<p>5% Precisi\u00f3n: Muy alto<\/p>\n<p>Descripci\u00f3n:<\/p>\n<p>Effigy of Mar\u00edlia de Dirceu &#8211; One of the women involved in the Inconfid\u00eancia Mineira, and fianc\u00e9e of the inconfidente, jurist and poet Tom\u00e1s Ant\u00f4nio Gonzaga. Maria Doroteia Joaquina de Seixas Brand\u00e3o, a young girl of only sixteen, who inspired the composition of the set of poems entitled \u00abMar\u00edlia de Dirceu\u00bb under the pseudonym Pastoril de Dirceu.<\/p>\n","protected":false},"excerpt":{"rendered":"<p>Marilia de Dirceu (1767-1853) Pa\u00eds: Brasil Serie: Famous Personalities C\u00f3digo de cat\u00e1logo: Michel BR 1143 Stamp Number BR 1037 Yvert et Tellier BR 816 Stanley Gibbons BR 1163 RHM BR 527 Temas: Autores | Gente de Letras (escritores y poetas) | Literatura | Mujeres | Personajes Famosos Fecha emisi\u00f3n: 1967-08-11 Fecha de caducidad: 1969-12-31 Tama\u00f1o: &hellip;<\/p>\n<p class=\"read-more\"> <a class=\"thunk-readmore button\" href=\"https:\/\/filatelia.cuentista.es\/en\/product\/sello-brasil-marilia-de-dirceu-2-cts-naranja-usado\"> <span class=\"screen-reader-text\">Sello Brasil 1967 &#8211; Marilia de Dirceu &#8211; 2 Cts Naranja. Usado<\/span>Read More<\/a><\/p>","protected":false},"featured_media":3130,"comment_status":"open","ping_status":"closed","template":"","meta":{"_acf_changed":false},"product_brand":[],"product_cat":[1294,20],"product_tag":[],"class_list":{"0":"post-3131","1":"product","2":"type-product","3":"status-publish","4":"has-post-thumbnail","6":"product_cat-brasil","7":"product_cat-sellos-usados","8":"thunk-woo-product-list","9":"opn-qv-enable","10":"open-woo-hover-zoom","11":"open-single-product-tab-horizontal","12":"open-shadow-","13":"open-shadow-hover-","15":"first","16":"instock","17":"shipping-taxable","18":"purchasable","19":"product-type-simple"},"acf":[],"jetpack_sharing_enabled":true,"_links":{"self":[{"href":"https:\/\/filatelia.cuentista.es\/en\/wp-json\/wp\/v2\/product\/3131","targetHints":{"allow":["GET"]}}],"collection":[{"href":"https:\/\/filatelia.cuentista.es\/en\/wp-json\/wp\/v2\/product"}],"about":[{"href":"https:\/\/filatelia.cuentista.es\/en\/wp-json\/wp\/v2\/types\/product"}],"replies":[{"embeddable":true,"href":"https:\/\/filatelia.cuentista.es\/en\/wp-json\/wp\/v2\/comments?post=3131"}],"wp:featuredmedia":[{"embeddable":true,"href":"https:\/\/filatelia.cuentista.es\/en\/wp-json\/wp\/v2\/media\/3130"}],"wp:attachment":[{"href":"https:\/\/filatelia.cuentista.es\/en\/wp-json\/wp\/v2\/media?parent=3131"}],"wp:term":[{"taxonomy":"product_brand","embeddable":true,"href":"https:\/\/filatelia.cuentista.es\/en\/wp-json\/wp\/v2\/product_brand?post=3131"},{"taxonomy":"product_cat","embeddable":true,"href":"https:\/\/filatelia.cuentista.es\/en\/wp-json\/wp\/v2\/product_cat?post=3131"},{"taxonomy":"product_tag","embeddable":true,"href":"https:\/\/filatelia.cuentista.es\/en\/wp-json\/wp\/v2\/product_tag?post=3131"}],"curies":[{"name":"wp","href":"https:\/\/api.w.org\/{rel}","templated":true}]}}