{"id":3129,"date":"2024-09-22T03:33:57","date_gmt":"2024-09-22T03:33:57","guid":{"rendered":"https:\/\/filatelia.cuentista.es\/product\/sello-brasil-madre-joana-angelica-1-cts-azul-oscuro-usado"},"modified":"2024-09-22T03:35:34","modified_gmt":"2024-09-22T03:35:34","slug":"sello-brasil-madre-joana-angelica-1-cts-azul-oscuro-usado","status":"publish","type":"product","link":"https:\/\/filatelia.cuentista.es\/en\/product\/sello-brasil-madre-joana-angelica-1-cts-azul-oscuro-usado","title":{"rendered":"Sello Brasil 1967 &#8211; Madre Joana Angelica &#8211; 1 Cts Azul Oscuro. Usado"},"content":{"rendered":"<p>Madre Joana Ang\u00e9lica (1762-1822<\/p>\n<p><img class=\"size-full\"><\/p>\n<p>Pa\u00eds:<\/p>\n<p>Brasil<\/p>\n<p>Serie:<\/p>\n<p>Famous Personalities<\/p>\n<p>C\u00f3digo de cat\u00e1logo:<\/p>\n<p>Michel BR 1129<\/p>\n<p>Stamp Number BR 1036<\/p>\n<p>Yvert et Tellier BR 815<\/p>\n<p>Stanley Gibbons BR 1162<\/p>\n<p>RHM BR 526<\/p>\n<p>Temas:<\/p>\n<p>Clero | Mujeres | Personajes Famosos<\/p>\n<p>Fecha emisi\u00f3n:<\/p>\n<p>1967-05-03<\/p>\n<p>Fecha de caducidad:<\/p>\n<p>1969-12-31<\/p>\n<p>Tama\u00f1o:<\/p>\n<p>22 x 27 mm<\/p>\n<p>Colores:<\/p>\n<p>Azul Violeta<\/p>\n<p>Marca de agua:<\/p>\n<p>CORREIO BRASIL y Estrellas Tipo 1 (Sh) [Up]<\/p>\n<p>Impresores\/Imprentas:<\/p>\n<p>Casa da Moeda do Brasil<\/p>\n<p>Formato:<\/p>\n<p>Sello<\/p>\n<p>Emisi\u00f3n:<\/p>\n<p>Definitivo<\/p>\n<p>Perforaci\u00f3n:<\/p>\n<p>peine11<\/p>\n<p>Impresi\u00f3n:<\/p>\n<p>Fotograbado<\/p>\n<p>Valor facial:<\/p>\n<p>1 Centavo de Brasil<\/p>\n<p>Puntuaci\u00f3n:<\/p>\n<p>8% Precisi\u00f3n: Muy alto<\/p>\n<p>Descripci\u00f3n:<\/p>\n<p>Effigy of Mother Joana Ang\u00e9lica &#8211; When invading the Lapa Convent, the Portuguese soldiers broke down the doors with axes and killed the Abbess Soror Joana Ang\u00e9lica de Jesus at the cloister door and entered the religious temple. On July 26, 2018, she was declared a Heroine of the Brazilian Homeland.<\/p>\n","protected":false},"excerpt":{"rendered":"<p>Madre Joana Ang\u00e9lica (1762-1822 Pa\u00eds: Brasil Serie: Famous Personalities C\u00f3digo de cat\u00e1logo: Michel BR 1129 Stamp Number BR 1036 Yvert et Tellier BR 815 Stanley Gibbons BR 1162 RHM BR 526 Temas: Clero | Mujeres | Personajes Famosos Fecha emisi\u00f3n: 1967-05-03 Fecha de caducidad: 1969-12-31 Tama\u00f1o: 22 x 27 mm Colores: Azul Violeta Marca de &hellip;<\/p>\n<p class=\"read-more\"> <a class=\"thunk-readmore button\" href=\"https:\/\/filatelia.cuentista.es\/en\/product\/sello-brasil-madre-joana-angelica-1-cts-azul-oscuro-usado\"> <span class=\"screen-reader-text\">Sello Brasil 1967 &#8211; Madre Joana Angelica &#8211; 1 Cts Azul Oscuro. Usado<\/span>Read More<\/a><\/p>","protected":false},"featured_media":3128,"comment_status":"open","ping_status":"closed","template":"","meta":{"_acf_changed":false},"product_brand":[],"product_cat":[1294,20],"product_tag":[55,1333],"class_list":{"0":"post-3129","1":"product","2":"type-product","3":"status-publish","4":"has-post-thumbnail","6":"product_cat-brasil","7":"product_cat-sellos-usados","8":"product_tag-mujer","9":"product_tag-religiosa","10":"thunk-woo-product-list","11":"opn-qv-enable","12":"open-woo-hover-zoom","13":"open-single-product-tab-horizontal","14":"open-shadow-","15":"open-shadow-hover-","17":"first","18":"instock","19":"shipping-taxable","20":"purchasable","21":"product-type-simple"},"acf":[],"jetpack_sharing_enabled":true,"_links":{"self":[{"href":"https:\/\/filatelia.cuentista.es\/en\/wp-json\/wp\/v2\/product\/3129","targetHints":{"allow":["GET"]}}],"collection":[{"href":"https:\/\/filatelia.cuentista.es\/en\/wp-json\/wp\/v2\/product"}],"about":[{"href":"https:\/\/filatelia.cuentista.es\/en\/wp-json\/wp\/v2\/types\/product"}],"replies":[{"embeddable":true,"href":"https:\/\/filatelia.cuentista.es\/en\/wp-json\/wp\/v2\/comments?post=3129"}],"wp:featuredmedia":[{"embeddable":true,"href":"https:\/\/filatelia.cuentista.es\/en\/wp-json\/wp\/v2\/media\/3128"}],"wp:attachment":[{"href":"https:\/\/filatelia.cuentista.es\/en\/wp-json\/wp\/v2\/media?parent=3129"}],"wp:term":[{"taxonomy":"product_brand","embeddable":true,"href":"https:\/\/filatelia.cuentista.es\/en\/wp-json\/wp\/v2\/product_brand?post=3129"},{"taxonomy":"product_cat","embeddable":true,"href":"https:\/\/filatelia.cuentista.es\/en\/wp-json\/wp\/v2\/product_cat?post=3129"},{"taxonomy":"product_tag","embeddable":true,"href":"https:\/\/filatelia.cuentista.es\/en\/wp-json\/wp\/v2\/product_tag?post=3129"}],"curies":[{"name":"wp","href":"https:\/\/api.w.org\/{rel}","templated":true}]}}