{"id":3125,"date":"2024-09-22T03:27:09","date_gmt":"2024-09-22T03:27:09","guid":{"rendered":"https:\/\/filatelia.cuentista.es\/product\/sello-brasil-darcy-vargas-10-cts-negro-usado"},"modified":"2024-09-22T03:29:10","modified_gmt":"2024-09-22T03:29:10","slug":"sello-brasil-darcy-vargas-10-cts-negro-usado","status":"publish","type":"product","link":"https:\/\/filatelia.cuentista.es\/en\/product\/sello-brasil-darcy-vargas-10-cts-negro-usado","title":{"rendered":"Sello Brasil 1969  &#8211; Darcy Vargas &#8211; 10 Cts Negro . Usado"},"content":{"rendered":"<p>Darcy Vargas<\/p>\n<p><img class=\"size-full\"><\/p>\n<p>Pa\u00eds:<\/p>\n<p>Brasil<\/p>\n<p>Serie:<\/p>\n<p>Famous Personalities<\/p>\n<p>C\u00f3digo de cat\u00e1logo:<\/p>\n<p>Michel BR 1214<\/p>\n<p>Stamp Number BR 1041<\/p>\n<p>Yvert et Tellier BR 819A<\/p>\n<p>Stanley Gibbons BR 1167<\/p>\n<p>RHM BR 531<\/p>\n<p>Temas:<\/p>\n<p>Mujeres | Personajes Famosos | Pol\u00edticos<\/p>\n<p>Fecha emisi\u00f3n:<\/p>\n<p>1969-06-18<\/p>\n<p>Fecha de caducidad:<\/p>\n<p>1969-12-31<\/p>\n<p>Tama\u00f1o:<\/p>\n<p>22 x 27 mm<\/p>\n<p>Colores:<\/p>\n<p>Verde Azul Negro<\/p>\n<p>Marca de agua:<\/p>\n<p>CORREIO BRASIL y Estrellas Tipo 1 (Sh) [Up]<\/p>\n<p>Impresores\/Imprentas:<\/p>\n<p>Casa da Moeda do Brasil<\/p>\n<p>Formato:<\/p>\n<p>Sello<\/p>\n<p>Emisi\u00f3n:<\/p>\n<p>Definitivo<\/p>\n<p>Perforaci\u00f3n:<\/p>\n<p>peine11<\/p>\n<p>Impresi\u00f3n:<\/p>\n<p>Fotograbado<\/p>\n<p>Valor facial:<\/p>\n<p>10 Centavo de Brasil<\/p>\n<p>Tiraje:<\/p>\n<p>1.000.000<\/p>\n<p>Puntuaci\u00f3n:<\/p>\n<p>19% Precisi\u00f3n: Muy alto<\/p>\n<p>Descripci\u00f3n:<\/p>\n<p>Effigy of Darcy Vargas ( Darcy Sarmanho Vargas) &#8211; Married Get\u00falio Dorneles Vargas (President of Brazil) in 1911. She was First Lady of Brazil for 18 years. During this period, she founded the following organizations: \u00abDarcy Vargas Foundation\u00bb, \u00abCasa do Pequeno Jornaleiro\u00bb y \u00abBrazilian Assistance Legion\u00bb.<\/p>\n","protected":false},"excerpt":{"rendered":"<p>Darcy Vargas Pa\u00eds: Brasil Serie: Famous Personalities C\u00f3digo de cat\u00e1logo: Michel BR 1214 Stamp Number BR 1041 Yvert et Tellier BR 819A Stanley Gibbons BR 1167 RHM BR 531 Temas: Mujeres | Personajes Famosos | Pol\u00edticos Fecha emisi\u00f3n: 1969-06-18 Fecha de caducidad: 1969-12-31 Tama\u00f1o: 22 x 27 mm Colores: Verde Azul Negro Marca de agua: &hellip;<\/p>\n<p class=\"read-more\"> <a class=\"thunk-readmore button\" href=\"https:\/\/filatelia.cuentista.es\/en\/product\/sello-brasil-darcy-vargas-10-cts-negro-usado\"> <span class=\"screen-reader-text\">Sello Brasil 1969  &#8211; Darcy Vargas &#8211; 10 Cts Negro . Usado<\/span>Read More<\/a><\/p>","protected":false},"featured_media":3124,"comment_status":"open","ping_status":"closed","template":"","meta":{"_acf_changed":false},"product_brand":[],"product_cat":[1294,20],"product_tag":[],"class_list":{"0":"post-3125","1":"product","2":"type-product","3":"status-publish","4":"has-post-thumbnail","6":"product_cat-brasil","7":"product_cat-sellos-usados","8":"thunk-woo-product-list","9":"opn-qv-enable","10":"open-woo-hover-zoom","11":"open-single-product-tab-horizontal","12":"open-shadow-","13":"open-shadow-hover-","15":"first","16":"instock","17":"sale","18":"shipping-taxable","19":"purchasable","20":"product-type-simple"},"acf":[],"jetpack_sharing_enabled":true,"_links":{"self":[{"href":"https:\/\/filatelia.cuentista.es\/en\/wp-json\/wp\/v2\/product\/3125","targetHints":{"allow":["GET"]}}],"collection":[{"href":"https:\/\/filatelia.cuentista.es\/en\/wp-json\/wp\/v2\/product"}],"about":[{"href":"https:\/\/filatelia.cuentista.es\/en\/wp-json\/wp\/v2\/types\/product"}],"replies":[{"embeddable":true,"href":"https:\/\/filatelia.cuentista.es\/en\/wp-json\/wp\/v2\/comments?post=3125"}],"wp:featuredmedia":[{"embeddable":true,"href":"https:\/\/filatelia.cuentista.es\/en\/wp-json\/wp\/v2\/media\/3124"}],"wp:attachment":[{"href":"https:\/\/filatelia.cuentista.es\/en\/wp-json\/wp\/v2\/media?parent=3125"}],"wp:term":[{"taxonomy":"product_brand","embeddable":true,"href":"https:\/\/filatelia.cuentista.es\/en\/wp-json\/wp\/v2\/product_brand?post=3125"},{"taxonomy":"product_cat","embeddable":true,"href":"https:\/\/filatelia.cuentista.es\/en\/wp-json\/wp\/v2\/product_cat?post=3125"},{"taxonomy":"product_tag","embeddable":true,"href":"https:\/\/filatelia.cuentista.es\/en\/wp-json\/wp\/v2\/product_tag?post=3125"}],"curies":[{"name":"wp","href":"https:\/\/api.w.org\/{rel}","templated":true}]}}