{"id":3123,"date":"2024-09-21T21:09:10","date_gmt":"2024-09-21T21:09:10","guid":{"rendered":"https:\/\/filatelia.cuentista.es\/product\/sello-brasil-anita-garibaldi-5-cts-negro-usado"},"modified":"2024-09-22T12:04:44","modified_gmt":"2024-09-22T12:04:44","slug":"sello-brasil-anita-garibaldi-5-cts-negro-usado","status":"publish","type":"product","link":"https:\/\/filatelia.cuentista.es\/en\/product\/sello-brasil-anita-garibaldi-5-cts-negro-usado","title":{"rendered":"Sello Brasil 1969 &#8211; Anita Garibaldi &#8211; 5 Cts Negro, usado"},"content":{"rendered":"<p>Anita Garibaldi (1821~1849)<\/p>\n<p><img class=\"size-full\"><\/p>\n<p>Pa\u00eds:<\/p>\n<p>Brasil<\/p>\n<p>Serie:<\/p>\n<p>Famous Personalities<\/p>\n<p>C\u00f3digo de cat\u00e1logo:<\/p>\n<p>Michel BR 1131<\/p>\n<p>Stamp Number BR 1039<\/p>\n<p>Yvert et Tellier BR 818<\/p>\n<p>Stanley Gibbons BR 1165<\/p>\n<p>RHM BR 529<\/p>\n<p>Temas:<\/p>\n<p>Corona de Laureles | Luchadores por la Libertad | Mujeres | Personajes Famosos<\/p>\n<p>Fecha emisi\u00f3n:<\/p>\n<p>1967-04-14<\/p>\n<p>Fecha de caducidad:<\/p>\n<p>1969-12-31<\/p>\n<p>Tama\u00f1o:<\/p>\n<p>22 x 27 mm<\/p>\n<p>Colores:<\/p>\n<p>Negro<\/p>\n<p>Marca de agua:<\/p>\n<p>CORREIO BRASIL y Estrellas Tipo 1 (Sh) [Up]<\/p>\n<p>Impresores\/Imprentas:<\/p>\n<p>Casa da Moeda do Brasil<\/p>\n<p>Formato:<\/p>\n<p>Sello<\/p>\n<p>Emisi\u00f3n:<\/p>\n<p>Definitivo<\/p>\n<p>Perforaci\u00f3n:<\/p>\n<p>peine11<\/p>\n<p>Impresi\u00f3n:<\/p>\n<p>Fotograbado<\/p>\n<p>Valor facial:<\/p>\n<p>5 Centavo de Brasil<\/p>\n<p>Puntuaci\u00f3n:<\/p>\n<p>2% Precisi\u00f3n: Muy alto<\/p>\n<p>Descripci\u00f3n:<\/p>\n<p>Effigy of Anita Garibaldi (Ana Maria de Jesus Ribeiro) &#8211; She was the \u00abHeroine of the Two Worlds\u00bb. She received this title for having taken part in various battles in Brazil and Italy alongside her husband Giuseppe Garibaldi. She fought in the Farroupilha Revolution (War of the Farrapos), the Battle of Curitibanos and the Battle of Gianicolo, in Italy.<\/p>\n<p><a href=\"https:\/\/colnect.com\/stamps\/stamp\/152218\">https:\/\/colnect.com\/stamps\/stamp\/152218<\/a><\/p>\n","protected":false},"excerpt":{"rendered":"<p>Anita Garibaldi (1821~1849) Pa\u00eds: Brasil Serie: Famous Personalities C\u00f3digo de cat\u00e1logo: Michel BR 1131 Stamp Number BR 1039 Yvert et Tellier BR 818 Stanley Gibbons BR 1165 RHM BR 529 Temas: Corona de Laureles | Luchadores por la Libertad | Mujeres | Personajes Famosos Fecha emisi\u00f3n: 1967-04-14 Fecha de caducidad: 1969-12-31 Tama\u00f1o: 22 x 27 &hellip;<\/p>\n<p class=\"read-more\"> <a class=\"thunk-readmore button\" href=\"https:\/\/filatelia.cuentista.es\/en\/product\/sello-brasil-anita-garibaldi-5-cts-negro-usado\"> <span class=\"screen-reader-text\">Sello Brasil 1969 &#8211; Anita Garibaldi &#8211; 5 Cts Negro, usado<\/span>Read More<\/a><\/p>","protected":false},"featured_media":3122,"comment_status":"open","ping_status":"closed","template":"","meta":{"_acf_changed":false},"product_brand":[],"product_cat":[1294,20],"product_tag":[],"class_list":{"0":"post-3123","1":"product","2":"type-product","3":"status-publish","4":"has-post-thumbnail","6":"product_cat-brasil","7":"product_cat-sellos-usados","8":"thunk-woo-product-list","9":"opn-qv-enable","10":"open-woo-hover-zoom","11":"open-single-product-tab-horizontal","12":"open-shadow-","13":"open-shadow-hover-","15":"first","16":"instock","17":"shipping-taxable","18":"purchasable","19":"product-type-simple"},"acf":[],"jetpack_sharing_enabled":true,"_links":{"self":[{"href":"https:\/\/filatelia.cuentista.es\/en\/wp-json\/wp\/v2\/product\/3123","targetHints":{"allow":["GET"]}}],"collection":[{"href":"https:\/\/filatelia.cuentista.es\/en\/wp-json\/wp\/v2\/product"}],"about":[{"href":"https:\/\/filatelia.cuentista.es\/en\/wp-json\/wp\/v2\/types\/product"}],"replies":[{"embeddable":true,"href":"https:\/\/filatelia.cuentista.es\/en\/wp-json\/wp\/v2\/comments?post=3123"}],"wp:featuredmedia":[{"embeddable":true,"href":"https:\/\/filatelia.cuentista.es\/en\/wp-json\/wp\/v2\/media\/3122"}],"wp:attachment":[{"href":"https:\/\/filatelia.cuentista.es\/en\/wp-json\/wp\/v2\/media?parent=3123"}],"wp:term":[{"taxonomy":"product_brand","embeddable":true,"href":"https:\/\/filatelia.cuentista.es\/en\/wp-json\/wp\/v2\/product_brand?post=3123"},{"taxonomy":"product_cat","embeddable":true,"href":"https:\/\/filatelia.cuentista.es\/en\/wp-json\/wp\/v2\/product_cat?post=3123"},{"taxonomy":"product_tag","embeddable":true,"href":"https:\/\/filatelia.cuentista.es\/en\/wp-json\/wp\/v2\/product_tag?post=3123"}],"curies":[{"name":"wp","href":"https:\/\/api.w.org\/{rel}","templated":true}]}}