{"id":3117,"date":"2024-09-21T20:55:57","date_gmt":"2024-09-21T20:55:57","guid":{"rendered":"https:\/\/filatelia.cuentista.es\/product\/sello-brasil-euclides-da-cunha-3000-cr-azul-usado"},"modified":"2024-09-22T12:07:20","modified_gmt":"2024-09-22T12:07:20","slug":"sello-brasil-euclides-da-cunha-3000-cr-azul-usado","status":"publish","type":"product","link":"https:\/\/filatelia.cuentista.es\/en\/product\/sello-brasil-euclides-da-cunha-3000-cr-azul-usado","title":{"rendered":"Sello Brasil 1966 &#8211; Euclides da Cunha &#8211; 30,00 Cr$ Azul . Usado"},"content":{"rendered":"<p>Euclides da Cunha<\/p>\n<p><img class=\"size-full\"><\/p>\n<p>Pa\u00eds:<\/p>\n<p>Brasil<\/p>\n<p>Serie:<\/p>\n<p>Politics<\/p>\n<p>C\u00f3digo de cat\u00e1logo:<\/p>\n<p>Michel BR 1066<\/p>\n<p>Stamp Number BR 989<\/p>\n<p>Yvert et Tellier BR 791<\/p>\n<p>Stanley Gibbons BR 1073a<\/p>\n<p>RHM BR 520<\/p>\n<p>Temas:<\/p>\n<p>Autores | Gente de Letras (escritores y poetas) | Hombres | Literatura | Personajes Famosos<\/p>\n<p>Fecha emisi\u00f3n:<\/p>\n<p>1966-01-20<\/p>\n<p>Fecha de caducidad:<\/p>\n<p>1967-12-31<\/p>\n<p>Tama\u00f1o:<\/p>\n<p>22 x 27 mm<\/p>\n<p>Colores:<\/p>\n<p>Azul Verde<\/p>\n<p>Marca de agua:<\/p>\n<p>CORREIO BRASIL y Estrellas Tipo 1 (Sh) [Up]<\/p>\n<p>Impresores\/Imprentas:<\/p>\n<p>Casa da Moeda do Brasil<\/p>\n<p>Formato:<\/p>\n<p>Sello<\/p>\n<p>Emisi\u00f3n:<\/p>\n<p>Definitivo<\/p>\n<p>Perforaci\u00f3n:<\/p>\n<p>peine11 x 11\u00bd<\/p>\n<p>Impresi\u00f3n:<\/p>\n<p>Fotograbado<\/p>\n<p>Valor facial:<\/p>\n<p>30 Cruzeiro de Brasil<\/p>\n<p>Puntuaci\u00f3n:<\/p>\n<p>31% Precisi\u00f3n: Alta<\/p>\n<p>Descripci\u00f3n:<\/p>\n<p>Effigy of Euclides da Cunha: Brazilian military engineer, journalist, essayist and historian. Author of \u00abOs Sert\u00f5es\u00bb (1902), a landmark in Brazilian literary life and a classic of Latin American literature. Member of the Brazilian Academy of Letters<\/p>\n","protected":false},"excerpt":{"rendered":"<p>Euclides da Cunha Pa\u00eds: Brasil Serie: Politics C\u00f3digo de cat\u00e1logo: Michel BR 1066 Stamp Number BR 989 Yvert et Tellier BR 791 Stanley Gibbons BR 1073a RHM BR 520 Temas: Autores | Gente de Letras (escritores y poetas) | Hombres | Literatura | Personajes Famosos Fecha emisi\u00f3n: 1966-01-20 Fecha de caducidad: 1967-12-31 Tama\u00f1o: 22 x &hellip;<\/p>\n<p class=\"read-more\"> <a class=\"thunk-readmore button\" href=\"https:\/\/filatelia.cuentista.es\/en\/product\/sello-brasil-euclides-da-cunha-3000-cr-azul-usado\"> <span class=\"screen-reader-text\">Sello Brasil 1966 &#8211; Euclides da Cunha &#8211; 30,00 Cr$ Azul . Usado<\/span>Read More<\/a><\/p>","protected":false},"featured_media":3116,"comment_status":"open","ping_status":"closed","template":"","meta":{"_acf_changed":false},"product_brand":[],"product_cat":[1294,20],"product_tag":[],"class_list":{"0":"post-3117","1":"product","2":"type-product","3":"status-publish","4":"has-post-thumbnail","6":"product_cat-brasil","7":"product_cat-sellos-usados","8":"thunk-woo-product-list","9":"opn-qv-enable","10":"open-woo-hover-zoom","11":"open-single-product-tab-horizontal","12":"open-shadow-","13":"open-shadow-hover-","15":"first","16":"instock","17":"sale","18":"shipping-taxable","19":"purchasable","20":"product-type-simple"},"acf":[],"jetpack_sharing_enabled":true,"_links":{"self":[{"href":"https:\/\/filatelia.cuentista.es\/en\/wp-json\/wp\/v2\/product\/3117","targetHints":{"allow":["GET"]}}],"collection":[{"href":"https:\/\/filatelia.cuentista.es\/en\/wp-json\/wp\/v2\/product"}],"about":[{"href":"https:\/\/filatelia.cuentista.es\/en\/wp-json\/wp\/v2\/types\/product"}],"replies":[{"embeddable":true,"href":"https:\/\/filatelia.cuentista.es\/en\/wp-json\/wp\/v2\/comments?post=3117"}],"wp:featuredmedia":[{"embeddable":true,"href":"https:\/\/filatelia.cuentista.es\/en\/wp-json\/wp\/v2\/media\/3116"}],"wp:attachment":[{"href":"https:\/\/filatelia.cuentista.es\/en\/wp-json\/wp\/v2\/media?parent=3117"}],"wp:term":[{"taxonomy":"product_brand","embeddable":true,"href":"https:\/\/filatelia.cuentista.es\/en\/wp-json\/wp\/v2\/product_brand?post=3117"},{"taxonomy":"product_cat","embeddable":true,"href":"https:\/\/filatelia.cuentista.es\/en\/wp-json\/wp\/v2\/product_cat?post=3117"},{"taxonomy":"product_tag","embeddable":true,"href":"https:\/\/filatelia.cuentista.es\/en\/wp-json\/wp\/v2\/product_tag?post=3117"}],"curies":[{"name":"wp","href":"https:\/\/api.w.org\/{rel}","templated":true}]}}