{"id":3115,"date":"2024-09-21T20:53:23","date_gmt":"2024-09-21T20:53:23","guid":{"rendered":"https:\/\/filatelia.cuentista.es\/product\/sello-brasil-d-pedro-i-50000-cr-marron-usado"},"modified":"2024-09-21T21:01:13","modified_gmt":"2024-09-21T21:01:13","slug":"sello-brasil-d-pedro-i-50000-cr-marron-usado","status":"publish","type":"product","link":"https:\/\/filatelia.cuentista.es\/en\/product\/sello-brasil-d-pedro-i-50000-cr-marron-usado","title":{"rendered":"Sello Brasil 1965 &#8211; D. Pedro I &#8211; 500,00 Cr$ Marr\u00f3n . Usado"},"content":{"rendered":"<p>Dom Pedro I<\/p>\n<p><img class=\"size-full\"><\/p>\n<p>Pa\u00eds:<\/p>\n<p>Brasil<\/p>\n<p>Serie:<\/p>\n<p>Politics<\/p>\n<p>C\u00f3digo de cat\u00e1logo:<\/p>\n<p>Michel BR 1070<\/p>\n<p>Stamp Number BR 992<\/p>\n<p>Yvert et Tellier BR 768<\/p>\n<p>Stanley Gibbons BR 1073e<\/p>\n<p>RHM BR 524<\/p>\n<p>Temas:<\/p>\n<p>Emperadores | Hombres | Jefes de Estado | Personajes Famosos<\/p>\n<p>Fecha emisi\u00f3n:<\/p>\n<p>1965-01-29<\/p>\n<p>Fecha de caducidad:<\/p>\n<p>1967-12-31<\/p>\n<p>Tama\u00f1o:<\/p>\n<p>23 x 27 mm<\/p>\n<p>Colores:<\/p>\n<p>Rojo marr\u00f3n<\/p>\n<p>Marca de agua:<\/p>\n<p>CORREIO BRASIL y Estrellas Tipo 1 (Sh) [Up]<\/p>\n<p>Impresores\/Imprentas:<\/p>\n<p>Casa da Moeda do Brasil<\/p>\n<p>Formato:<\/p>\n<p>Sello<\/p>\n<p>Emisi\u00f3n:<\/p>\n<p>Definitivo<\/p>\n<p>Perforaci\u00f3n:<\/p>\n<p>peine10\u00be x 11\u00bd<\/p>\n<p>Impresi\u00f3n:<\/p>\n<p>Fotograbado<\/p>\n<p>Valor facial:<\/p>\n<p>500 Cruzeiro de Brasil<\/p>\n<p>Puntuaci\u00f3n:<\/p>\n<p>10% Precisi\u00f3n: Muy alto<\/p>\n<p>Descripci\u00f3n:<\/p>\n<p>Effigy of Dom Pedro I: First Emperor of Brazil, ruled between October 12, 1822 and April 7, 1831, the date of his abdication. He declared Brazil&#8217;s independence on September 7, 1822, and granted the first Brazilian Constitution<\/p>\n","protected":false},"excerpt":{"rendered":"<p>Dom Pedro I Pa\u00eds: Brasil Serie: Politics C\u00f3digo de cat\u00e1logo: Michel BR 1070 Stamp Number BR 992 Yvert et Tellier BR 768 Stanley Gibbons BR 1073e RHM BR 524 Temas: Emperadores | Hombres | Jefes de Estado | Personajes Famosos Fecha emisi\u00f3n: 1965-01-29 Fecha de caducidad: 1967-12-31 Tama\u00f1o: 23 x 27 mm Colores: Rojo marr\u00f3n &hellip;<\/p>\n<p class=\"read-more\"> <a class=\"thunk-readmore button\" href=\"https:\/\/filatelia.cuentista.es\/en\/product\/sello-brasil-d-pedro-i-50000-cr-marron-usado\"> <span class=\"screen-reader-text\">Sello Brasil 1965 &#8211; D. Pedro I &#8211; 500,00 Cr$ Marr\u00f3n . Usado<\/span>Read More<\/a><\/p>","protected":false},"featured_media":3114,"comment_status":"open","ping_status":"closed","template":"","meta":{"_acf_changed":false},"product_brand":[],"product_cat":[1294,20],"product_tag":[],"class_list":{"0":"post-3115","1":"product","2":"type-product","3":"status-publish","4":"has-post-thumbnail","6":"product_cat-brasil","7":"product_cat-sellos-usados","8":"thunk-woo-product-list","9":"opn-qv-enable","10":"open-woo-hover-zoom","11":"open-single-product-tab-horizontal","12":"open-shadow-","13":"open-shadow-hover-","15":"first","16":"instock","17":"shipping-taxable","18":"purchasable","19":"product-type-simple"},"acf":[],"jetpack_sharing_enabled":true,"_links":{"self":[{"href":"https:\/\/filatelia.cuentista.es\/en\/wp-json\/wp\/v2\/product\/3115","targetHints":{"allow":["GET"]}}],"collection":[{"href":"https:\/\/filatelia.cuentista.es\/en\/wp-json\/wp\/v2\/product"}],"about":[{"href":"https:\/\/filatelia.cuentista.es\/en\/wp-json\/wp\/v2\/types\/product"}],"replies":[{"embeddable":true,"href":"https:\/\/filatelia.cuentista.es\/en\/wp-json\/wp\/v2\/comments?post=3115"}],"wp:featuredmedia":[{"embeddable":true,"href":"https:\/\/filatelia.cuentista.es\/en\/wp-json\/wp\/v2\/media\/3114"}],"wp:attachment":[{"href":"https:\/\/filatelia.cuentista.es\/en\/wp-json\/wp\/v2\/media?parent=3115"}],"wp:term":[{"taxonomy":"product_brand","embeddable":true,"href":"https:\/\/filatelia.cuentista.es\/en\/wp-json\/wp\/v2\/product_brand?post=3115"},{"taxonomy":"product_cat","embeddable":true,"href":"https:\/\/filatelia.cuentista.es\/en\/wp-json\/wp\/v2\/product_cat?post=3115"},{"taxonomy":"product_tag","embeddable":true,"href":"https:\/\/filatelia.cuentista.es\/en\/wp-json\/wp\/v2\/product_tag?post=3115"}],"curies":[{"name":"wp","href":"https:\/\/api.w.org\/{rel}","templated":true}]}}