{"id":3113,"date":"2024-09-21T20:51:15","date_gmt":"2024-09-21T20:51:15","guid":{"rendered":"https:\/\/filatelia.cuentista.es\/product\/sello-brasil-goncalves-dias-10009-cr-azul-usado"},"modified":"2024-09-21T21:00:58","modified_gmt":"2024-09-21T21:00:58","slug":"sello-brasil-goncalves-dias-10009-cr-azul-usado","status":"publish","type":"product","link":"https:\/\/filatelia.cuentista.es\/en\/product\/sello-brasil-goncalves-dias-10009-cr-azul-usado","title":{"rendered":"Sello Brasil 1965 &#8211; Gon\u00e7alves D\u00edas &#8211; 100,09 Cr$ Azul. Usado"},"content":{"rendered":"<p>Gon\u00e7alves Dias<\/p>\n<p><img class=\"size-full\"><\/p>\n<p>Pa\u00eds:<\/p>\n<p>Brasil<\/p>\n<p>Serie:<\/p>\n<p>Politics<\/p>\n<p>C\u00f3digo de cat\u00e1logo:<\/p>\n<p>Michel BR 1068<\/p>\n<p>Stamp Number BR 990<\/p>\n<p>Yvert et Tellier BR 766<\/p>\n<p>Stanley Gibbons BR 1073c<\/p>\n<p>RHM BR 522<\/p>\n<p>Temas:<\/p>\n<p>Autores | Gente de Letras (escritores y poetas) | Hombres | Literatura | Personajes Famosos<\/p>\n<p>Fecha emisi\u00f3n:<\/p>\n<p>1965-02-10<\/p>\n<p>Fecha de caducidad:<\/p>\n<p>1967-12-31<\/p>\n<p>Tama\u00f1o:<\/p>\n<p>22 x 27 mm<\/p>\n<p>Colores:<\/p>\n<p>Azul<\/p>\n<p>Marca de agua:<\/p>\n<p>CORREIO BRASIL y Estrellas Tipo 1 (Sh) [Up]<\/p>\n<p>Impresores\/Imprentas:<\/p>\n<p>Casa da Moeda do Brasil<\/p>\n<p>Formato:<\/p>\n<p>Sello<\/p>\n<p>Emisi\u00f3n:<\/p>\n<p>Definitivo<\/p>\n<p>Perforaci\u00f3n:<\/p>\n<p>peine11 x 11\u00bd<\/p>\n<p>Impresi\u00f3n:<\/p>\n<p>Fotograbado<\/p>\n<p>Valor facial:<\/p>\n<p>100 Cruzeiro de Brasil<\/p>\n<p>Puntuaci\u00f3n:<\/p>\n<p>7% Precisi\u00f3n: Muy alto<\/p>\n<p>Descripci\u00f3n:<\/p>\n<p>Effigy of Ant\u00f4nio Gon\u00e7alves Dias: Brazilian writer and poet, his work, generally divided into lyrical, medieval and nationalist, includes \u00abI-juca Pirama\u00bb, \u00abOs Tibiramas\u00bb y \u00abCan\u00e7\u00e3o do Tamoio\u00bb<\/p>\n","protected":false},"excerpt":{"rendered":"<p>Gon\u00e7alves Dias Pa\u00eds: Brasil Serie: Politics C\u00f3digo de cat\u00e1logo: Michel BR 1068 Stamp Number BR 990 Yvert et Tellier BR 766 Stanley Gibbons BR 1073c RHM BR 522 Temas: Autores | Gente de Letras (escritores y poetas) | Hombres | Literatura | Personajes Famosos Fecha emisi\u00f3n: 1965-02-10 Fecha de caducidad: 1967-12-31 Tama\u00f1o: 22 x 27 &hellip;<\/p>\n<p class=\"read-more\"> <a class=\"thunk-readmore button\" href=\"https:\/\/filatelia.cuentista.es\/en\/product\/sello-brasil-goncalves-dias-10009-cr-azul-usado\"> <span class=\"screen-reader-text\">Sello Brasil 1965 &#8211; Gon\u00e7alves D\u00edas &#8211; 100,09 Cr$ Azul. Usado<\/span>Read More<\/a><\/p>","protected":false},"featured_media":3112,"comment_status":"open","ping_status":"closed","template":"","meta":{"_acf_changed":false},"product_brand":[],"product_cat":[1294,20],"product_tag":[],"class_list":{"0":"post-3113","1":"product","2":"type-product","3":"status-publish","4":"has-post-thumbnail","6":"product_cat-brasil","7":"product_cat-sellos-usados","8":"thunk-woo-product-list","9":"opn-qv-enable","10":"open-woo-hover-zoom","11":"open-single-product-tab-horizontal","12":"open-shadow-","13":"open-shadow-hover-","15":"first","16":"instock","17":"shipping-taxable","18":"purchasable","19":"product-type-simple"},"acf":[],"jetpack_sharing_enabled":true,"_links":{"self":[{"href":"https:\/\/filatelia.cuentista.es\/en\/wp-json\/wp\/v2\/product\/3113","targetHints":{"allow":["GET"]}}],"collection":[{"href":"https:\/\/filatelia.cuentista.es\/en\/wp-json\/wp\/v2\/product"}],"about":[{"href":"https:\/\/filatelia.cuentista.es\/en\/wp-json\/wp\/v2\/types\/product"}],"replies":[{"embeddable":true,"href":"https:\/\/filatelia.cuentista.es\/en\/wp-json\/wp\/v2\/comments?post=3113"}],"wp:featuredmedia":[{"embeddable":true,"href":"https:\/\/filatelia.cuentista.es\/en\/wp-json\/wp\/v2\/media\/3112"}],"wp:attachment":[{"href":"https:\/\/filatelia.cuentista.es\/en\/wp-json\/wp\/v2\/media?parent=3113"}],"wp:term":[{"taxonomy":"product_brand","embeddable":true,"href":"https:\/\/filatelia.cuentista.es\/en\/wp-json\/wp\/v2\/product_brand?post=3113"},{"taxonomy":"product_cat","embeddable":true,"href":"https:\/\/filatelia.cuentista.es\/en\/wp-json\/wp\/v2\/product_cat?post=3113"},{"taxonomy":"product_tag","embeddable":true,"href":"https:\/\/filatelia.cuentista.es\/en\/wp-json\/wp\/v2\/product_tag?post=3113"}],"curies":[{"name":"wp","href":"https:\/\/api.w.org\/{rel}","templated":true}]}}