{"id":3111,"date":"2024-09-21T20:47:01","date_gmt":"2024-09-21T20:47:01","guid":{"rendered":"https:\/\/filatelia.cuentista.es\/product\/sello-brasil-tiradentes-20000-cr-naranja-usado"},"modified":"2024-10-20T17:40:50","modified_gmt":"2024-10-20T17:40:50","slug":"sello-brasil-tiradentes-20000-cr-naranja-usado","status":"publish","type":"product","link":"https:\/\/filatelia.cuentista.es\/en\/product\/sello-brasil-tiradentes-20000-cr-naranja-usado","title":{"rendered":"Sello Brasil 1965 &#8211; Tiradentes &#8211; 200,00 Cr$ Naranja . Usado"},"content":{"rendered":"<p>Tiradentes<\/p>\n<p><img class=\"size-full\"><\/p>\n<p>Pa\u00eds:<\/p>\n<p>Brasil<\/p>\n<p>Serie:<\/p>\n<p>Politics<\/p>\n<p>C\u00f3digo de cat\u00e1logo:<\/p>\n<p>Michel BR 1069<\/p>\n<p>Stamp Number BR 991<\/p>\n<p>Yvert et Tellier BR 767<\/p>\n<p>Stanley Gibbons BR 1073d<\/p>\n<p>RHM BR 523<\/p>\n<p>Temas:<\/p>\n<p>Hombres | Levantamientos | Luchadores por la Libertad | Personajes Famosos | Revolucionarios<\/p>\n<p>Fecha emisi\u00f3n:<\/p>\n<p>1965-02-24<\/p>\n<p>Fecha de caducidad:<\/p>\n<p>1967-12-31<\/p>\n<p>Tama\u00f1o:<\/p>\n<p>22 x 27 mm<\/p>\n<p>Colores:<\/p>\n<p>Rojo ladrillo<\/p>\n<p>Marca de agua:<\/p>\n<p>CORREIO BRASIL y Estrellas Tipo 1 (Sh) [Up]<\/p>\n<p>Impresores\/Imprentas:<\/p>\n<p>Casa da Moeda do Brasil<\/p>\n<p>Formato:<\/p>\n<p>Sello<\/p>\n<p>Emisi\u00f3n:<\/p>\n<p>Definitivo<\/p>\n<p>Perforaci\u00f3n:<\/p>\n<p>peine11 x 11\u00bd<\/p>\n<p>Impresi\u00f3n:<\/p>\n<p>Fotograbado<\/p>\n<p>Goma:<\/p>\n<p>Sin goma tal como se emite<\/p>\n<p>Valor facial:<\/p>\n<p>200 Cruzeiro de Brasil<\/p>\n<p><a href=\"https:\/\/colnect.com\/stamps\/stamp\/213973\">https:\/\/colnect.com\/stamps\/stamp\/213973<\/a><\/p>\n","protected":false},"excerpt":{"rendered":"<p>Tiradentes Pa\u00eds: Brasil Serie: Politics C\u00f3digo de cat\u00e1logo: Michel BR 1069 Stamp Number BR 991 Yvert et Tellier BR 767 Stanley Gibbons BR 1073d RHM BR 523 Temas: Hombres | Levantamientos | Luchadores por la Libertad | Personajes Famosos | Revolucionarios Fecha emisi\u00f3n: 1965-02-24 Fecha de caducidad: 1967-12-31 Tama\u00f1o: 22 x 27 mm Colores: Rojo &hellip;<\/p>\n<p class=\"read-more\"> <a class=\"thunk-readmore button\" href=\"https:\/\/filatelia.cuentista.es\/en\/product\/sello-brasil-tiradentes-20000-cr-naranja-usado\"> <span class=\"screen-reader-text\">Sello Brasil 1965 &#8211; Tiradentes &#8211; 200,00 Cr$ Naranja . Usado<\/span>Read More<\/a><\/p>","protected":false},"featured_media":3110,"comment_status":"open","ping_status":"closed","template":"","meta":{"_acf_changed":false},"product_brand":[],"product_cat":[1294,20],"product_tag":[],"class_list":{"0":"post-3111","1":"product","2":"type-product","3":"status-publish","4":"has-post-thumbnail","6":"product_cat-brasil","7":"product_cat-sellos-usados","8":"thunk-woo-product-list","9":"opn-qv-enable","10":"open-woo-hover-zoom","11":"open-single-product-tab-horizontal","12":"open-shadow-","13":"open-shadow-hover-","15":"first","16":"instock","17":"shipping-taxable","18":"purchasable","19":"product-type-simple"},"acf":[],"jetpack_sharing_enabled":true,"_links":{"self":[{"href":"https:\/\/filatelia.cuentista.es\/en\/wp-json\/wp\/v2\/product\/3111","targetHints":{"allow":["GET"]}}],"collection":[{"href":"https:\/\/filatelia.cuentista.es\/en\/wp-json\/wp\/v2\/product"}],"about":[{"href":"https:\/\/filatelia.cuentista.es\/en\/wp-json\/wp\/v2\/types\/product"}],"replies":[{"embeddable":true,"href":"https:\/\/filatelia.cuentista.es\/en\/wp-json\/wp\/v2\/comments?post=3111"}],"wp:featuredmedia":[{"embeddable":true,"href":"https:\/\/filatelia.cuentista.es\/en\/wp-json\/wp\/v2\/media\/3110"}],"wp:attachment":[{"href":"https:\/\/filatelia.cuentista.es\/en\/wp-json\/wp\/v2\/media?parent=3111"}],"wp:term":[{"taxonomy":"product_brand","embeddable":true,"href":"https:\/\/filatelia.cuentista.es\/en\/wp-json\/wp\/v2\/product_brand?post=3111"},{"taxonomy":"product_cat","embeddable":true,"href":"https:\/\/filatelia.cuentista.es\/en\/wp-json\/wp\/v2\/product_cat?post=3111"},{"taxonomy":"product_tag","embeddable":true,"href":"https:\/\/filatelia.cuentista.es\/en\/wp-json\/wp\/v2\/product_tag?post=3111"}],"curies":[{"name":"wp","href":"https:\/\/api.w.org\/{rel}","templated":true}]}}