{"id":3109,"date":"2024-09-21T20:44:07","date_gmt":"2024-09-21T20:44:07","guid":{"rendered":"https:\/\/filatelia.cuentista.es\/product\/sello-brasil-severino-neiva-8-cr-lila-usado"},"modified":"2024-10-20T17:41:15","modified_gmt":"2024-10-20T17:41:15","slug":"sello-brasil-severino-neiva-8-cr-lila-usado","status":"publish","type":"product","link":"https:\/\/filatelia.cuentista.es\/en\/product\/sello-brasil-severino-neiva-8-cr-lila-usado","title":{"rendered":"Sello Brasil 1963 &#8211; Severino Neiva &#8211; 8 Cr$ Lila. Usado"},"content":{"rendered":"<p>Severino Neiva<\/p>\n<p><img class=\"size-full\"><\/p>\n<p>Pa\u00eds:<\/p>\n<p>Brasil<\/p>\n<p>Serie:<\/p>\n<p>Politics<\/p>\n<p>C\u00f3digo de cat\u00e1logo:<\/p>\n<p>Michel BR 1030<\/p>\n<p>Stamp Number BR 952<\/p>\n<p>Yvert et Tellier BR 727<\/p>\n<p>Stanley Gibbons BR 1073<\/p>\n<p>RHM BR 519<\/p>\n<p>Temas:<\/p>\n<p>Cient\u00edficos | Hombres | Personajes Famosos | Pol\u00edtica<\/p>\n<p>Fecha emisi\u00f3n:<\/p>\n<p>1963-01-31<\/p>\n<p>Fecha de caducidad:<\/p>\n<p>1967-12-31<\/p>\n<p>Tama\u00f1o:<\/p>\n<p>22 x 27 mm<\/p>\n<p>Colores:<\/p>\n<p>Violeta<\/p>\n<p>Marca de agua:<\/p>\n<p>CORREIO BRASIL y Estrellas Tipo 1 (Sh) [Up]<\/p>\n<p>Impresores\/Imprentas:<\/p>\n<p>Casa da Moeda do Brasil<\/p>\n<p>Formato:<\/p>\n<p>Sello<\/p>\n<p>Emisi\u00f3n:<\/p>\n<p>Definitivo<\/p>\n<p>Perforaci\u00f3n:<\/p>\n<p>peine11 x 11\u00bd<\/p>\n<p>Impresi\u00f3n:<\/p>\n<p>Fotograbado<\/p>\n<p>Valor facial:<\/p>\n<p>8 Cruzeiro de Brasil<\/p>\n<p>Puntuaci\u00f3n:<\/p>\n<p>6% Precisi\u00f3n: Muy alto<\/p>\n<p>Descripci\u00f3n:<\/p>\n<p>Famous People of Brazil &#8211; NEW DRAWINGS &#8211; ENG\u00ba Severino de Lucena Neiva (1875-1958) &#8211; Director of the Post Office<\/p>\n<p><a href=\"https:\/\/colnect.com\/stamps\/stamp\/213968\">https:\/\/colnect.com\/stamps\/stamp\/213968<\/a><\/p>\n","protected":false},"excerpt":{"rendered":"<p>Severino Neiva Pa\u00eds: Brasil Serie: Politics C\u00f3digo de cat\u00e1logo: Michel BR 1030 Stamp Number BR 952 Yvert et Tellier BR 727 Stanley Gibbons BR 1073 RHM BR 519 Temas: Cient\u00edficos | Hombres | Personajes Famosos | Pol\u00edtica Fecha emisi\u00f3n: 1963-01-31 Fecha de caducidad: 1967-12-31 Tama\u00f1o: 22 x 27 mm Colores: Violeta Marca de agua: CORREIO &hellip;<\/p>\n<p class=\"read-more\"> <a class=\"thunk-readmore button\" href=\"https:\/\/filatelia.cuentista.es\/en\/product\/sello-brasil-severino-neiva-8-cr-lila-usado\"> <span class=\"screen-reader-text\">Sello Brasil 1963 &#8211; Severino Neiva &#8211; 8 Cr$ Lila. Usado<\/span>Read More<\/a><\/p>","protected":false},"featured_media":3108,"comment_status":"open","ping_status":"closed","template":"","meta":{"_acf_changed":false},"product_brand":[],"product_cat":[1294,20],"product_tag":[],"class_list":{"0":"post-3109","1":"product","2":"type-product","3":"status-publish","4":"has-post-thumbnail","6":"product_cat-brasil","7":"product_cat-sellos-usados","8":"thunk-woo-product-list","9":"opn-qv-enable","10":"open-woo-hover-zoom","11":"open-single-product-tab-horizontal","12":"open-shadow-","13":"open-shadow-hover-","15":"first","16":"instock","17":"shipping-taxable","18":"purchasable","19":"product-type-simple"},"acf":[],"jetpack_sharing_enabled":true,"_links":{"self":[{"href":"https:\/\/filatelia.cuentista.es\/en\/wp-json\/wp\/v2\/product\/3109","targetHints":{"allow":["GET"]}}],"collection":[{"href":"https:\/\/filatelia.cuentista.es\/en\/wp-json\/wp\/v2\/product"}],"about":[{"href":"https:\/\/filatelia.cuentista.es\/en\/wp-json\/wp\/v2\/types\/product"}],"replies":[{"embeddable":true,"href":"https:\/\/filatelia.cuentista.es\/en\/wp-json\/wp\/v2\/comments?post=3109"}],"wp:featuredmedia":[{"embeddable":true,"href":"https:\/\/filatelia.cuentista.es\/en\/wp-json\/wp\/v2\/media\/3108"}],"wp:attachment":[{"href":"https:\/\/filatelia.cuentista.es\/en\/wp-json\/wp\/v2\/media?parent=3109"}],"wp:term":[{"taxonomy":"product_brand","embeddable":true,"href":"https:\/\/filatelia.cuentista.es\/en\/wp-json\/wp\/v2\/product_brand?post=3109"},{"taxonomy":"product_cat","embeddable":true,"href":"https:\/\/filatelia.cuentista.es\/en\/wp-json\/wp\/v2\/product_cat?post=3109"},{"taxonomy":"product_tag","embeddable":true,"href":"https:\/\/filatelia.cuentista.es\/en\/wp-json\/wp\/v2\/product_tag?post=3109"}],"curies":[{"name":"wp","href":"https:\/\/api.w.org\/{rel}","templated":true}]}}