{"id":3095,"date":"2024-09-21T20:16:08","date_gmt":"2024-09-21T20:16:08","guid":{"rendered":"https:\/\/filatelia.cuentista.es\/product\/sello-brasil-barqueiro-do-sao-francisco-320-cr-azul-usado"},"modified":"2024-09-22T12:12:04","modified_gmt":"2024-09-22T12:12:04","slug":"sello-brasil-barqueiro-do-sao-francisco-320-cr-azul-usado","status":"publish","type":"product","link":"https:\/\/filatelia.cuentista.es\/en\/product\/sello-brasil-barqueiro-do-sao-francisco-320-cr-azul-usado","title":{"rendered":"Sello Brasil 1979 &#8211; Barqueiro do Sao Francisco- 3,20 Cr$ Azul Usado"},"content":{"rendered":"<p>Boatman from Sao Francisco River<\/p>\n<p><img class=\"size-full\"><\/p>\n<p>Pa\u00eds:<\/p>\n<p>Brasil<\/p>\n<p>Serie:<\/p>\n<p>Profession Series I (1976-1980)<\/p>\n<p>C\u00f3digo de cat\u00e1logo:<\/p>\n<p>Michel BR 1735<\/p>\n<p>Stamp Number BR 1655<\/p>\n<p>Yvert et Tellier BR 1405<\/p>\n<p>Stanley Gibbons BR 1605a<\/p>\n<p>RHM BR 594<\/p>\n<p>Temas:<\/p>\n<p>Profesiones<\/p>\n<p>Fecha emisi\u00f3n:<\/p>\n<p>1979-09-15<\/p>\n<p>Tama\u00f1o:<\/p>\n<p>27 x 23 mm<\/p>\n<p>Colores:<\/p>\n<p>Azul Violeta<\/p>\n<p>Impresores\/Imprentas:<\/p>\n<p>Casa da Moeda do Brasil<\/p>\n<p>Formato:<\/p>\n<p>Sello<\/p>\n<p>Emisi\u00f3n:<\/p>\n<p>Definitivo<\/p>\n<p>Perforaci\u00f3n:<\/p>\n<p>peine11\u00bd x 11<\/p>\n<p>Impresi\u00f3n:<\/p>\n<p>Fotograbado<\/p>\n<p>Papel:<\/p>\n<p>Couche and Phosphorescent<\/p>\n<p>Valor facial:<\/p>\n<p>3,20 Cruzeiro de Brasil<\/p>","protected":false},"excerpt":{"rendered":"<p>Boatman from Sao Francisco River Pa\u00eds: Brasil Serie: Profession Series I (1976-1980) C\u00f3digo de cat\u00e1logo: Michel BR 1735 Stamp Number BR 1655 Yvert et Tellier BR 1405 Stanley Gibbons BR 1605a RHM BR 594 Temas: Profesiones Fecha emisi\u00f3n: 1979-09-15 Tama\u00f1o: 27 x 23 mm Colores: Azul Violeta Impresores\/Imprentas: Casa da Moeda do Brasil Formato: Sello &hellip;<\/p>\n<p class=\"read-more\"> <a class=\"thunk-readmore button\" href=\"https:\/\/filatelia.cuentista.es\/en\/product\/sello-brasil-barqueiro-do-sao-francisco-320-cr-azul-usado\"> <span class=\"screen-reader-text\">Sello Brasil 1979 &#8211; Barqueiro do Sao Francisco- 3,20 Cr$ Azul Usado<\/span>Read More<\/a><\/p>","protected":false},"featured_media":3094,"comment_status":"open","ping_status":"closed","template":"","meta":{"_acf_changed":false},"product_brand":[],"product_cat":[1294,20],"product_tag":[],"class_list":{"0":"post-3095","1":"product","2":"type-product","3":"status-publish","4":"has-post-thumbnail","6":"product_cat-brasil","7":"product_cat-sellos-usados","8":"thunk-woo-product-list","9":"opn-qv-enable","10":"open-woo-hover-zoom","11":"open-single-product-tab-horizontal","12":"open-shadow-","13":"open-shadow-hover-","15":"first","16":"instock","17":"shipping-taxable","18":"purchasable","19":"product-type-simple"},"acf":[],"jetpack_sharing_enabled":true,"_links":{"self":[{"href":"https:\/\/filatelia.cuentista.es\/en\/wp-json\/wp\/v2\/product\/3095","targetHints":{"allow":["GET"]}}],"collection":[{"href":"https:\/\/filatelia.cuentista.es\/en\/wp-json\/wp\/v2\/product"}],"about":[{"href":"https:\/\/filatelia.cuentista.es\/en\/wp-json\/wp\/v2\/types\/product"}],"replies":[{"embeddable":true,"href":"https:\/\/filatelia.cuentista.es\/en\/wp-json\/wp\/v2\/comments?post=3095"}],"wp:featuredmedia":[{"embeddable":true,"href":"https:\/\/filatelia.cuentista.es\/en\/wp-json\/wp\/v2\/media\/3094"}],"wp:attachment":[{"href":"https:\/\/filatelia.cuentista.es\/en\/wp-json\/wp\/v2\/media?parent=3095"}],"wp:term":[{"taxonomy":"product_brand","embeddable":true,"href":"https:\/\/filatelia.cuentista.es\/en\/wp-json\/wp\/v2\/product_brand?post=3095"},{"taxonomy":"product_cat","embeddable":true,"href":"https:\/\/filatelia.cuentista.es\/en\/wp-json\/wp\/v2\/product_cat?post=3095"},{"taxonomy":"product_tag","embeddable":true,"href":"https:\/\/filatelia.cuentista.es\/en\/wp-json\/wp\/v2\/product_tag?post=3095"}],"curies":[{"name":"wp","href":"https:\/\/api.w.org\/{rel}","templated":true}]}}