{"id":3089,"date":"2024-09-21T20:07:26","date_gmt":"2024-09-21T20:07:26","guid":{"rendered":"https:\/\/filatelia.cuentista.es\/product\/sello-brasil-colhedor-de-carnauba-180-azul-oscuro-usado"},"modified":"2024-09-21T20:09:08","modified_gmt":"2024-09-21T20:09:08","slug":"sello-brasil-colhedor-de-carnauba-180-azul-oscuro-usado","status":"publish","type":"product","link":"https:\/\/filatelia.cuentista.es\/en\/product\/sello-brasil-colhedor-de-carnauba-180-azul-oscuro-usado","title":{"rendered":"Sello Brasil 1978 &#8211; Colhedor de Carnauba &#8211; 1,80 Azul Oscuro Usado"},"content":{"rendered":"<p><span id=\"name\">Carnauba Cutter<\/span><\/p>\n<p><span id=\"name\"><img class=\"size-full\"><\/span><\/p>\n<p><span id=\"name\">Pa\u00eds:<\/span><\/p>\n<p><span id=\"name\"><\/span><\/p>\n<p><span id=\"name\">Brasil<\/span><\/p>\n<p><span id=\"name\">Serie:<\/span><\/p>\n<p><span id=\"name\">Profession Series I (1976-1980)<\/span><\/p>\n<p><span id=\"name\">C\u00f3digo de cat\u00e1logo:<\/span><\/p>\n<p><span id=\"name\">Michel BR 1647<\/span><\/p>\n<p><span id=\"name\">Stamp Number BR 1451<\/span><\/p>\n<p><span id=\"name\">Yvert et Tellier BR 1307<\/span><\/p>\n<p><span id=\"name\">Stanley Gibbons BR 1603<\/span><\/p>\n<p><span id=\"name\">RHM BR 591<\/span><\/p>\n<p><span id=\"name\">Variantes:<\/span><\/p>\n<p><span id=\"name\">Click para ver variantes<\/span><\/p>\n<p><span id=\"name\">Temas:<\/span><\/p>\n<p><span id=\"name\">Agricultura | Profesiones<\/span><\/p>\n<p><span id=\"name\">Fecha emisi\u00f3n:<\/span><\/p>\n<p><span id=\"name\">1978-04-01<\/span><\/p>\n<p><span id=\"name\">Tama\u00f1o:<\/span><\/p>\n<p><span id=\"name\">23 x 27 mm<\/span><\/p>\n<p><span id=\"name\">Colores:<\/span><\/p>\n<p><span id=\"name\">Violeta P\u00farpura oscuro<\/span><\/p>\n<p><span id=\"name\">Marca de agua:<\/span><\/p>\n<p><span id=\"name\">Sin Marca de agua<\/span><\/p>\n<p><span id=\"name\">Impresores\/Imprentas:<\/span><\/p>\n<p><span id=\"name\">Casa da Moeda do Brasil<\/span><\/p>\n<p><span id=\"name\">Formato:<\/span><\/p>\n<p><span id=\"name\">Sello<\/span><\/p>\n<p><span id=\"name\">Emisi\u00f3n:<\/span><\/p>\n<p><span id=\"name\">Definitivo<\/span><\/p>\n<p><span id=\"name\">Perforaci\u00f3n:<\/span><\/p>\n<p><span id=\"name\">peine11 x 11\u00bd<\/span><\/p>\n<p><span id=\"name\">Impresi\u00f3n:<\/span><\/p>\n<p><span id=\"name\">Fotograbado<\/span><\/p>\n<p><span id=\"name\">Papel:<\/span><\/p>\n<p><span id=\"name\">Couche and Phosphorescent<\/span><\/p>\n<p><span id=\"name\">Valor facial:<\/span><\/p>\n<p><span id=\"name\">1,80 Cruzeiro de Brasil<\/span><\/p>\n<p><span id=\"name\"><\/span><\/p>\n<div id=\"item_pics_row\" style=\"float: right;text-align: center;width: 380px;font-family\">\n<div class=\"item_z_pic\" style=\"width: 380px;margin: 0px auto 15px\"><img loading=\"lazy\" decoding=\"async\" src=\"https:\/\/i.colnect.net\/f\/20739\/534\/Carnauba-Cutter.jpg\" alt=\"Carnauba Cutter\" class=\"lzy_deferred loaded z_pic_sel z_pic_sel0\" data-src=\"\/\/i.colnect.net\/f\/20739\/534\/Carnauba-Cutter.jpg\" height=\"300\" width=\"256\" data-was-processed=\"true\" style=\"border-style: none;vertical-align: middle;width: 256px;height: 300px\"><\/div>\n<\/div>","protected":false},"excerpt":{"rendered":"<p>Carnauba Cutter Pa\u00eds: Brasil Serie: Profession Series I (1976-1980) C\u00f3digo de cat\u00e1logo: Michel BR 1647 Stamp Number BR 1451 Yvert et Tellier BR 1307 Stanley Gibbons BR 1603 RHM BR 591 Variantes: Click para ver variantes Temas: Agricultura | Profesiones Fecha emisi\u00f3n: 1978-04-01 Tama\u00f1o: 23 x 27 mm Colores: Violeta P\u00farpura oscuro Marca de agua: &hellip;<\/p>\n<p class=\"read-more\"> <a class=\"thunk-readmore button\" href=\"https:\/\/filatelia.cuentista.es\/en\/product\/sello-brasil-colhedor-de-carnauba-180-azul-oscuro-usado\"> <span class=\"screen-reader-text\">Sello Brasil 1978 &#8211; Colhedor de Carnauba &#8211; 1,80 Azul Oscuro Usado<\/span>Read More<\/a><\/p>","protected":false},"featured_media":3088,"comment_status":"open","ping_status":"closed","template":"","meta":{"_acf_changed":false},"product_brand":[],"product_cat":[1294,20],"product_tag":[],"class_list":{"0":"post-3089","1":"product","2":"type-product","3":"status-publish","4":"has-post-thumbnail","6":"product_cat-brasil","7":"product_cat-sellos-usados","8":"thunk-woo-product-list","9":"opn-qv-enable","10":"open-woo-hover-zoom","11":"open-single-product-tab-horizontal","12":"open-shadow-","13":"open-shadow-hover-","15":"first","16":"instock","17":"shipping-taxable","18":"purchasable","19":"product-type-simple"},"acf":[],"jetpack_sharing_enabled":true,"_links":{"self":[{"href":"https:\/\/filatelia.cuentista.es\/en\/wp-json\/wp\/v2\/product\/3089","targetHints":{"allow":["GET"]}}],"collection":[{"href":"https:\/\/filatelia.cuentista.es\/en\/wp-json\/wp\/v2\/product"}],"about":[{"href":"https:\/\/filatelia.cuentista.es\/en\/wp-json\/wp\/v2\/types\/product"}],"replies":[{"embeddable":true,"href":"https:\/\/filatelia.cuentista.es\/en\/wp-json\/wp\/v2\/comments?post=3089"}],"wp:featuredmedia":[{"embeddable":true,"href":"https:\/\/filatelia.cuentista.es\/en\/wp-json\/wp\/v2\/media\/3088"}],"wp:attachment":[{"href":"https:\/\/filatelia.cuentista.es\/en\/wp-json\/wp\/v2\/media?parent=3089"}],"wp:term":[{"taxonomy":"product_brand","embeddable":true,"href":"https:\/\/filatelia.cuentista.es\/en\/wp-json\/wp\/v2\/product_brand?post=3089"},{"taxonomy":"product_cat","embeddable":true,"href":"https:\/\/filatelia.cuentista.es\/en\/wp-json\/wp\/v2\/product_cat?post=3089"},{"taxonomy":"product_tag","embeddable":true,"href":"https:\/\/filatelia.cuentista.es\/en\/wp-json\/wp\/v2\/product_tag?post=3089"}],"curies":[{"name":"wp","href":"https:\/\/api.w.org\/{rel}","templated":true}]}}