{"id":3087,"date":"2024-09-21T20:04:08","date_gmt":"2024-09-21T20:04:08","guid":{"rendered":"https:\/\/filatelia.cuentista.es\/product\/sello-brasil-cesteiro-250-cr-marron-usado"},"modified":"2024-09-21T20:06:14","modified_gmt":"2024-09-21T20:06:14","slug":"sello-brasil-cesteiro-250-cr-marron-usado","status":"publish","type":"product","link":"https:\/\/filatelia.cuentista.es\/en\/product\/sello-brasil-cesteiro-250-cr-marron-usado","title":{"rendered":"Sello Brasil 1979 &#8211; Cesteiro &#8211; 2,50 Cr$ Marr\u00f3n Usado"},"content":{"rendered":"<p>Basket Weavers<\/p>\n<p><img class=\"size-full\"><\/p>\n<p>Pa\u00eds:<\/p>\n<p>Brasil<\/p>\n<p>Serie:<\/p>\n<p>Profession Series I (1976-1980)<\/p>\n<p>C\u00f3digo de cat\u00e1logo:<\/p>\n<p>Michel BR 1702<\/p>\n<p>Stamp Number BR 1654<\/p>\n<p>Yvert et Tellier BR 1368<\/p>\n<p>Stanley Gibbons BR 1605<\/p>\n<p>RHM BR 593<\/p>\n<p>Temas:<\/p>\n<p>Profesiones<\/p>\n<p>Fecha emisi\u00f3n:<\/p>\n<p>1979-04-15<\/p>\n<p>Tama\u00f1o:<\/p>\n<p>23 x 27 mm<\/p>\n<p>Colores:<\/p>\n<p>Marr\u00f3n Gris<\/p>\n<p>Impresores\/Imprentas:<\/p>\n<p>Casa da Moeda do Brasil<\/p>\n<p>Formato:<\/p>\n<p>Sello<\/p>\n<p>Emisi\u00f3n:<\/p>\n<p>Definitivo<\/p>\n<p>Perforaci\u00f3n:<\/p>\n<p>peine11 x 11\u00bd<\/p>\n<p>Impresi\u00f3n:<\/p>\n<p>Fotograbado<\/p>\n<p>Papel:<\/p>\n<p>phosphorescent<\/p>\n<p>Valor facial:<\/p>\n<p>2,50 Cruzeiro de Brasil<\/p>","protected":false},"excerpt":{"rendered":"<p>Basket Weavers Pa\u00eds: Brasil Serie: Profession Series I (1976-1980) C\u00f3digo de cat\u00e1logo: Michel BR 1702 Stamp Number BR 1654 Yvert et Tellier BR 1368 Stanley Gibbons BR 1605 RHM BR 593 Temas: Profesiones Fecha emisi\u00f3n: 1979-04-15 Tama\u00f1o: 23 x 27 mm Colores: Marr\u00f3n Gris Impresores\/Imprentas: Casa da Moeda do Brasil Formato: Sello Emisi\u00f3n: Definitivo Perforaci\u00f3n: &hellip;<\/p>\n<p class=\"read-more\"> <a class=\"thunk-readmore button\" href=\"https:\/\/filatelia.cuentista.es\/en\/product\/sello-brasil-cesteiro-250-cr-marron-usado\"> <span class=\"screen-reader-text\">Sello Brasil 1979 &#8211; Cesteiro &#8211; 2,50 Cr$ Marr\u00f3n Usado<\/span>Read More<\/a><\/p>","protected":false},"featured_media":3086,"comment_status":"open","ping_status":"closed","template":"","meta":{"_acf_changed":false},"product_brand":[],"product_cat":[1294,20],"product_tag":[],"class_list":{"0":"post-3087","1":"product","2":"type-product","3":"status-publish","4":"has-post-thumbnail","6":"product_cat-brasil","7":"product_cat-sellos-usados","8":"thunk-woo-product-list","9":"opn-qv-enable","10":"open-woo-hover-zoom","11":"open-single-product-tab-horizontal","12":"open-shadow-","13":"open-shadow-hover-","15":"first","16":"instock","17":"shipping-taxable","18":"purchasable","19":"product-type-simple"},"acf":[],"jetpack_sharing_enabled":true,"_links":{"self":[{"href":"https:\/\/filatelia.cuentista.es\/en\/wp-json\/wp\/v2\/product\/3087","targetHints":{"allow":["GET"]}}],"collection":[{"href":"https:\/\/filatelia.cuentista.es\/en\/wp-json\/wp\/v2\/product"}],"about":[{"href":"https:\/\/filatelia.cuentista.es\/en\/wp-json\/wp\/v2\/types\/product"}],"replies":[{"embeddable":true,"href":"https:\/\/filatelia.cuentista.es\/en\/wp-json\/wp\/v2\/comments?post=3087"}],"wp:featuredmedia":[{"embeddable":true,"href":"https:\/\/filatelia.cuentista.es\/en\/wp-json\/wp\/v2\/media\/3086"}],"wp:attachment":[{"href":"https:\/\/filatelia.cuentista.es\/en\/wp-json\/wp\/v2\/media?parent=3087"}],"wp:term":[{"taxonomy":"product_brand","embeddable":true,"href":"https:\/\/filatelia.cuentista.es\/en\/wp-json\/wp\/v2\/product_brand?post=3087"},{"taxonomy":"product_cat","embeddable":true,"href":"https:\/\/filatelia.cuentista.es\/en\/wp-json\/wp\/v2\/product_cat?post=3087"},{"taxonomy":"product_tag","embeddable":true,"href":"https:\/\/filatelia.cuentista.es\/en\/wp-json\/wp\/v2\/product_tag?post=3087"}],"curies":[{"name":"wp","href":"https:\/\/api.w.org\/{rel}","templated":true}]}}