{"id":3040,"date":"2024-09-21T14:36:46","date_gmt":"2024-09-21T14:36:46","guid":{"rendered":"https:\/\/filatelia.cuentista.es\/product\/sello-brasil-salineiro-700-cr-lila-usado"},"modified":"2024-09-21T14:38:33","modified_gmt":"2024-09-21T14:38:33","slug":"sello-brasil-salineiro-700-cr-lila-usado","status":"publish","type":"product","link":"https:\/\/filatelia.cuentista.es\/en\/product\/sello-brasil-salineiro-700-cr-lila-usado","title":{"rendered":"Sello Brasil 1976 &#8211; Salineiro &#8211; 700 Cr$ Lila. Usado"},"content":{"rendered":"<p>Salineiro &#8211; Salt Worker<\/p>\n<p><img class=\"size-full\"><\/p>\n<p>Pa\u00eds:<\/p>\n<p>Brasil<\/p>\n<p>Serie:<\/p>\n<p>Profession Series I (1976-1980)<\/p>\n<p>C\u00f3digo de cat\u00e1logo:<\/p>\n<p>Michel BR 1543x<\/p>\n<p>Stamp Number BR 1454<\/p>\n<p>Yvert et Tellier BR 1204<\/p>\n<p>Stanley Gibbons BR 1607<\/p>\n<p>RHM BR 569<\/p>\n<p>Variantes:<\/p>\n<p>Click para ver variantes<\/p>\n<p>Temas:<\/p>\n<p>Profesiones<\/p>\n<p>Fecha emisi\u00f3n:<\/p>\n<p>1976-07-01<\/p>\n<p>Tama\u00f1o:<\/p>\n<p>23 x 27 mm<\/p>\n<p>Colores:<\/p>\n<p>Violeta azulado suave<\/p>\n<p>Marca de agua:<\/p>\n<p>Sin Marca de agua<\/p>\n<p>Dise\u00f1adores:<\/p>\n<p>Martha Cavalcanti Poppe<\/p>\n<p>Impresores\/Imprentas:<\/p>\n<p>Casa da Moeda do Brasil<\/p>\n<p>Formato:<\/p>\n<p>Sello<\/p>\n<p>Emisi\u00f3n:<\/p>\n<p>Definitivo<\/p>\n<p>Perforaci\u00f3n:<\/p>\n<p>peine11 x 11\u00bd<\/p>\n<p>Impresi\u00f3n:<\/p>\n<p>Rebaje<\/p>\n<p>Papel:<\/p>\n<p>Couche and non phosphorescent<\/p>\n<p>Valor facial:<\/p>\n<p>7 Cruzeiro de Brasil<\/p>\n<p><a href=\"https:\/\/colnect.com\/stamps\/stamp\/263942\">https:\/\/colnect.com\/stamps\/stamp\/263942<\/a><\/p>","protected":false},"excerpt":{"rendered":"<p>Salineiro &#8211; Salt Worker Pa\u00eds: Brasil Serie: Profession Series I (1976-1980) C\u00f3digo de cat\u00e1logo: Michel BR 1543x Stamp Number BR 1454 Yvert et Tellier BR 1204 Stanley Gibbons BR 1607 RHM BR 569 Variantes: Click para ver variantes Temas: Profesiones Fecha emisi\u00f3n: 1976-07-01 Tama\u00f1o: 23 x 27 mm Colores: Violeta azulado suave Marca de agua: &hellip;<\/p>\n<p class=\"read-more\"> <a class=\"thunk-readmore button\" href=\"https:\/\/filatelia.cuentista.es\/en\/product\/sello-brasil-salineiro-700-cr-lila-usado\"> <span class=\"screen-reader-text\">Sello Brasil 1976 &#8211; Salineiro &#8211; 700 Cr$ Lila. Usado<\/span>Read More<\/a><\/p>","protected":false},"featured_media":3039,"comment_status":"open","ping_status":"closed","template":"","meta":{"_acf_changed":false},"product_brand":[],"product_cat":[1294,20],"product_tag":[],"class_list":{"0":"post-3040","1":"product","2":"type-product","3":"status-publish","4":"has-post-thumbnail","6":"product_cat-brasil","7":"product_cat-sellos-usados","8":"thunk-woo-product-list","9":"opn-qv-enable","10":"open-woo-hover-zoom","11":"open-single-product-tab-horizontal","12":"open-shadow-","13":"open-shadow-hover-","15":"first","16":"instock","17":"shipping-taxable","18":"purchasable","19":"product-type-simple"},"acf":[],"jetpack_sharing_enabled":true,"_links":{"self":[{"href":"https:\/\/filatelia.cuentista.es\/en\/wp-json\/wp\/v2\/product\/3040","targetHints":{"allow":["GET"]}}],"collection":[{"href":"https:\/\/filatelia.cuentista.es\/en\/wp-json\/wp\/v2\/product"}],"about":[{"href":"https:\/\/filatelia.cuentista.es\/en\/wp-json\/wp\/v2\/types\/product"}],"replies":[{"embeddable":true,"href":"https:\/\/filatelia.cuentista.es\/en\/wp-json\/wp\/v2\/comments?post=3040"}],"wp:featuredmedia":[{"embeddable":true,"href":"https:\/\/filatelia.cuentista.es\/en\/wp-json\/wp\/v2\/media\/3039"}],"wp:attachment":[{"href":"https:\/\/filatelia.cuentista.es\/en\/wp-json\/wp\/v2\/media?parent=3040"}],"wp:term":[{"taxonomy":"product_brand","embeddable":true,"href":"https:\/\/filatelia.cuentista.es\/en\/wp-json\/wp\/v2\/product_brand?post=3040"},{"taxonomy":"product_cat","embeddable":true,"href":"https:\/\/filatelia.cuentista.es\/en\/wp-json\/wp\/v2\/product_cat?post=3040"},{"taxonomy":"product_tag","embeddable":true,"href":"https:\/\/filatelia.cuentista.es\/en\/wp-json\/wp\/v2\/product_tag?post=3040"}],"curies":[{"name":"wp","href":"https:\/\/api.w.org\/{rel}","templated":true}]}}