{"id":3034,"date":"2024-09-21T14:28:34","date_gmt":"2024-09-21T14:28:34","guid":{"rendered":"https:\/\/filatelia.cuentista.es\/product\/sello-brasil-wenceslau-braz-50cts-negro-usado"},"modified":"2024-09-21T14:29:43","modified_gmt":"2024-09-21T14:29:43","slug":"sello-brasil-wenceslau-braz-50cts-negro-usado","status":"publish","type":"product","link":"https:\/\/filatelia.cuentista.es\/en\/product\/sello-brasil-wenceslau-braz-50cts-negro-usado","title":{"rendered":"Sello Brasil 1968 &#8211; Wenceslau Braz- 50cts Negro, usado"},"content":{"rendered":"<p>Wenceslau Br\u00e1z Pereira Gomes (1868-1966)<\/p>\n<p><img class=\"size-full\"><\/p>\n<p>Pa\u00eds:<\/p>\n<p>Brasil<\/p>\n<p>Serie:<\/p>\n<p>Politics<\/p>\n<p>C\u00f3digo de cat\u00e1logo:<\/p>\n<p>Michel BR 1166<\/p>\n<p>Stamp Number BR 1065<\/p>\n<p>Yvert et Tellier BR 844<\/p>\n<p>Stanley Gibbons BR 1195<\/p>\n<p>RHM BR 534<\/p>\n<p>Temas:<\/p>\n<p>Estadistas | Hombres | Personajes Famosos | Pol\u00edticos<\/p>\n<p>Fecha emisi\u00f3n:<\/p>\n<p>1968-03-19<\/p>\n<p>Fecha de caducidad:<\/p>\n<p>1972-12-31<\/p>\n<p>Tama\u00f1o:<\/p>\n<p>22 x 27 mm<\/p>\n<p>Colores:<\/p>\n<p>Negro<\/p>\n<p>Marca de agua:<\/p>\n<p>CORREIO BRASIL y Estrellas Tipo 1 (Sh) [Up]<\/p>\n<p>Dise\u00f1adores:<\/p>\n<p>Waldemiro Puntar<\/p>\n<p>Impresores\/Imprentas:<\/p>\n<p>Casa da Moeda do Brasil<\/p>\n<p>Formato:<\/p>\n<p>Sello<\/p>\n<p>Emisi\u00f3n:<\/p>\n<p>Definitivo<\/p>\n<p>Perforaci\u00f3n:<\/p>\n<p>peine11<\/p>\n<p>Impresi\u00f3n:<\/p>\n<p>Rebaje<\/p>\n<p>Valor facial:<\/p>\n<p>50 Centavo de Brasil<\/p>\n<p>Puntuaci\u00f3n:<\/p>\n<p>5% Precisi\u00f3n: Muy alto<\/p>\n<p>Descripci\u00f3n:<\/p>\n<p>Effigy of Wenceslau Braz &#8211; 9th President of Brazil, between 1914 and 1918, a period known as the Old Republic. Known for having promulgated the country&#8217;s first civil code, which contained the first law to spell the name Brazil with the letter \u00abS\u00bb. On the foreign scene, his government was marked by the country&#8217;s entry into the First World War.<\/p>\n","protected":false},"excerpt":{"rendered":"<p>Wenceslau Br\u00e1z Pereira Gomes (1868-1966) Pa\u00eds: Brasil Serie: Politics C\u00f3digo de cat\u00e1logo: Michel BR 1166 Stamp Number BR 1065 Yvert et Tellier BR 844 Stanley Gibbons BR 1195 RHM BR 534 Temas: Estadistas | Hombres | Personajes Famosos | Pol\u00edticos Fecha emisi\u00f3n: 1968-03-19 Fecha de caducidad: 1972-12-31 Tama\u00f1o: 22 x 27 mm Colores: Negro Marca &hellip;<\/p>\n<p class=\"read-more\"> <a class=\"thunk-readmore button\" href=\"https:\/\/filatelia.cuentista.es\/en\/product\/sello-brasil-wenceslau-braz-50cts-negro-usado\"> <span class=\"screen-reader-text\">Sello Brasil 1968 &#8211; Wenceslau Braz- 50cts Negro, usado<\/span>Read More<\/a><\/p>","protected":false},"featured_media":3033,"comment_status":"open","ping_status":"closed","template":"","meta":{"_acf_changed":false},"product_brand":[],"product_cat":[1294,20],"product_tag":[],"class_list":{"0":"post-3034","1":"product","2":"type-product","3":"status-publish","4":"has-post-thumbnail","6":"product_cat-brasil","7":"product_cat-sellos-usados","8":"thunk-woo-product-list","9":"opn-qv-enable","10":"open-woo-hover-zoom","11":"open-single-product-tab-horizontal","12":"open-shadow-","13":"open-shadow-hover-","15":"first","16":"instock","17":"sale","18":"shipping-taxable","19":"purchasable","20":"product-type-simple"},"acf":[],"jetpack_sharing_enabled":true,"_links":{"self":[{"href":"https:\/\/filatelia.cuentista.es\/en\/wp-json\/wp\/v2\/product\/3034","targetHints":{"allow":["GET"]}}],"collection":[{"href":"https:\/\/filatelia.cuentista.es\/en\/wp-json\/wp\/v2\/product"}],"about":[{"href":"https:\/\/filatelia.cuentista.es\/en\/wp-json\/wp\/v2\/types\/product"}],"replies":[{"embeddable":true,"href":"https:\/\/filatelia.cuentista.es\/en\/wp-json\/wp\/v2\/comments?post=3034"}],"wp:featuredmedia":[{"embeddable":true,"href":"https:\/\/filatelia.cuentista.es\/en\/wp-json\/wp\/v2\/media\/3033"}],"wp:attachment":[{"href":"https:\/\/filatelia.cuentista.es\/en\/wp-json\/wp\/v2\/media?parent=3034"}],"wp:term":[{"taxonomy":"product_brand","embeddable":true,"href":"https:\/\/filatelia.cuentista.es\/en\/wp-json\/wp\/v2\/product_brand?post=3034"},{"taxonomy":"product_cat","embeddable":true,"href":"https:\/\/filatelia.cuentista.es\/en\/wp-json\/wp\/v2\/product_cat?post=3034"},{"taxonomy":"product_tag","embeddable":true,"href":"https:\/\/filatelia.cuentista.es\/en\/wp-json\/wp\/v2\/product_tag?post=3034"}],"curies":[{"name":"wp","href":"https:\/\/api.w.org\/{rel}","templated":true}]}}