{"id":3028,"date":"2024-09-21T14:17:32","date_gmt":"2024-09-21T14:17:32","guid":{"rendered":"https:\/\/filatelia.cuentista.es\/product\/sello-brasil-castello-branco-200-verde-usado"},"modified":"2024-09-21T14:18:38","modified_gmt":"2024-09-21T14:18:38","slug":"sello-brasil-castello-branco-200-verde-usado","status":"publish","type":"product","link":"https:\/\/filatelia.cuentista.es\/en\/product\/sello-brasil-castello-branco-200-verde-usado","title":{"rendered":"Sello Brasil 1968 &#8211; Castello Branco &#8211; 2,00 Verde Usado"},"content":{"rendered":"<p>Castello Branco (1897-1967)<\/p>\n<p><img class=\"size-full\"><\/p>\n<p>Pa\u00eds:<\/p>\n<p>Brasil<\/p>\n<p>Serie:<\/p>\n<p>Politics<\/p>\n<p>C\u00f3digo de cat\u00e1logo:<\/p>\n<p>Michel BR 1177<\/p>\n<p>Stamp Number BR 1067<\/p>\n<p>Yvert et Tellier BR 846<\/p>\n<p>Stanley Gibbons BR 1199<\/p>\n<p>RHM BR 536<\/p>\n<p>Temas:<\/p>\n<p>Dictadores | Jefes de Estado | Personajes Famosos<\/p>\n<p>Fecha emisi\u00f3n:<\/p>\n<p>1968-07-08<\/p>\n<p>Tama\u00f1o:<\/p>\n<p>22 x 27 mm<\/p>\n<p>Colores:<\/p>\n<p>Verde<\/p>\n<p>Marca de agua:<\/p>\n<p>CORREIO BRASIL y Estrellas Tipo 1 (Sh) [Up]<\/p>\n<p>Impresores\/Imprentas:<\/p>\n<p>Casa da Moeda do Brasil<\/p>\n<p>Formato:<\/p>\n<p>Sello<\/p>\n<p>Emisi\u00f3n:<\/p>\n<p>Definitivo<\/p>\n<p>Perforaci\u00f3n:<\/p>\n<p>peine11<\/p>\n<p>Impresi\u00f3n:<\/p>\n<p>Fotograbado<\/p>\n<p>Valor facial:<\/p>\n<p>2 Cruzeiro de Brasil<\/p>\n<p>Puntuaci\u00f3n:<\/p>\n<p>6% Precisi\u00f3n: Muy alto<\/p>\n<p>Descripci\u00f3n:<\/p>\n<p>Effigy of Castello Branco (Humberto de Alencar Castello Branco &#8211; 26th President of Brazil).<\/p>\n","protected":false},"excerpt":{"rendered":"<p>Castello Branco (1897-1967) Pa\u00eds: Brasil Serie: Politics C\u00f3digo de cat\u00e1logo: Michel BR 1177 Stamp Number BR 1067 Yvert et Tellier BR 846 Stanley Gibbons BR 1199 RHM BR 536 Temas: Dictadores | Jefes de Estado | Personajes Famosos Fecha emisi\u00f3n: 1968-07-08 Tama\u00f1o: 22 x 27 mm Colores: Verde Marca de agua: CORREIO BRASIL y Estrellas &hellip;<\/p>\n<p class=\"read-more\"> <a class=\"thunk-readmore button\" href=\"https:\/\/filatelia.cuentista.es\/en\/product\/sello-brasil-castello-branco-200-verde-usado\"> <span class=\"screen-reader-text\">Sello Brasil 1968 &#8211; Castello Branco &#8211; 2,00 Verde Usado<\/span>Read More<\/a><\/p>","protected":false},"featured_media":3027,"comment_status":"open","ping_status":"closed","template":"","meta":{"_acf_changed":false},"product_brand":[],"product_cat":[1294,20],"product_tag":[],"class_list":{"0":"post-3028","1":"product","2":"type-product","3":"status-publish","4":"has-post-thumbnail","6":"product_cat-brasil","7":"product_cat-sellos-usados","8":"thunk-woo-product-list","9":"opn-qv-enable","10":"open-woo-hover-zoom","11":"open-single-product-tab-horizontal","12":"open-shadow-","13":"open-shadow-hover-","15":"first","16":"instock","17":"sale","18":"shipping-taxable","19":"purchasable","20":"product-type-simple"},"acf":[],"jetpack_sharing_enabled":true,"_links":{"self":[{"href":"https:\/\/filatelia.cuentista.es\/en\/wp-json\/wp\/v2\/product\/3028","targetHints":{"allow":["GET"]}}],"collection":[{"href":"https:\/\/filatelia.cuentista.es\/en\/wp-json\/wp\/v2\/product"}],"about":[{"href":"https:\/\/filatelia.cuentista.es\/en\/wp-json\/wp\/v2\/types\/product"}],"replies":[{"embeddable":true,"href":"https:\/\/filatelia.cuentista.es\/en\/wp-json\/wp\/v2\/comments?post=3028"}],"wp:featuredmedia":[{"embeddable":true,"href":"https:\/\/filatelia.cuentista.es\/en\/wp-json\/wp\/v2\/media\/3027"}],"wp:attachment":[{"href":"https:\/\/filatelia.cuentista.es\/en\/wp-json\/wp\/v2\/media?parent=3028"}],"wp:term":[{"taxonomy":"product_brand","embeddable":true,"href":"https:\/\/filatelia.cuentista.es\/en\/wp-json\/wp\/v2\/product_brand?post=3028"},{"taxonomy":"product_cat","embeddable":true,"href":"https:\/\/filatelia.cuentista.es\/en\/wp-json\/wp\/v2\/product_cat?post=3028"},{"taxonomy":"product_tag","embeddable":true,"href":"https:\/\/filatelia.cuentista.es\/en\/wp-json\/wp\/v2\/product_tag?post=3028"}],"curies":[{"name":"wp","href":"https:\/\/api.w.org\/{rel}","templated":true}]}}