{"id":3026,"date":"2024-09-21T14:14:44","date_gmt":"2024-09-21T14:14:44","guid":{"rendered":"https:\/\/filatelia.cuentista.es\/product\/sello-brasil-arthur-betnardes-10-cts-azul-usado"},"modified":"2024-09-21T14:19:42","modified_gmt":"2024-09-21T14:19:42","slug":"sello-brasil-arthur-betnardes-10-cts-azul-usado","status":"publish","type":"product","link":"https:\/\/filatelia.cuentista.es\/en\/product\/sello-brasil-arthur-betnardes-10-cts-azul-usado","title":{"rendered":"Sello Brasil 1967 &#8211; Arthur Bernardes &#8211; 10 Cts Azul Usado"},"content":{"rendered":"<p>Arthur Bernardes (1875-1955)<\/p>\n<p>Pa\u00eds:<\/p>\n<p>Brasil<\/p>\n<p>Serie:<\/p>\n<p>Politics<\/p>\n<p>C\u00f3digo de cat\u00e1logo:<\/p>\n<p>Michel BR 1153<\/p>\n<p>Stamp Number BR 1063<\/p>\n<p>Yvert et Tellier BR 842<\/p>\n<p>Stanley Gibbons BR 1192<\/p>\n<p>RHM BR 532<\/p>\n<p>Temas:<\/p>\n<p>Estadistas | Personajes Famosos | Pol\u00edticos<\/p>\n<p>Fecha emisi\u00f3n:<\/p>\n<p>1967-11-16<\/p>\n<p>Fecha de caducidad:<\/p>\n<p>1972-12-31<\/p>\n<p>Tama\u00f1o:<\/p>\n<p>22 x 27 mm<\/p>\n<p>Colores:<\/p>\n<p>Azul<\/p>\n<p>Marca de agua:<\/p>\n<p>CORREIO BRASIL y Estrellas Tipo 1 (Sh) [Up]<\/p>\n<p>Impresores\/Imprentas:<\/p>\n<p>Casa da Moeda do Brasil<\/p>\n<p>Formato:<\/p>\n<p>Sello<\/p>\n<p>Emisi\u00f3n:<\/p>\n<p>Definitivo<\/p>\n<p>Perforaci\u00f3n:<\/p>\n<p>peine11<\/p>\n<p>Impresi\u00f3n:<\/p>\n<p>Fotograbado<\/p>\n<p>Valor facial:<\/p>\n<p>10 Centavo de Brasil<\/p>\n<p>Puntuaci\u00f3n:<\/p>\n<p>6% Precisi\u00f3n: Muy alto<\/p>\n<p>Descripci\u00f3n:<\/p>\n<p>Effigy of Arthur Bernardes (Arthur da Silva Bernardes) &#8211; In 1921 he assumed the presidency of the Republic for the four-year period 1922\/1926, being the 12th President of the Republic during the period of the Old Republic (1889-1930). During his administration, several revolts broke out, such as the Copacabana Fort and the Prestes Column. In 1926, Arthur Bernardes handed over the presidency to Washington Lu\u00eds.<\/p>\n","protected":false},"excerpt":{"rendered":"<p>Arthur Bernardes (1875-1955) Pa\u00eds: Brasil Serie: Politics C\u00f3digo de cat\u00e1logo: Michel BR 1153 Stamp Number BR 1063 Yvert et Tellier BR 842 Stanley Gibbons BR 1192 RHM BR 532 Temas: Estadistas | Personajes Famosos | Pol\u00edticos Fecha emisi\u00f3n: 1967-11-16 Fecha de caducidad: 1972-12-31 Tama\u00f1o: 22 x 27 mm Colores: Azul Marca de agua: CORREIO BRASIL &hellip;<\/p>\n<p class=\"read-more\"> <a class=\"thunk-readmore button\" href=\"https:\/\/filatelia.cuentista.es\/en\/product\/sello-brasil-arthur-betnardes-10-cts-azul-usado\"> <span class=\"screen-reader-text\">Sello Brasil 1967 &#8211; Arthur Bernardes &#8211; 10 Cts Azul Usado<\/span>Read More<\/a><\/p>","protected":false},"featured_media":3025,"comment_status":"open","ping_status":"closed","template":"","meta":{"_acf_changed":false},"product_brand":[],"product_cat":[1294,20],"product_tag":[],"class_list":{"0":"post-3026","1":"product","2":"type-product","3":"status-publish","4":"has-post-thumbnail","6":"product_cat-brasil","7":"product_cat-sellos-usados","8":"thunk-woo-product-list","9":"opn-qv-enable","10":"open-woo-hover-zoom","11":"open-single-product-tab-horizontal","12":"open-shadow-","13":"open-shadow-hover-","15":"first","16":"instock","17":"sale","18":"shipping-taxable","19":"purchasable","20":"product-type-simple"},"acf":[],"jetpack_sharing_enabled":true,"_links":{"self":[{"href":"https:\/\/filatelia.cuentista.es\/en\/wp-json\/wp\/v2\/product\/3026","targetHints":{"allow":["GET"]}}],"collection":[{"href":"https:\/\/filatelia.cuentista.es\/en\/wp-json\/wp\/v2\/product"}],"about":[{"href":"https:\/\/filatelia.cuentista.es\/en\/wp-json\/wp\/v2\/types\/product"}],"replies":[{"embeddable":true,"href":"https:\/\/filatelia.cuentista.es\/en\/wp-json\/wp\/v2\/comments?post=3026"}],"wp:featuredmedia":[{"embeddable":true,"href":"https:\/\/filatelia.cuentista.es\/en\/wp-json\/wp\/v2\/media\/3025"}],"wp:attachment":[{"href":"https:\/\/filatelia.cuentista.es\/en\/wp-json\/wp\/v2\/media?parent=3026"}],"wp:term":[{"taxonomy":"product_brand","embeddable":true,"href":"https:\/\/filatelia.cuentista.es\/en\/wp-json\/wp\/v2\/product_brand?post=3026"},{"taxonomy":"product_cat","embeddable":true,"href":"https:\/\/filatelia.cuentista.es\/en\/wp-json\/wp\/v2\/product_cat?post=3026"},{"taxonomy":"product_tag","embeddable":true,"href":"https:\/\/filatelia.cuentista.es\/en\/wp-json\/wp\/v2\/product_tag?post=3026"}],"curies":[{"name":"wp","href":"https:\/\/api.w.org\/{rel}","templated":true}]}}