{"id":3016,"date":"2024-09-21T12:17:56","date_gmt":"2024-09-21T12:17:56","guid":{"rendered":"https:\/\/filatelia.cuentista.es\/product\/sello-brasil-50-aniversario-zappelin-400-cr"},"modified":"2024-09-21T12:20:27","modified_gmt":"2024-09-21T12:20:27","slug":"sello-brasil-50-aniversario-zappelin-400-cr","status":"publish","type":"product","link":"https:\/\/filatelia.cuentista.es\/en\/product\/sello-brasil-50-aniversario-zappelin-400-cr","title":{"rendered":"Sello Brasil 1980  &#8211; 50 Aniversario Zeppelin 4,00 Cr$"},"content":{"rendered":"<p>50 Years Zeppelin<\/p>\n<p><img class=\"size-full\"><\/p>\n<p>Pa\u00eds:<\/p>\n<p>Brasil<\/p>\n<p>C\u00f3digo de cat\u00e1logo:<\/p>\n<p>Michel BR 1768<\/p>\n<p>Stamp Number BR 1694<\/p>\n<p>Yvert et Tellier BR 1426<\/p>\n<p>Stanley Gibbons BR 1845<\/p>\n<p>RHM BR C-1145<\/p>\n<p>Temas:<\/p>\n<p>Aviaci\u00f3n | Zepelines<\/p>\n<p>Fecha emisi\u00f3n:<\/p>\n<p>1980-06-06<\/p>\n<p>Fecha de caducidad:<\/p>\n<p>1986-02-28<\/p>\n<p>Tama\u00f1o:<\/p>\n<p>44 x 26 mm<\/p>\n<p>Colores:<\/p>\n<p>Multicolor<\/p>\n<p>Marca de agua:<\/p>\n<p>Sin Marca de agua<\/p>\n<p>Dise\u00f1adores:<\/p>\n<p>Ary Fagundes<\/p>\n<p>Impresores\/Imprentas:<\/p>\n<p>Casa da Moeda do Brasil<\/p>\n<p>Formato:<\/p>\n<p>Sello<\/p>\n<p>Emisi\u00f3n:<\/p>\n<p>Conmemorativo<\/p>\n<p>Perforaci\u00f3n:<\/p>\n<p>peine11 x 11\u00bd<\/p>\n<p>Impresi\u00f3n:<\/p>\n<p>Litograf\u00eda offset<\/p>\n<p>Papel:<\/p>\n<p>Couch\u00e9 phosphorescent<\/p>\n<p>Goma:<\/p>\n<p>Lustroso<\/p>\n<p>Valor facial:<\/p>\n<p>4 Cruzeiro de Brasil<\/p>\n<p>Tiraje:<\/p>\n<p>2.500.000<\/p>\n<p>Puntuaci\u00f3n:<\/p>\n<p>25% Precisi\u00f3n: Muy alto<\/p>\n<p>Descripci\u00f3n:<\/p>\n<p>50th anniversary of the Europe-Pan American flight of 1930 from Spain to Brazil and the United States. The flight was part-funded by the sale of commemorative Airmail stamps.<\/p>\n<p><a href=\"https:\/\/colnect.com\/stamps\/stamp\/209631\">https:\/\/colnect.com\/stamps\/stamp\/209631<\/a><\/p>","protected":false},"excerpt":{"rendered":"<p>50 Years Zeppelin Pa\u00eds: Brasil C\u00f3digo de cat\u00e1logo: Michel BR 1768 Stamp Number BR 1694 Yvert et Tellier BR 1426 Stanley Gibbons BR 1845 RHM BR C-1145 Temas: Aviaci\u00f3n | Zepelines Fecha emisi\u00f3n: 1980-06-06 Fecha de caducidad: 1986-02-28 Tama\u00f1o: 44 x 26 mm Colores: Multicolor Marca de agua: Sin Marca de agua Dise\u00f1adores: Ary Fagundes &hellip;<\/p>\n<p class=\"read-more\"> <a class=\"thunk-readmore button\" href=\"https:\/\/filatelia.cuentista.es\/en\/product\/sello-brasil-50-aniversario-zappelin-400-cr\"> <span class=\"screen-reader-text\">Sello Brasil 1980  &#8211; 50 Aniversario Zeppelin 4,00 Cr$<\/span>Read More<\/a><\/p>","protected":false},"featured_media":3015,"comment_status":"open","ping_status":"closed","template":"","meta":{"_acf_changed":false},"product_brand":[],"product_cat":[1294,20],"product_tag":[],"class_list":{"0":"post-3016","1":"product","2":"type-product","3":"status-publish","4":"has-post-thumbnail","6":"product_cat-brasil","7":"product_cat-sellos-usados","8":"thunk-woo-product-list","9":"opn-qv-enable","10":"open-woo-hover-zoom","11":"open-single-product-tab-horizontal","12":"open-shadow-","13":"open-shadow-hover-","15":"first","16":"instock","17":"sale","18":"shipping-taxable","19":"purchasable","20":"product-type-simple"},"acf":[],"jetpack_sharing_enabled":true,"_links":{"self":[{"href":"https:\/\/filatelia.cuentista.es\/en\/wp-json\/wp\/v2\/product\/3016","targetHints":{"allow":["GET"]}}],"collection":[{"href":"https:\/\/filatelia.cuentista.es\/en\/wp-json\/wp\/v2\/product"}],"about":[{"href":"https:\/\/filatelia.cuentista.es\/en\/wp-json\/wp\/v2\/types\/product"}],"replies":[{"embeddable":true,"href":"https:\/\/filatelia.cuentista.es\/en\/wp-json\/wp\/v2\/comments?post=3016"}],"wp:featuredmedia":[{"embeddable":true,"href":"https:\/\/filatelia.cuentista.es\/en\/wp-json\/wp\/v2\/media\/3015"}],"wp:attachment":[{"href":"https:\/\/filatelia.cuentista.es\/en\/wp-json\/wp\/v2\/media?parent=3016"}],"wp:term":[{"taxonomy":"product_brand","embeddable":true,"href":"https:\/\/filatelia.cuentista.es\/en\/wp-json\/wp\/v2\/product_brand?post=3016"},{"taxonomy":"product_cat","embeddable":true,"href":"https:\/\/filatelia.cuentista.es\/en\/wp-json\/wp\/v2\/product_cat?post=3016"},{"taxonomy":"product_tag","embeddable":true,"href":"https:\/\/filatelia.cuentista.es\/en\/wp-json\/wp\/v2\/product_tag?post=3016"}],"curies":[{"name":"wp","href":"https:\/\/api.w.org\/{rel}","templated":true}]}}