{"id":3006,"date":"2024-09-21T11:54:45","date_gmt":"2024-09-21T11:54:45","guid":{"rendered":"https:\/\/filatelia.cuentista.es\/product\/sello-brasil-1966-ruben-dario-100-cruzeiros-laila-usado"},"modified":"2024-09-21T11:58:34","modified_gmt":"2024-09-21T11:58:34","slug":"sello-brasil-1966-ruben-dario-100-cruzeiros-laila-usado","status":"publish","type":"product","link":"https:\/\/filatelia.cuentista.es\/en\/product\/sello-brasil-1966-ruben-dario-100-cruzeiros-laila-usado","title":{"rendered":"Sello Brasil 1966 &#8211; Rub\u00e9n Dar\u00edo &#8211; 100 cruzeiros Laila , usado"},"content":{"rendered":"<p>Anniversary of the Death Ruben Dario<\/p>\n<p><img class=\"size-full\"><\/p>\n<p>Pa\u00eds:<\/p>\n<p>Brasil<\/p>\n<p>Serie:<\/p>\n<p>Personalities<\/p>\n<p>C\u00f3digo de cat\u00e1logo:<\/p>\n<p>Michel BR 1116<\/p>\n<p>Stamp Number BR 1024<\/p>\n<p>Yvert et Tellier BR 802<\/p>\n<p>Stanley Gibbons BR 1148<\/p>\n<p>RHM BR C-554<\/p>\n<p>Temas:<\/p>\n<p>Aniversarios y Jubileos | Autores | Gente de Letras (escritores y poetas) | Hombres | Literatura | Personajes Famosos<\/p>\n<p>Fecha emisi\u00f3n:<\/p>\n<p>1966-09-20<\/p>\n<p>Colores:<\/p>\n<p>P\u00farpura<\/p>\n<p>Impresores\/Imprentas:<\/p>\n<p>Casa da Moeda do Brasil<\/p>\n<p>Formato:<\/p>\n<p>Sello<\/p>\n<p>Emisi\u00f3n:<\/p>\n<p>Conmemorativo<\/p>\n<p>Perforaci\u00f3n:<\/p>\n<p>peine11\u00bd x 11<\/p>\n<p>Impresi\u00f3n:<\/p>\n<p>Fotograbado<\/p>\n<p>Valor facial:<\/p>\n<p>100 Cruzeiro de Brasil<\/p>\n<p>Tiraje:<\/p>\n<p>3.000.000<\/p>\n<p><a href=\"https:\/\/colnect.com\/stamps\/stamp\/263081\">https:\/\/colnect.com\/stamps\/stamp\/263081<\/a><\/p>","protected":false},"excerpt":{"rendered":"<p>Anniversary of the Death Ruben Dario Pa\u00eds: Brasil Serie: Personalities C\u00f3digo de cat\u00e1logo: Michel BR 1116 Stamp Number BR 1024 Yvert et Tellier BR 802 Stanley Gibbons BR 1148 RHM BR C-554 Temas: Aniversarios y Jubileos | Autores | Gente de Letras (escritores y poetas) | Hombres | Literatura | Personajes Famosos Fecha emisi\u00f3n: 1966-09-20 &hellip;<\/p>\n<p class=\"read-more\"> <a class=\"thunk-readmore button\" href=\"https:\/\/filatelia.cuentista.es\/en\/product\/sello-brasil-1966-ruben-dario-100-cruzeiros-laila-usado\"> <span class=\"screen-reader-text\">Sello Brasil 1966 &#8211; Rub\u00e9n Dar\u00edo &#8211; 100 cruzeiros Laila , usado<\/span>Read More<\/a><\/p>","protected":false},"featured_media":3005,"comment_status":"open","ping_status":"closed","template":"","meta":{"_acf_changed":false},"product_brand":[],"product_cat":[1294,20],"product_tag":[],"class_list":{"0":"post-3006","1":"product","2":"type-product","3":"status-publish","4":"has-post-thumbnail","6":"product_cat-brasil","7":"product_cat-sellos-usados","8":"thunk-woo-product-list","9":"opn-qv-enable","10":"open-woo-hover-zoom","11":"open-single-product-tab-horizontal","12":"open-shadow-","13":"open-shadow-hover-","15":"first","16":"instock","17":"sale","18":"shipping-taxable","19":"purchasable","20":"product-type-simple"},"acf":[],"jetpack_sharing_enabled":true,"_links":{"self":[{"href":"https:\/\/filatelia.cuentista.es\/en\/wp-json\/wp\/v2\/product\/3006","targetHints":{"allow":["GET"]}}],"collection":[{"href":"https:\/\/filatelia.cuentista.es\/en\/wp-json\/wp\/v2\/product"}],"about":[{"href":"https:\/\/filatelia.cuentista.es\/en\/wp-json\/wp\/v2\/types\/product"}],"replies":[{"embeddable":true,"href":"https:\/\/filatelia.cuentista.es\/en\/wp-json\/wp\/v2\/comments?post=3006"}],"wp:featuredmedia":[{"embeddable":true,"href":"https:\/\/filatelia.cuentista.es\/en\/wp-json\/wp\/v2\/media\/3005"}],"wp:attachment":[{"href":"https:\/\/filatelia.cuentista.es\/en\/wp-json\/wp\/v2\/media?parent=3006"}],"wp:term":[{"taxonomy":"product_brand","embeddable":true,"href":"https:\/\/filatelia.cuentista.es\/en\/wp-json\/wp\/v2\/product_brand?post=3006"},{"taxonomy":"product_cat","embeddable":true,"href":"https:\/\/filatelia.cuentista.es\/en\/wp-json\/wp\/v2\/product_cat?post=3006"},{"taxonomy":"product_tag","embeddable":true,"href":"https:\/\/filatelia.cuentista.es\/en\/wp-json\/wp\/v2\/product_tag?post=3006"}],"curies":[{"name":"wp","href":"https:\/\/api.w.org\/{rel}","templated":true}]}}