{"id":3004,"date":"2024-09-21T08:16:50","date_gmt":"2024-09-21T08:16:50","guid":{"rendered":"https:\/\/filatelia.cuentista.es\/product\/sello-brasil-1960-congreso-eucaristico-330-rosa-usado-aereo"},"modified":"2024-09-21T11:53:15","modified_gmt":"2024-09-21T11:53:15","slug":"sello-brasil-1960-congreso-eucaristico-330-rosa-usado-aereo","status":"publish","type":"product","link":"https:\/\/filatelia.cuentista.es\/en\/product\/sello-brasil-1960-congreso-eucaristico-330-rosa-usado-aereo","title":{"rendered":"Sello Brasil 1960 &#8211; Congreso Eucar\u00edstico- 3,30 Rosa Usado &#8211; A\u00e9reo"},"content":{"rendered":"<p>Pa\u00eds:<\/p>\n<p>Brasil<\/p>\n<p>Serie:<\/p>\n<p>Eucharistic Congress<\/p>\n<p>C\u00f3digo de cat\u00e1logo:<\/p>\n<p>Michel BR 983<\/p>\n<p>Stamp Number BR C99<\/p>\n<p>Yvert et Tellier BR PA87<\/p>\n<p>Stanley Gibbons BR 1032<\/p>\n<p>RHM BR A-97<\/p>\n<p>Temas:<\/p>\n<p>Religi\u00f3n | Sellos (Emblemas)<\/p>\n<p>Fecha emisi\u00f3n:<\/p>\n<p>1960-06-16<\/p>\n<p>Colores:<\/p>\n<p>Rosado intenso<\/p>\n<p>Impresores\/Imprentas:<\/p>\n<p>Casa da Moeda do Brasil<\/p>\n<p>Formato:<\/p>\n<p>Sello<\/p>\n<p>Emisi\u00f3n:<\/p>\n<p>Correo A\u00e9reo<\/p>\n<p>Perforaci\u00f3n:<\/p>\n<p>peine10\u00be x 11\u00bd<\/p>\n<p>Impresi\u00f3n:<\/p>\n<p>Fotograbado<\/p>\n<p>Valor facial:<\/p>\n<p>3,30 Cruzeiro de Brasil<\/p>\n<p>Tiraje:<\/p>\n<p>5.000.000<\/p>\n<p>Puntuaci\u00f3n:<\/p>\n<p>12% Precisi\u00f3n: Muy alto<\/p>\n<p>Descripci\u00f3n:<\/p>\n<p>Emblem of the VII National Eucharistic Congress &#8211; Curitiba\/PR.<\/p>\n<p><a href=\"https:\/\/colnect.com\/stamps\/stamp\/189474\">https:\/\/colnect.com\/stamps\/stamp\/189474<\/a><\/p>","protected":false},"excerpt":{"rendered":"<p>Pa\u00eds: Brasil Serie: Eucharistic Congress C\u00f3digo de cat\u00e1logo: Michel BR 983 Stamp Number BR C99 Yvert et Tellier BR PA87 Stanley Gibbons BR 1032 RHM BR A-97 Temas: Religi\u00f3n | Sellos (Emblemas) Fecha emisi\u00f3n: 1960-06-16 Colores: Rosado intenso Impresores\/Imprentas: Casa da Moeda do Brasil Formato: Sello Emisi\u00f3n: Correo A\u00e9reo Perforaci\u00f3n: peine10\u00be x 11\u00bd Impresi\u00f3n: Fotograbado &hellip;<\/p>\n<p class=\"read-more\"> <a class=\"thunk-readmore button\" href=\"https:\/\/filatelia.cuentista.es\/en\/product\/sello-brasil-1960-congreso-eucaristico-330-rosa-usado-aereo\"> <span class=\"screen-reader-text\">Sello Brasil 1960 &#8211; Congreso Eucar\u00edstico- 3,30 Rosa Usado &#8211; A\u00e9reo<\/span>Read More<\/a><\/p>","protected":false},"featured_media":3003,"comment_status":"open","ping_status":"closed","template":"","meta":{"_acf_changed":false},"product_brand":[],"product_cat":[1294,20],"product_tag":[],"class_list":{"0":"post-3004","1":"product","2":"type-product","3":"status-publish","4":"has-post-thumbnail","6":"product_cat-brasil","7":"product_cat-sellos-usados","8":"thunk-woo-product-list","9":"opn-qv-enable","10":"open-woo-hover-zoom","11":"open-single-product-tab-horizontal","12":"open-shadow-","13":"open-shadow-hover-","15":"first","16":"instock","17":"sale","18":"shipping-taxable","19":"purchasable","20":"product-type-simple"},"acf":[],"jetpack_sharing_enabled":true,"_links":{"self":[{"href":"https:\/\/filatelia.cuentista.es\/en\/wp-json\/wp\/v2\/product\/3004","targetHints":{"allow":["GET"]}}],"collection":[{"href":"https:\/\/filatelia.cuentista.es\/en\/wp-json\/wp\/v2\/product"}],"about":[{"href":"https:\/\/filatelia.cuentista.es\/en\/wp-json\/wp\/v2\/types\/product"}],"replies":[{"embeddable":true,"href":"https:\/\/filatelia.cuentista.es\/en\/wp-json\/wp\/v2\/comments?post=3004"}],"wp:featuredmedia":[{"embeddable":true,"href":"https:\/\/filatelia.cuentista.es\/en\/wp-json\/wp\/v2\/media\/3003"}],"wp:attachment":[{"href":"https:\/\/filatelia.cuentista.es\/en\/wp-json\/wp\/v2\/media?parent=3004"}],"wp:term":[{"taxonomy":"product_brand","embeddable":true,"href":"https:\/\/filatelia.cuentista.es\/en\/wp-json\/wp\/v2\/product_brand?post=3004"},{"taxonomy":"product_cat","embeddable":true,"href":"https:\/\/filatelia.cuentista.es\/en\/wp-json\/wp\/v2\/product_cat?post=3004"},{"taxonomy":"product_tag","embeddable":true,"href":"https:\/\/filatelia.cuentista.es\/en\/wp-json\/wp\/v2\/product_tag?post=3004"}],"curies":[{"name":"wp","href":"https:\/\/api.w.org\/{rel}","templated":true}]}}