{"id":3002,"date":"2024-09-21T08:13:49","date_gmt":"2024-09-21T08:13:49","guid":{"rendered":"https:\/\/filatelia.cuentista.es\/product\/sello-brasil-1958-declaracion-de-los-derechos-del-hombre-250-r-azul-usado"},"modified":"2024-09-21T08:15:28","modified_gmt":"2024-09-21T08:15:28","slug":"sello-brasil-1958-declaracion-de-los-derechos-del-hombre-250-r-azul-usado","status":"publish","type":"product","link":"https:\/\/filatelia.cuentista.es\/en\/product\/sello-brasil-1958-declaracion-de-los-derechos-del-hombre-250-r-azul-usado","title":{"rendered":"Sello Brasil 1958 &#8211; Declaraci\u00f3n de los derechos del hombre- 2,50 r$ Azul Usado"},"content":{"rendered":"<p>Pa\u00eds:<\/p>\n<p>Brasil<\/p>\n<p>C\u00f3digo de cat\u00e1logo:<\/p>\n<p>Michel BR 951<\/p>\n<p>Stamp Number BR 886<\/p>\n<p>Yvert et Tellier BR 668<\/p>\n<p>Stanley Gibbons BR 999<\/p>\n<p>RHM BR C-429<\/p>\n<p>Temas:<\/p>\n<p>Aniversarios y Jubileos | Derechos Humanos | Globos Terrestres | O.N.U.<\/p>\n<p>Fecha emisi\u00f3n:<\/p>\n<p>1958-12-26<\/p>\n<p>Tama\u00f1o:<\/p>\n<p>29 x 42 mm<\/p>\n<p>Colores:<\/p>\n<p>Azul claro<\/p>\n<p>Impresores\/Imprentas:<\/p>\n<p>Casa da Moeda do Brasil<\/p>\n<p>Formato:<\/p>\n<p>Sello<\/p>\n<p>Emisi\u00f3n:<\/p>\n<p>Conmemorativo<\/p>\n<p>Perforaci\u00f3n:<\/p>\n<p>11\u00be<\/p>\n<p>Impresi\u00f3n:<\/p>\n<p>Fotograbado<\/p>\n<p>Valor facial:<\/p>\n<p>2,50 Cruzeiro de Brasil<\/p>\n<p>Tiraje:<\/p>\n<p>5.000.000<\/p>\n<p>Puntuaci\u00f3n:<\/p>\n<p>13% Precisi\u00f3n: Muy alto<\/p>\n<p>Descripci\u00f3n:<\/p>\n<p>UN emblem and the word (PAZ) PAZ. Filigree \u00abQ\u00bb.<\/p>\n<p><a href=\"https:\/\/colnect.com\/stamps\/stamp\/216427\">https:\/\/colnect.com\/stamps\/stamp\/216427<\/a><\/p>","protected":false},"excerpt":{"rendered":"<p>Pa\u00eds: Brasil C\u00f3digo de cat\u00e1logo: Michel BR 951 Stamp Number BR 886 Yvert et Tellier BR 668 Stanley Gibbons BR 999 RHM BR C-429 Temas: Aniversarios y Jubileos | Derechos Humanos | Globos Terrestres | O.N.U. Fecha emisi\u00f3n: 1958-12-26 Tama\u00f1o: 29 x 42 mm Colores: Azul claro Impresores\/Imprentas: Casa da Moeda do Brasil Formato: Sello &hellip;<\/p>\n<p class=\"read-more\"> <a class=\"thunk-readmore button\" href=\"https:\/\/filatelia.cuentista.es\/en\/product\/sello-brasil-1958-declaracion-de-los-derechos-del-hombre-250-r-azul-usado\"> <span class=\"screen-reader-text\">Sello Brasil 1958 &#8211; Declaraci\u00f3n de los derechos del hombre- 2,50 r$ Azul Usado<\/span>Read More<\/a><\/p>","protected":false},"featured_media":3001,"comment_status":"open","ping_status":"closed","template":"","meta":{"_acf_changed":false},"product_brand":[],"product_cat":[1294,20],"product_tag":[],"class_list":{"0":"post-3002","1":"product","2":"type-product","3":"status-publish","4":"has-post-thumbnail","6":"product_cat-brasil","7":"product_cat-sellos-usados","8":"thunk-woo-product-list","9":"opn-qv-enable","10":"open-woo-hover-zoom","11":"open-single-product-tab-horizontal","12":"open-shadow-","13":"open-shadow-hover-","15":"first","16":"instock","17":"sale","18":"shipping-taxable","19":"purchasable","20":"product-type-simple"},"acf":[],"jetpack_sharing_enabled":true,"_links":{"self":[{"href":"https:\/\/filatelia.cuentista.es\/en\/wp-json\/wp\/v2\/product\/3002","targetHints":{"allow":["GET"]}}],"collection":[{"href":"https:\/\/filatelia.cuentista.es\/en\/wp-json\/wp\/v2\/product"}],"about":[{"href":"https:\/\/filatelia.cuentista.es\/en\/wp-json\/wp\/v2\/types\/product"}],"replies":[{"embeddable":true,"href":"https:\/\/filatelia.cuentista.es\/en\/wp-json\/wp\/v2\/comments?post=3002"}],"wp:featuredmedia":[{"embeddable":true,"href":"https:\/\/filatelia.cuentista.es\/en\/wp-json\/wp\/v2\/media\/3001"}],"wp:attachment":[{"href":"https:\/\/filatelia.cuentista.es\/en\/wp-json\/wp\/v2\/media?parent=3002"}],"wp:term":[{"taxonomy":"product_brand","embeddable":true,"href":"https:\/\/filatelia.cuentista.es\/en\/wp-json\/wp\/v2\/product_brand?post=3002"},{"taxonomy":"product_cat","embeddable":true,"href":"https:\/\/filatelia.cuentista.es\/en\/wp-json\/wp\/v2\/product_cat?post=3002"},{"taxonomy":"product_tag","embeddable":true,"href":"https:\/\/filatelia.cuentista.es\/en\/wp-json\/wp\/v2\/product_tag?post=3002"}],"curies":[{"name":"wp","href":"https:\/\/api.w.org\/{rel}","templated":true}]}}