{"id":2978,"date":"2024-09-19T20:32:11","date_gmt":"2024-09-19T20:32:11","guid":{"rendered":"https:\/\/filatelia.cuentista.es\/product\/sello-brasil-1965-alte-barroso-30-cruzeiros-verde-usado"},"modified":"2024-09-19T20:34:30","modified_gmt":"2024-09-19T20:34:30","slug":"sello-brasil-1965-alte-barroso-30-cruzeiros-verde-usado","status":"publish","type":"product","link":"https:\/\/filatelia.cuentista.es\/en\/product\/sello-brasil-1965-alte-barroso-30-cruzeiros-verde-usado","title":{"rendered":"Sello Brasil 1965 &#8211; Alte Barroso &#8211; 30 cruzeiros Azul usado"},"content":{"rendered":"<p>Pa\u00eds:<\/p>\n<p>Brasil<\/p>\n<p>C\u00f3digo de cat\u00e1logo:<\/p>\n<p>Michel BR 1080<\/p>\n<p>Stamp Number BR 1003<\/p>\n<p>Yvert et Tellier BR 776<\/p>\n<p>Stanley Gibbons BR 1120<\/p>\n<p>RHM BR C-530<\/p>\n<p>Temas:<\/p>\n<p>Batallas<\/p>\n<p>Fecha emisi\u00f3n:<\/p>\n<p>1965-06-11<\/p>\n<p>Colores:<\/p>\n<p>Azul cobalto<\/p>\n<p>Impresores\/Imprentas:<\/p>\n<p>Casa da Moeda do Brasil<\/p>\n<p>Formato:<\/p>\n<p>Sello<\/p>\n<p>Emisi\u00f3n:<\/p>\n<p>Conmemorativo<\/p>\n<p>Perforaci\u00f3n:<\/p>\n<p>peine11\u00bd<\/p>\n<p>Impresi\u00f3n:<\/p>\n<p>Fotograbado<\/p>\n<p>Valor facial:<\/p>\n<p>30 Cruzeiro de Brasil<\/p>\n<p>Tiraje:<\/p>\n<p>5.000.000<\/p>\n<p>Puntuaci\u00f3n:<\/p>\n<p>17% Precisi\u00f3n: Muy alto<\/p>\n<p>Descripci\u00f3n:<\/p>\n<p>Replica of Admiral Barroso&#8217;s statue by sculptor Jos\u00e9 Ot\u00e1vio Correia Lima, located at Pra\u00e7a Paris in Rio de Janeiro\/RJ<\/p>\n<p><a href=\"https:\/\/colnect.com\/stamps\/stamp\/234799\">https:\/\/colnect.com\/stamps\/stamp\/234799<\/a><\/p>","protected":false},"excerpt":{"rendered":"<p>Pa\u00eds: Brasil C\u00f3digo de cat\u00e1logo: Michel BR 1080 Stamp Number BR 1003 Yvert et Tellier BR 776 Stanley Gibbons BR 1120 RHM BR C-530 Temas: Batallas Fecha emisi\u00f3n: 1965-06-11 Colores: Azul cobalto Impresores\/Imprentas: Casa da Moeda do Brasil Formato: Sello Emisi\u00f3n: Conmemorativo Perforaci\u00f3n: peine11\u00bd Impresi\u00f3n: Fotograbado Valor facial: 30 Cruzeiro de Brasil Tiraje: 5.000.000 Puntuaci\u00f3n: &hellip;<\/p>\n<p class=\"read-more\"> <a class=\"thunk-readmore button\" href=\"https:\/\/filatelia.cuentista.es\/en\/product\/sello-brasil-1965-alte-barroso-30-cruzeiros-verde-usado\"> <span class=\"screen-reader-text\">Sello Brasil 1965 &#8211; Alte Barroso &#8211; 30 cruzeiros Azul usado<\/span>Read More<\/a><\/p>","protected":false},"featured_media":2977,"comment_status":"open","ping_status":"closed","template":"","meta":{"_acf_changed":false},"product_brand":[],"product_cat":[1294,20],"product_tag":[],"class_list":{"0":"post-2978","1":"product","2":"type-product","3":"status-publish","4":"has-post-thumbnail","6":"product_cat-brasil","7":"product_cat-sellos-usados","8":"thunk-woo-product-list","9":"opn-qv-enable","10":"open-woo-hover-zoom","11":"open-single-product-tab-horizontal","12":"open-shadow-","13":"open-shadow-hover-","15":"first","16":"instock","17":"sale","18":"shipping-taxable","19":"purchasable","20":"product-type-simple"},"acf":[],"jetpack_sharing_enabled":true,"_links":{"self":[{"href":"https:\/\/filatelia.cuentista.es\/en\/wp-json\/wp\/v2\/product\/2978","targetHints":{"allow":["GET"]}}],"collection":[{"href":"https:\/\/filatelia.cuentista.es\/en\/wp-json\/wp\/v2\/product"}],"about":[{"href":"https:\/\/filatelia.cuentista.es\/en\/wp-json\/wp\/v2\/types\/product"}],"replies":[{"embeddable":true,"href":"https:\/\/filatelia.cuentista.es\/en\/wp-json\/wp\/v2\/comments?post=2978"}],"wp:featuredmedia":[{"embeddable":true,"href":"https:\/\/filatelia.cuentista.es\/en\/wp-json\/wp\/v2\/media\/2977"}],"wp:attachment":[{"href":"https:\/\/filatelia.cuentista.es\/en\/wp-json\/wp\/v2\/media?parent=2978"}],"wp:term":[{"taxonomy":"product_brand","embeddable":true,"href":"https:\/\/filatelia.cuentista.es\/en\/wp-json\/wp\/v2\/product_brand?post=2978"},{"taxonomy":"product_cat","embeddable":true,"href":"https:\/\/filatelia.cuentista.es\/en\/wp-json\/wp\/v2\/product_cat?post=2978"},{"taxonomy":"product_tag","embeddable":true,"href":"https:\/\/filatelia.cuentista.es\/en\/wp-json\/wp\/v2\/product_tag?post=2978"}],"curies":[{"name":"wp","href":"https:\/\/api.w.org\/{rel}","templated":true}]}}