{"id":2971,"date":"2024-09-19T07:04:42","date_gmt":"2024-09-19T07:04:42","guid":{"rendered":"https:\/\/filatelia.cuentista.es\/product\/sello-brasil-postal-service-40-cts-dark-green-usado"},"modified":"2024-10-20T17:43:04","modified_gmt":"2024-10-20T17:43:04","slug":"sello-brasil-postal-service-40-cts-dark-green-usado","status":"publish","type":"product","link":"https:\/\/filatelia.cuentista.es\/en\/product\/sello-brasil-postal-service-40-cts-dark-green-usado","title":{"rendered":"Sello Brasil 1973 &#8211; Postal Service &#8211; 40 Cts Dark Green, usado"},"content":{"rendered":"<p>Pa\u00eds:<\/p>\n<p>Brasil<\/p>\n<p>Serie:<\/p>\n<p>Mark Post and Emblem<\/p>\n<p>C\u00f3digo de cat\u00e1logo:<\/p>\n<p>Michel BR 1363<\/p>\n<p>Stamp Number BR 1254<\/p>\n<p>Yvert et Tellier BR 1030<\/p>\n<p>Stanley Gibbons BR 1387<\/p>\n<p>RHM BR 544<\/p>\n<p>Temas:<\/p>\n<p>N\u00fameros<\/p>\n<p>Fecha emisi\u00f3n:<\/p>\n<p>1973-05-05<\/p>\n<p>Fecha de caducidad:<\/p>\n<p>1976-12-31<\/p>\n<p>Tama\u00f1o:<\/p>\n<p>27 x 22 mm<\/p>\n<p>Colores:<\/p>\n<p>Verde oscuro<\/p>\n<p>Marca de agua:<\/p>\n<p>Sin Marca de agua<\/p>\n<p>Dise\u00f1adores:<\/p>\n<p>Gian Calvi<\/p>\n<p>Impresores\/Imprentas:<\/p>\n<p>Casa da Moeda do Brasil<\/p>\n<p>Formato:<\/p>\n<p>Sello<\/p>\n<p>Emisi\u00f3n:<\/p>\n<p>Definitivo<\/p>\n<p>Perforaci\u00f3n:<\/p>\n<p>peine11\u00bd x 11<\/p>\n<p>Impresi\u00f3n:<\/p>\n<p>Fotograbado<\/p>\n<p>Papel:<\/p>\n<p>Couch\u00e9 phosphorecent<\/p>\n<p>Goma:<\/p>\n<p>Sin goma tal como se emite<\/p>\n<p>Valor facial:<\/p>\n<p>40 Centavo de Brasil<\/p>\n<p><a href=\"https:\/\/colnect.com\/stamps\/stamp\/152228\">https:\/\/colnect.com\/stamps\/stamp\/152228<\/a><\/p>","protected":false},"excerpt":{"rendered":"<p>Pa\u00eds: Brasil Serie: Mark Post and Emblem C\u00f3digo de cat\u00e1logo: Michel BR 1363 Stamp Number BR 1254 Yvert et Tellier BR 1030 Stanley Gibbons BR 1387 RHM BR 544 Temas: N\u00fameros Fecha emisi\u00f3n: 1973-05-05 Fecha de caducidad: 1976-12-31 Tama\u00f1o: 27 x 22 mm Colores: Verde oscuro Marca de agua: Sin Marca de agua Dise\u00f1adores: Gian &hellip;<\/p>\n<p class=\"read-more\"> <a class=\"thunk-readmore button\" href=\"https:\/\/filatelia.cuentista.es\/en\/product\/sello-brasil-postal-service-40-cts-dark-green-usado\"> <span class=\"screen-reader-text\">Sello Brasil 1973 &#8211; Postal Service &#8211; 40 Cts Dark Green, usado<\/span>Read More<\/a><\/p>","protected":false},"featured_media":2970,"comment_status":"open","ping_status":"closed","template":"","meta":{"_acf_changed":false},"product_brand":[],"product_cat":[1294,20],"product_tag":[],"class_list":{"0":"post-2971","1":"product","2":"type-product","3":"status-publish","4":"has-post-thumbnail","6":"product_cat-brasil","7":"product_cat-sellos-usados","8":"thunk-woo-product-list","9":"opn-qv-enable","10":"open-woo-hover-zoom","11":"open-single-product-tab-horizontal","12":"open-shadow-","13":"open-shadow-hover-","15":"first","16":"instock","17":"sale","18":"shipping-taxable","19":"purchasable","20":"product-type-simple"},"acf":[],"jetpack_sharing_enabled":true,"_links":{"self":[{"href":"https:\/\/filatelia.cuentista.es\/en\/wp-json\/wp\/v2\/product\/2971","targetHints":{"allow":["GET"]}}],"collection":[{"href":"https:\/\/filatelia.cuentista.es\/en\/wp-json\/wp\/v2\/product"}],"about":[{"href":"https:\/\/filatelia.cuentista.es\/en\/wp-json\/wp\/v2\/types\/product"}],"replies":[{"embeddable":true,"href":"https:\/\/filatelia.cuentista.es\/en\/wp-json\/wp\/v2\/comments?post=2971"}],"wp:featuredmedia":[{"embeddable":true,"href":"https:\/\/filatelia.cuentista.es\/en\/wp-json\/wp\/v2\/media\/2970"}],"wp:attachment":[{"href":"https:\/\/filatelia.cuentista.es\/en\/wp-json\/wp\/v2\/media?parent=2971"}],"wp:term":[{"taxonomy":"product_brand","embeddable":true,"href":"https:\/\/filatelia.cuentista.es\/en\/wp-json\/wp\/v2\/product_brand?post=2971"},{"taxonomy":"product_cat","embeddable":true,"href":"https:\/\/filatelia.cuentista.es\/en\/wp-json\/wp\/v2\/product_cat?post=2971"},{"taxonomy":"product_tag","embeddable":true,"href":"https:\/\/filatelia.cuentista.es\/en\/wp-json\/wp\/v2\/product_tag?post=2971"}],"curies":[{"name":"wp","href":"https:\/\/api.w.org\/{rel}","templated":true}]}}