{"id":2963,"date":"2024-09-19T06:52:04","date_gmt":"2024-09-19T06:52:04","guid":{"rendered":"https:\/\/filatelia.cuentista.es\/product\/sello-brasil-servicio-postal-50-cts-ocre-usado"},"modified":"2024-09-22T12:43:46","modified_gmt":"2024-09-22T12:43:46","slug":"sello-brasil-servicio-postal-50-cts-ocre-usado","status":"publish","type":"product","link":"https:\/\/filatelia.cuentista.es\/en\/product\/sello-brasil-servicio-postal-50-cts-ocre-usado","title":{"rendered":"Sello Brasil 1974 &#8211; Servicio Postal &#8211; 50 CTs Ocre, usado"},"content":{"rendered":"<p>Pa\u00eds:<\/p>\n<p>Brasil<\/p>\n<p>Serie:<\/p>\n<p>Mark Post and Emblem<\/p>\n<p>C\u00f3digo de cat\u00e1logo:<\/p>\n<p>Michel BR 1419<\/p>\n<p>Stamp Number BR 1255<\/p>\n<p>Yvert et Tellier BR 1089<\/p>\n<p>Stanley Gibbons BR 1388<\/p>\n<p>RHM BR 545<\/p>\n<p>Variantes:<\/p>\n<p>Click para ver variantes<\/p>\n<p>Temas:<\/p>\n<p>N\u00fameros<\/p>\n<p>Fecha emisi\u00f3n:<\/p>\n<p>1974-02-15<\/p>\n<p>Tama\u00f1o:<\/p>\n<p>28 x 23 mm<\/p>\n<p>Colores:<\/p>\n<p>Oliva Marr\u00f3n<\/p>\n<p>Dise\u00f1adores:<\/p>\n<p>Gian Calvi<\/p>\n<p>Impresores\/Imprentas:<\/p>\n<p>Casa da Moeda do Brasil<\/p>\n<p>Formato:<\/p>\n<p>Sello<\/p>\n<p>Emisi\u00f3n:<\/p>\n<p>Definitivo<\/p>\n<p>Perforaci\u00f3n:<\/p>\n<p>peine11\u00bd x 11<\/p>\n<p>Impresi\u00f3n:<\/p>\n<p>Fotograbado<\/p>\n<p>Papel:<\/p>\n<p>phosphorescent<\/p>\n<p>Valor facial:<\/p>\n<p>50 Centavo de Brasil<\/p>\n<p><a href=\"https:\/\/colnect.com\/stamps\/stamp\/214458\">https:\/\/colnect.com\/stamps\/stamp\/214458<\/a><\/p>","protected":false},"excerpt":{"rendered":"<p>Pa\u00eds: Brasil Serie: Mark Post and Emblem C\u00f3digo de cat\u00e1logo: Michel BR 1419 Stamp Number BR 1255 Yvert et Tellier BR 1089 Stanley Gibbons BR 1388 RHM BR 545 Variantes: Click para ver variantes Temas: N\u00fameros Fecha emisi\u00f3n: 1974-02-15 Tama\u00f1o: 28 x 23 mm Colores: Oliva Marr\u00f3n Dise\u00f1adores: Gian Calvi Impresores\/Imprentas: Casa da Moeda do &hellip;<\/p>\n<p class=\"read-more\"> <a class=\"thunk-readmore button\" href=\"https:\/\/filatelia.cuentista.es\/en\/product\/sello-brasil-servicio-postal-50-cts-ocre-usado\"> <span class=\"screen-reader-text\">Sello Brasil 1974 &#8211; Servicio Postal &#8211; 50 CTs Ocre, usado<\/span>Read More<\/a><\/p>","protected":false},"featured_media":2962,"comment_status":"open","ping_status":"closed","template":"","meta":{"_acf_changed":false},"product_brand":[],"product_cat":[1294,20],"product_tag":[],"class_list":{"0":"post-2963","1":"product","2":"type-product","3":"status-publish","4":"has-post-thumbnail","6":"product_cat-brasil","7":"product_cat-sellos-usados","8":"thunk-woo-product-list","9":"opn-qv-enable","10":"open-woo-hover-zoom","11":"open-single-product-tab-horizontal","12":"open-shadow-","13":"open-shadow-hover-","15":"first","16":"instock","17":"sale","18":"shipping-taxable","19":"purchasable","20":"product-type-simple"},"acf":[],"jetpack_sharing_enabled":true,"_links":{"self":[{"href":"https:\/\/filatelia.cuentista.es\/en\/wp-json\/wp\/v2\/product\/2963","targetHints":{"allow":["GET"]}}],"collection":[{"href":"https:\/\/filatelia.cuentista.es\/en\/wp-json\/wp\/v2\/product"}],"about":[{"href":"https:\/\/filatelia.cuentista.es\/en\/wp-json\/wp\/v2\/types\/product"}],"replies":[{"embeddable":true,"href":"https:\/\/filatelia.cuentista.es\/en\/wp-json\/wp\/v2\/comments?post=2963"}],"wp:featuredmedia":[{"embeddable":true,"href":"https:\/\/filatelia.cuentista.es\/en\/wp-json\/wp\/v2\/media\/2962"}],"wp:attachment":[{"href":"https:\/\/filatelia.cuentista.es\/en\/wp-json\/wp\/v2\/media?parent=2963"}],"wp:term":[{"taxonomy":"product_brand","embeddable":true,"href":"https:\/\/filatelia.cuentista.es\/en\/wp-json\/wp\/v2\/product_brand?post=2963"},{"taxonomy":"product_cat","embeddable":true,"href":"https:\/\/filatelia.cuentista.es\/en\/wp-json\/wp\/v2\/product_cat?post=2963"},{"taxonomy":"product_tag","embeddable":true,"href":"https:\/\/filatelia.cuentista.es\/en\/wp-json\/wp\/v2\/product_tag?post=2963"}],"curies":[{"name":"wp","href":"https:\/\/api.w.org\/{rel}","templated":true}]}}