{"id":2961,"date":"2024-09-19T06:47:25","date_gmt":"2024-09-19T06:47:25","guid":{"rendered":"https:\/\/filatelia.cuentista.es\/product\/sello-brasil-servicio-postal-20-cts-azul-usado"},"modified":"2024-09-21T18:56:56","modified_gmt":"2024-09-21T18:56:56","slug":"sello-brasil-servicio-postal-20-cts-azul-usado","status":"publish","type":"product","link":"https:\/\/filatelia.cuentista.es\/en\/product\/sello-brasil-servicio-postal-20-cts-azul-usado","title":{"rendered":"Sello Brasil 1972 &#8211; Servicio Postal &#8211; 20 Cts Azul, usado"},"content":{"rendered":"<p>Pa\u00eds:<\/p>\n<p>Brasil<\/p>\n<p>Serie:<\/p>\n<p>Mark Post and Emblem<\/p>\n<p>C\u00f3digo de cat\u00e1logo:<\/p>\n<p>Michel BR 1343Yy<\/p>\n<p>Stamp Number BR 1251<\/p>\n<p>Yvert et Tellier BR 1028<\/p>\n<p>Stanley Gibbons BR 1385<\/p>\n<p>RHM BR 542<\/p>\n<p>Variantes:<\/p>\n<p>Click para ver variantes<\/p>\n<p>Temas:<\/p>\n<p>N\u00fameros<\/p>\n<p>Fecha emisi\u00f3n:<\/p>\n<p>1972-09-11<\/p>\n<p>Fecha de caducidad:<\/p>\n<p>1986-02-27<\/p>\n<p>Tama\u00f1o:<\/p>\n<p>27 x 22 mm<\/p>\n<p>Colores:<\/p>\n<p>Azul<\/p>\n<p>Marca de agua:<\/p>\n<p>Sin Marca de agua<\/p>\n<p>Dise\u00f1adores:<\/p>\n<p>Gian Calvi<\/p>\n<p>Impresores\/Imprentas:<\/p>\n<p>Casa da Moeda do Brasil<\/p>\n<p>Formato:<\/p>\n<p>Sello<\/p>\n<p>Emisi\u00f3n:<\/p>\n<p>Definitivo<\/p>\n<p>Perforaci\u00f3n:<\/p>\n<p>peine11<\/p>\n<p>Impresi\u00f3n:<\/p>\n<p>Fotograbado<\/p>\n<p>Papel:<\/p>\n<p>Couche and Phosphorescent<\/p>\n<p>Goma:<\/p>\n<p>Sin goma tal como se emite<\/p>\n<p>Valor facial:<\/p>\n<p>20 Centavo de Brasil<\/p>\n<p><a href=\"https:\/\/colnect.com\/stamps\/stamp\/152227\">https:\/\/colnect.com\/stamps\/stamp\/152227<\/a><\/p>","protected":false},"excerpt":{"rendered":"<p>Pa\u00eds: Brasil Serie: Mark Post and Emblem C\u00f3digo de cat\u00e1logo: Michel BR 1343Yy Stamp Number BR 1251 Yvert et Tellier BR 1028 Stanley Gibbons BR 1385 RHM BR 542 Variantes: Click para ver variantes Temas: N\u00fameros Fecha emisi\u00f3n: 1972-09-11 Fecha de caducidad: 1986-02-27 Tama\u00f1o: 27 x 22 mm Colores: Azul Marca de agua: Sin Marca &hellip;<\/p>\n<p class=\"read-more\"> <a class=\"thunk-readmore button\" href=\"https:\/\/filatelia.cuentista.es\/en\/product\/sello-brasil-servicio-postal-20-cts-azul-usado\"> <span class=\"screen-reader-text\">Sello Brasil 1972 &#8211; Servicio Postal &#8211; 20 Cts Azul, usado<\/span>Read More<\/a><\/p>","protected":false},"featured_media":2960,"comment_status":"open","ping_status":"closed","template":"","meta":{"_acf_changed":false},"product_brand":[],"product_cat":[1294,20],"product_tag":[],"class_list":{"0":"post-2961","1":"product","2":"type-product","3":"status-publish","4":"has-post-thumbnail","6":"product_cat-brasil","7":"product_cat-sellos-usados","8":"thunk-woo-product-list","9":"opn-qv-enable","10":"open-woo-hover-zoom","11":"open-single-product-tab-horizontal","12":"open-shadow-","13":"open-shadow-hover-","15":"first","16":"instock","17":"sale","18":"shipping-taxable","19":"purchasable","20":"product-type-simple"},"acf":[],"jetpack_sharing_enabled":true,"_links":{"self":[{"href":"https:\/\/filatelia.cuentista.es\/en\/wp-json\/wp\/v2\/product\/2961","targetHints":{"allow":["GET"]}}],"collection":[{"href":"https:\/\/filatelia.cuentista.es\/en\/wp-json\/wp\/v2\/product"}],"about":[{"href":"https:\/\/filatelia.cuentista.es\/en\/wp-json\/wp\/v2\/types\/product"}],"replies":[{"embeddable":true,"href":"https:\/\/filatelia.cuentista.es\/en\/wp-json\/wp\/v2\/comments?post=2961"}],"wp:featuredmedia":[{"embeddable":true,"href":"https:\/\/filatelia.cuentista.es\/en\/wp-json\/wp\/v2\/media\/2960"}],"wp:attachment":[{"href":"https:\/\/filatelia.cuentista.es\/en\/wp-json\/wp\/v2\/media?parent=2961"}],"wp:term":[{"taxonomy":"product_brand","embeddable":true,"href":"https:\/\/filatelia.cuentista.es\/en\/wp-json\/wp\/v2\/product_brand?post=2961"},{"taxonomy":"product_cat","embeddable":true,"href":"https:\/\/filatelia.cuentista.es\/en\/wp-json\/wp\/v2\/product_cat?post=2961"},{"taxonomy":"product_tag","embeddable":true,"href":"https:\/\/filatelia.cuentista.es\/en\/wp-json\/wp\/v2\/product_tag?post=2961"}],"curies":[{"name":"wp","href":"https:\/\/api.w.org\/{rel}","templated":true}]}}