{"id":2959,"date":"2024-09-19T06:44:14","date_gmt":"2024-09-19T06:44:14","guid":{"rendered":"https:\/\/filatelia.cuentista.es\/product\/sello-brasil-servivio-postal-30-cts-granate-usado"},"modified":"2024-09-22T12:42:52","modified_gmt":"2024-09-22T12:42:52","slug":"sello-brasil-servivio-postal-30-cts-granate-usado","status":"publish","type":"product","link":"https:\/\/filatelia.cuentista.es\/en\/product\/sello-brasil-servivio-postal-30-cts-granate-usado","title":{"rendered":"Sello Brasil 1975 &#8211; Servicio Postal &#8211; 30 Cts Rojo P\u00farpura usado"},"content":{"rendered":"<p>Pa\u00eds:<\/p>\n<p>Brasil<\/p>\n<p>Serie:<\/p>\n<p>Mark Post and Emblem<\/p>\n<p>C\u00f3digo de cat\u00e1logo:<\/p>\n<p>Yvert et Tellier BR 1029a<\/p>\n<p>Stanley Gibbons BR 1397<\/p>\n<p>RHM BR 549<\/p>\n<p>Variantes:<\/p>\n<p>Click para ver variantes<\/p>\n<p>Temas:<\/p>\n<p>N\u00fameros<\/p>\n<p>Fecha emisi\u00f3n:<\/p>\n<p>1975<\/p>\n<p>Tama\u00f1o:<\/p>\n<p>28 x 23 mm<\/p>\n<p>Colores:<\/p>\n<p>Rojo P\u00farpura<\/p>\n<p>Dise\u00f1adores:<\/p>\n<p>Gian Calvi<\/p>\n<p>Impresores\/Imprentas:<\/p>\n<p>Casa da Moeda do Brasil<\/p>\n<p>Formato:<\/p>\n<p>Sello<\/p>\n<p>Emisi\u00f3n:<\/p>\n<p>Definitivo<\/p>\n<p>Perforaci\u00f3n:<\/p>\n<p>peine11\u00bd x 11<\/p>\n<p>Impresi\u00f3n:<\/p>\n<p>Fotograbado<\/p>\n<p>Papel:<\/p>\n<p>phosphorescent bars<\/p>\n<p>Valor facial:<\/p>\n<p>30 Centavo de Brasil<\/p>\n<p>Puntuaci\u00f3n:<\/p>\n<p>16% Precisi\u00f3n: Muy alto<\/p>\n<p>Descripci\u00f3n:<\/p>\n<p>Phosphorescent pigment bar printed vertically on the stamp.<\/p>\n<p><a href=\"https:\/\/colnect.com\/stamps\/stamp\/214488\">https:\/\/colnect.com\/stamps\/stamp\/214488<\/a><\/p>","protected":false},"excerpt":{"rendered":"<p>Pa\u00eds: Brasil Serie: Mark Post and Emblem C\u00f3digo de cat\u00e1logo: Yvert et Tellier BR 1029a Stanley Gibbons BR 1397 RHM BR 549 Variantes: Click para ver variantes Temas: N\u00fameros Fecha emisi\u00f3n: 1975 Tama\u00f1o: 28 x 23 mm Colores: Rojo P\u00farpura Dise\u00f1adores: Gian Calvi Impresores\/Imprentas: Casa da Moeda do Brasil Formato: Sello Emisi\u00f3n: Definitivo Perforaci\u00f3n: peine11\u00bd &hellip;<\/p>\n<p class=\"read-more\"> <a class=\"thunk-readmore button\" href=\"https:\/\/filatelia.cuentista.es\/en\/product\/sello-brasil-servivio-postal-30-cts-granate-usado\"> <span class=\"screen-reader-text\">Sello Brasil 1975 &#8211; Servicio Postal &#8211; 30 Cts Rojo P\u00farpura usado<\/span>Read More<\/a><\/p>","protected":false},"featured_media":2958,"comment_status":"open","ping_status":"closed","template":"","meta":{"_acf_changed":false},"product_brand":[],"product_cat":[1294,20],"product_tag":[],"class_list":{"0":"post-2959","1":"product","2":"type-product","3":"status-publish","4":"has-post-thumbnail","6":"product_cat-brasil","7":"product_cat-sellos-usados","8":"thunk-woo-product-list","9":"opn-qv-enable","10":"open-woo-hover-zoom","11":"open-single-product-tab-horizontal","12":"open-shadow-","13":"open-shadow-hover-","15":"first","16":"instock","17":"sale","18":"shipping-taxable","19":"purchasable","20":"product-type-simple"},"acf":[],"jetpack_sharing_enabled":true,"_links":{"self":[{"href":"https:\/\/filatelia.cuentista.es\/en\/wp-json\/wp\/v2\/product\/2959","targetHints":{"allow":["GET"]}}],"collection":[{"href":"https:\/\/filatelia.cuentista.es\/en\/wp-json\/wp\/v2\/product"}],"about":[{"href":"https:\/\/filatelia.cuentista.es\/en\/wp-json\/wp\/v2\/types\/product"}],"replies":[{"embeddable":true,"href":"https:\/\/filatelia.cuentista.es\/en\/wp-json\/wp\/v2\/comments?post=2959"}],"wp:featuredmedia":[{"embeddable":true,"href":"https:\/\/filatelia.cuentista.es\/en\/wp-json\/wp\/v2\/media\/2958"}],"wp:attachment":[{"href":"https:\/\/filatelia.cuentista.es\/en\/wp-json\/wp\/v2\/media?parent=2959"}],"wp:term":[{"taxonomy":"product_brand","embeddable":true,"href":"https:\/\/filatelia.cuentista.es\/en\/wp-json\/wp\/v2\/product_brand?post=2959"},{"taxonomy":"product_cat","embeddable":true,"href":"https:\/\/filatelia.cuentista.es\/en\/wp-json\/wp\/v2\/product_cat?post=2959"},{"taxonomy":"product_tag","embeddable":true,"href":"https:\/\/filatelia.cuentista.es\/en\/wp-json\/wp\/v2\/product_tag?post=2959"}],"curies":[{"name":"wp","href":"https:\/\/api.w.org\/{rel}","templated":true}]}}