{"id":2953,"date":"2024-09-18T19:44:26","date_gmt":"2024-09-18T19:44:26","guid":{"rendered":"https:\/\/filatelia.cuentista.es\/product\/sello-brasil-1959-inauguracion-de-transporte-aereo-650-r-usado-y-manchado"},"modified":"2024-09-18T19:47:22","modified_gmt":"2024-09-18T19:47:22","slug":"sello-brasil-1959-inauguracion-de-transporte-aereo-650-r-usado-y-manchado","status":"publish","type":"product","link":"https:\/\/filatelia.cuentista.es\/en\/product\/sello-brasil-1959-inauguracion-de-transporte-aereo-650-r-usado-y-manchado","title":{"rendered":"Sello Brasil 1959 &#8211; Inauguraci\u00f3n de Transporte A\u00e9reo &#8211; 6,50 Cr$ usado y manchado"},"content":{"rendered":"<p>Pa\u00eds:<\/p>\n<p>Brasil<\/p>\n<p>C\u00f3digo de cat\u00e1logo:<\/p>\n<p>Michel BR 969<\/p>\n<p>Stamp Number BR C91<\/p>\n<p>Yvert et Tellier BR PA79<\/p>\n<p>Stanley Gibbons BR 1017<\/p>\n<p>RHM BR A-89<\/p>\n<p>Temas:<\/p>\n<p>Aviaci\u00f3n | Aviones<\/p>\n<p>Fecha emisi\u00f3n:<\/p>\n<p>1959-12-18<\/p>\n<p>Tama\u00f1o:<\/p>\n<p>42 x 29 mm<\/p>\n<p>Colores:<\/p>\n<p>Azul<\/p>\n<p>Impresores\/Imprentas:<\/p>\n<p>Casa da Moeda do Brasil<\/p>\n<p>Formato:<\/p>\n<p>Sello<\/p>\n<p>Emisi\u00f3n:<\/p>\n<p>Correo A\u00e9reo<\/p>\n<p>Perforaci\u00f3n:<\/p>\n<p>11\u00be<\/p>\n<p>Impresi\u00f3n:<\/p>\n<p>Fotograbado<\/p>\n<p>Valor facial:<\/p>\n<p>6,50 Cruzeiro de Brasil<\/p>\n<p>Tiraje:<\/p>\n<p>5.000.000<\/p>\n<p><a href=\"https:\/\/colnect.com\/stamps\/stamp\/264408\">https:\/\/colnect.com\/stamps\/stamp\/264408<\/a><\/p>","protected":false},"excerpt":{"rendered":"<p>Pa\u00eds: Brasil C\u00f3digo de cat\u00e1logo: Michel BR 969 Stamp Number BR C91 Yvert et Tellier BR PA79 Stanley Gibbons BR 1017 RHM BR A-89 Temas: Aviaci\u00f3n | Aviones Fecha emisi\u00f3n: 1959-12-18 Tama\u00f1o: 42 x 29 mm Colores: Azul Impresores\/Imprentas: Casa da Moeda do Brasil Formato: Sello Emisi\u00f3n: Correo A\u00e9reo Perforaci\u00f3n: 11\u00be Impresi\u00f3n: Fotograbado Valor facial: &hellip;<\/p>\n<p class=\"read-more\"> <a class=\"thunk-readmore button\" href=\"https:\/\/filatelia.cuentista.es\/en\/product\/sello-brasil-1959-inauguracion-de-transporte-aereo-650-r-usado-y-manchado\"> <span class=\"screen-reader-text\">Sello Brasil 1959 &#8211; Inauguraci\u00f3n de Transporte A\u00e9reo &#8211; 6,50 Cr$ usado y manchado<\/span>Read More<\/a><\/p>","protected":false},"featured_media":2952,"comment_status":"open","ping_status":"closed","template":"","meta":{"_acf_changed":false},"product_brand":[],"product_cat":[1294,20],"product_tag":[],"class_list":{"0":"post-2953","1":"product","2":"type-product","3":"status-publish","4":"has-post-thumbnail","6":"product_cat-brasil","7":"product_cat-sellos-usados","8":"thunk-woo-product-list","9":"opn-qv-enable","10":"open-woo-hover-zoom","11":"open-single-product-tab-horizontal","12":"open-shadow-","13":"open-shadow-hover-","15":"first","16":"instock","17":"sale","18":"shipping-taxable","19":"purchasable","20":"product-type-simple"},"acf":[],"jetpack_sharing_enabled":true,"_links":{"self":[{"href":"https:\/\/filatelia.cuentista.es\/en\/wp-json\/wp\/v2\/product\/2953","targetHints":{"allow":["GET"]}}],"collection":[{"href":"https:\/\/filatelia.cuentista.es\/en\/wp-json\/wp\/v2\/product"}],"about":[{"href":"https:\/\/filatelia.cuentista.es\/en\/wp-json\/wp\/v2\/types\/product"}],"replies":[{"embeddable":true,"href":"https:\/\/filatelia.cuentista.es\/en\/wp-json\/wp\/v2\/comments?post=2953"}],"wp:featuredmedia":[{"embeddable":true,"href":"https:\/\/filatelia.cuentista.es\/en\/wp-json\/wp\/v2\/media\/2952"}],"wp:attachment":[{"href":"https:\/\/filatelia.cuentista.es\/en\/wp-json\/wp\/v2\/media?parent=2953"}],"wp:term":[{"taxonomy":"product_brand","embeddable":true,"href":"https:\/\/filatelia.cuentista.es\/en\/wp-json\/wp\/v2\/product_brand?post=2953"},{"taxonomy":"product_cat","embeddable":true,"href":"https:\/\/filatelia.cuentista.es\/en\/wp-json\/wp\/v2\/product_cat?post=2953"},{"taxonomy":"product_tag","embeddable":true,"href":"https:\/\/filatelia.cuentista.es\/en\/wp-json\/wp\/v2\/product_tag?post=2953"}],"curies":[{"name":"wp","href":"https:\/\/api.w.org\/{rel}","templated":true}]}}