{"id":2949,"date":"2024-09-18T19:28:30","date_gmt":"2024-09-18T19:28:30","guid":{"rendered":"https:\/\/filatelia.cuentista.es\/product\/sello-brasil-1993-tarifa-postal-internacional-serie-b-usado"},"modified":"2024-10-13T15:34:13","modified_gmt":"2024-10-13T15:34:13","slug":"sello-brasil-1993-tarifa-postal-internacional-serie-b-usado","status":"publish","type":"product","link":"https:\/\/filatelia.cuentista.es\/en\/product\/sello-brasil-1993-tarifa-postal-internacional-serie-b-usado","title":{"rendered":"Sello Brasil 1993 &#8211; Tarifa Postal Internacional &#8211; serie B usado"},"content":{"rendered":"<p>Pa\u00eds:<\/p>\n<p>Brasil<\/p>\n<p>Serie:<\/p>\n<p>Mark Post and Emblem<\/p>\n<p>C\u00f3digo de cat\u00e1logo:<\/p>\n<p>Michel BR 2557<\/p>\n<p>Stamp Number BR 2431<\/p>\n<p>Yvert et Tellier BR 2145<\/p>\n<p>Stanley Gibbons BR 2603<\/p>\n<p>RHM BR 697<\/p>\n<p>Temas:<\/p>\n<p>Mujeres<\/p>\n<p>Fecha emisi\u00f3n:<\/p>\n<p>1993-11-03<\/p>\n<p>Tama\u00f1o:<\/p>\n<p>29 x 41 mm<\/p>\n<p>Colores:<\/p>\n<p>Multicolor<\/p>\n<p>Impresores\/Imprentas:<\/p>\n<p>Casa da Moeda do Brasil<\/p>\n<p>Formato:<\/p>\n<p>Sello<\/p>\n<p>Emisi\u00f3n:<\/p>\n<p>Definitivo<\/p>\n<p>Perforaci\u00f3n:<\/p>\n<p>peine13\u00bc<\/p>\n<p>Impresi\u00f3n:<\/p>\n<p>Fotograbado y Rebaje<\/p>\n<p>Valor facial:<\/p>\n<p>1st Internation \u00ba &#8211; Sin Valor Facial<\/p>\n<p>Puntuaci\u00f3n:<\/p>\n<p>3% Precisi\u00f3n: Muy alto<\/p>\n<p>Descripci\u00f3n:<\/p>\n<p>for International Standard Letter up to 20g<\/p>\n<p><a href=\"https:\/\/colnect.com\/stamps\/stamp\/268822\">https:\/\/colnect.com\/stamps\/stamp\/268822<\/a><\/p>","protected":false},"excerpt":{"rendered":"<p>Pa\u00eds: Brasil Serie: Mark Post and Emblem C\u00f3digo de cat\u00e1logo: Michel BR 2557 Stamp Number BR 2431 Yvert et Tellier BR 2145 Stanley Gibbons BR 2603 RHM BR 697 Temas: Mujeres Fecha emisi\u00f3n: 1993-11-03 Tama\u00f1o: 29 x 41 mm Colores: Multicolor Impresores\/Imprentas: Casa da Moeda do Brasil Formato: Sello Emisi\u00f3n: Definitivo Perforaci\u00f3n: peine13\u00bc Impresi\u00f3n: Fotograbado &hellip;<\/p>\n<p class=\"read-more\"> <a class=\"thunk-readmore button\" href=\"https:\/\/filatelia.cuentista.es\/en\/product\/sello-brasil-1993-tarifa-postal-internacional-serie-b-usado\"> <span class=\"screen-reader-text\">Sello Brasil 1993 &#8211; Tarifa Postal Internacional &#8211; serie B usado<\/span>Read More<\/a><\/p>","protected":false},"featured_media":2948,"comment_status":"open","ping_status":"closed","template":"","meta":{"_acf_changed":false},"product_brand":[],"product_cat":[1294,20],"product_tag":[],"class_list":{"0":"post-2949","1":"product","2":"type-product","3":"status-publish","4":"has-post-thumbnail","6":"product_cat-brasil","7":"product_cat-sellos-usados","8":"thunk-woo-product-list","9":"opn-qv-enable","10":"open-woo-hover-zoom","11":"open-single-product-tab-horizontal","12":"open-shadow-","13":"open-shadow-hover-","15":"first","16":"instock","17":"shipping-taxable","18":"purchasable","19":"product-type-simple"},"acf":[],"jetpack_sharing_enabled":true,"_links":{"self":[{"href":"https:\/\/filatelia.cuentista.es\/en\/wp-json\/wp\/v2\/product\/2949","targetHints":{"allow":["GET"]}}],"collection":[{"href":"https:\/\/filatelia.cuentista.es\/en\/wp-json\/wp\/v2\/product"}],"about":[{"href":"https:\/\/filatelia.cuentista.es\/en\/wp-json\/wp\/v2\/types\/product"}],"replies":[{"embeddable":true,"href":"https:\/\/filatelia.cuentista.es\/en\/wp-json\/wp\/v2\/comments?post=2949"}],"wp:featuredmedia":[{"embeddable":true,"href":"https:\/\/filatelia.cuentista.es\/en\/wp-json\/wp\/v2\/media\/2948"}],"wp:attachment":[{"href":"https:\/\/filatelia.cuentista.es\/en\/wp-json\/wp\/v2\/media?parent=2949"}],"wp:term":[{"taxonomy":"product_brand","embeddable":true,"href":"https:\/\/filatelia.cuentista.es\/en\/wp-json\/wp\/v2\/product_brand?post=2949"},{"taxonomy":"product_cat","embeddable":true,"href":"https:\/\/filatelia.cuentista.es\/en\/wp-json\/wp\/v2\/product_cat?post=2949"},{"taxonomy":"product_tag","embeddable":true,"href":"https:\/\/filatelia.cuentista.es\/en\/wp-json\/wp\/v2\/product_tag?post=2949"}],"curies":[{"name":"wp","href":"https:\/\/api.w.org\/{rel}","templated":true}]}}