{"id":2926,"date":"2024-09-15T19:28:31","date_gmt":"2024-09-15T19:28:31","guid":{"rendered":"https:\/\/filatelia.cuentista.es\/product\/sello-brasil-republica-300-reis-verde-y-negro-usado"},"modified":"2024-09-15T19:30:11","modified_gmt":"2024-09-15T19:30:11","slug":"sello-brasil-republica-300-reis-verde-y-negro-usado","status":"publish","type":"product","link":"https:\/\/filatelia.cuentista.es\/en\/product\/sello-brasil-republica-300-reis-verde-y-negro-usado","title":{"rendered":"Sello Brasil 1905 &#8211; Rep\u00fablica- 300 Reis Verde y Negro , usado"},"content":{"rendered":"<p>Pa\u00eds:<\/p>\n<p>Brasil<\/p>\n<p>Serie:<\/p>\n<p>Republican Dawn with Watermark<\/p>\n<p>C\u00f3digo de cat\u00e1logo:<\/p>\n<p>Michel BR 159<\/p>\n<p>Stamp Number BR 171<\/p>\n<p>Yvert et Tellier BR 124<\/p>\n<p>Stanley Gibbons BR 258A<\/p>\n<p>RHM BR 112<\/p>\n<p>Variantes:<\/p>\n<p>Click para ver variantes<\/p>\n<p>Temas:<\/p>\n<p>N\u00fameros<\/p>\n<p>Fecha emisi\u00f3n:<\/p>\n<p>1905<\/p>\n<p>Colores:<\/p>\n<p>Negro | Verde<\/p>\n<p>Marca de agua:<\/p>\n<p>Brazil Federal Mail (Sh) [Up]<\/p>\n<p>Formato:<\/p>\n<p>Sello<\/p>\n<p>Emisi\u00f3n:<\/p>\n<p>Definitivo<\/p>\n<p>Perforaci\u00f3n:<\/p>\n<p>11\u00bd<\/p>\n<p>Impresi\u00f3n:<\/p>\n<p>Tipograf\u00eda<\/p>\n<p>Valor facial:<\/p>\n<p>300 R &#8211; Reis (viejos) Brasile\u00f1os<\/p>\n<p><a href=\"https:\/\/colnect.com\/stamps\/stamp\/314446\">https:\/\/colnect.com\/stamps\/stamp\/314446<\/a><\/p>\n","protected":false},"excerpt":{"rendered":"<p>Pa\u00eds: Brasil Serie: Republican Dawn with Watermark C\u00f3digo de cat\u00e1logo: Michel BR 159 Stamp Number BR 171 Yvert et Tellier BR 124 Stanley Gibbons BR 258A RHM BR 112 Variantes: Click para ver variantes Temas: N\u00fameros Fecha emisi\u00f3n: 1905 Colores: Negro | Verde Marca de agua: Brazil Federal Mail (Sh) [Up] Formato: Sello Emisi\u00f3n: Definitivo &hellip;<\/p>\n<p class=\"read-more\"> <a class=\" thunk-readmore button \" href=\"https:\/\/filatelia.cuentista.es\/en\/product\/sello-brasil-republica-300-reis-verde-y-negro-usado\"> <span class=\"screen-reader-text\">Sello Brasil 1905 &#8211; Rep\u00fablica- 300 Reis Verde y Negro , usado<\/span>Read More<\/a><\/p>\n","protected":false},"featured_media":2925,"comment_status":"open","ping_status":"closed","template":"","meta":{"_acf_changed":false},"product_brand":[],"product_cat":[1294,20],"product_tag":[],"class_list":{"0":"post-2926","1":"product","2":"type-product","3":"status-publish","4":"has-post-thumbnail","6":"product_cat-brasil","7":"product_cat-sellos-usados","8":"thunk-woo-product-list","9":"opn-qv-enable","10":"open-woo-hover-zoom","11":"open-single-product-tab-horizontal","12":"open-shadow-","13":"open-shadow-hover-","15":"first","16":"instock","17":"sale","18":"shipping-taxable","19":"purchasable","20":"product-type-simple"},"acf":[],"jetpack_sharing_enabled":true,"_links":{"self":[{"href":"https:\/\/filatelia.cuentista.es\/en\/wp-json\/wp\/v2\/product\/2926","targetHints":{"allow":["GET"]}}],"collection":[{"href":"https:\/\/filatelia.cuentista.es\/en\/wp-json\/wp\/v2\/product"}],"about":[{"href":"https:\/\/filatelia.cuentista.es\/en\/wp-json\/wp\/v2\/types\/product"}],"replies":[{"embeddable":true,"href":"https:\/\/filatelia.cuentista.es\/en\/wp-json\/wp\/v2\/comments?post=2926"}],"wp:featuredmedia":[{"embeddable":true,"href":"https:\/\/filatelia.cuentista.es\/en\/wp-json\/wp\/v2\/media\/2925"}],"wp:attachment":[{"href":"https:\/\/filatelia.cuentista.es\/en\/wp-json\/wp\/v2\/media?parent=2926"}],"wp:term":[{"taxonomy":"product_brand","embeddable":true,"href":"https:\/\/filatelia.cuentista.es\/en\/wp-json\/wp\/v2\/product_brand?post=2926"},{"taxonomy":"product_cat","embeddable":true,"href":"https:\/\/filatelia.cuentista.es\/en\/wp-json\/wp\/v2\/product_cat?post=2926"},{"taxonomy":"product_tag","embeddable":true,"href":"https:\/\/filatelia.cuentista.es\/en\/wp-json\/wp\/v2\/product_tag?post=2926"}],"curies":[{"name":"wp","href":"https:\/\/api.w.org\/{rel}","templated":true}]}}