{"id":2893,"date":"2024-09-15T12:36:30","date_gmt":"2024-09-15T12:36:30","guid":{"rendered":"https:\/\/filatelia.cuentista.es\/product\/sello-brasil-conde-de-porto-alegre-1000-cr"},"modified":"2024-09-15T12:53:23","modified_gmt":"2024-09-15T12:53:23","slug":"sello-brasil-conde-de-porto-alegre-1000-cr","status":"publish","type":"product","link":"https:\/\/filatelia.cuentista.es\/en\/product\/sello-brasil-conde-de-porto-alegre-1000-cr","title":{"rendered":"Sello Brasil 1946 &#8211; Conde de Porto Alegre &#8211; 10,00 Cr$"},"content":{"rendered":"<p>Manuel Marques de Sousa (1804-1875)<\/p>\n<p><img class=\"size-full\"><\/p>\n<p>Pa\u00eds:<\/p>\n<p>Brasil<\/p>\n<p>Serie:<\/p>\n<p>Definitives, Cruzeiro<\/p>\n<p>C\u00f3digo de cat\u00e1logo:<\/p>\n<p>Michel BR 710XI<\/p>\n<p>Stamp Number BR 668<\/p>\n<p>Yvert et Tellier BR 468B<\/p>\n<p>Stanley Gibbons BR 764<\/p>\n<p>RHM BR 474<\/p>\n<p>Temas:<\/p>\n<p>Oficiales Militares | Personajes Famosos | Pol\u00edticos<\/p>\n<p>Fecha emisi\u00f3n:<\/p>\n<p>1946<\/p>\n<p>Tama\u00f1o:<\/p>\n<p>22 x 25 mm<\/p>\n<p>Colores:<\/p>\n<p>Rosado<\/p>\n<p>Marca de agua:<\/p>\n<p>CORREIO BRASIL y Estrellas Tipo 1 (Sh) [S]<\/p>\n<p>Impresores\/Imprentas:<\/p>\n<p>Casa da Moeda do Brasil<\/p>\n<p>Formato:<\/p>\n<p>Sello<\/p>\n<p>Emisi\u00f3n:<\/p>\n<p>Definitivo<\/p>\n<p>Perforaci\u00f3n:<\/p>\n<p>11<\/p>\n<p>Impresi\u00f3n:<\/p>\n<p>Rebaje<\/p>\n<p>Valor facial:<\/p>\n<p>10 Cruzeiro de Brasil<\/p>\n<p>Puntuaci\u00f3n:<\/p>\n<p>5% Precisi\u00f3n: Muy alto<\/p>\n<p>Descripci\u00f3n:<\/p>\n<p>\u00abConde De Porto Alegre&#8217;<\/p>\n<p>written on the stamp<\/p>\n<p><a href=\"https:\/\/colnect.com\/stamps\/stamp\/302760\">https:\/\/colnect.com\/stamps\/stamp\/302760<\/a><\/p>\n","protected":false},"excerpt":{"rendered":"<p>Manuel Marques de Sousa (1804-1875) Pa\u00eds: Brasil Serie: Definitives, Cruzeiro C\u00f3digo de cat\u00e1logo: Michel BR 710XI Stamp Number BR 668 Yvert et Tellier BR 468B Stanley Gibbons BR 764 RHM BR 474 Temas: Oficiales Militares | Personajes Famosos | Pol\u00edticos Fecha emisi\u00f3n: 1946 Tama\u00f1o: 22 x 25 mm Colores: Rosado Marca de agua: CORREIO BRASIL &hellip;<\/p>\n<p class=\"read-more\"> <a class=\"thunk-readmore button\" href=\"https:\/\/filatelia.cuentista.es\/en\/product\/sello-brasil-conde-de-porto-alegre-1000-cr\"> <span class=\"screen-reader-text\">Sello Brasil 1946 &#8211; Conde de Porto Alegre &#8211; 10,00 Cr$<\/span>Read More<\/a><\/p>","protected":false},"featured_media":2892,"comment_status":"open","ping_status":"closed","template":"","meta":{"_acf_changed":false},"product_brand":[],"product_cat":[1294,20],"product_tag":[],"class_list":{"0":"post-2893","1":"product","2":"type-product","3":"status-publish","4":"has-post-thumbnail","6":"product_cat-brasil","7":"product_cat-sellos-usados","8":"thunk-woo-product-list","9":"opn-qv-enable","10":"open-woo-hover-zoom","11":"open-single-product-tab-horizontal","12":"open-shadow-","13":"open-shadow-hover-","15":"first","16":"instock","17":"sale","18":"shipping-taxable","19":"purchasable","20":"product-type-simple"},"acf":[],"jetpack_sharing_enabled":true,"_links":{"self":[{"href":"https:\/\/filatelia.cuentista.es\/en\/wp-json\/wp\/v2\/product\/2893","targetHints":{"allow":["GET"]}}],"collection":[{"href":"https:\/\/filatelia.cuentista.es\/en\/wp-json\/wp\/v2\/product"}],"about":[{"href":"https:\/\/filatelia.cuentista.es\/en\/wp-json\/wp\/v2\/types\/product"}],"replies":[{"embeddable":true,"href":"https:\/\/filatelia.cuentista.es\/en\/wp-json\/wp\/v2\/comments?post=2893"}],"wp:featuredmedia":[{"embeddable":true,"href":"https:\/\/filatelia.cuentista.es\/en\/wp-json\/wp\/v2\/media\/2892"}],"wp:attachment":[{"href":"https:\/\/filatelia.cuentista.es\/en\/wp-json\/wp\/v2\/media?parent=2893"}],"wp:term":[{"taxonomy":"product_brand","embeddable":true,"href":"https:\/\/filatelia.cuentista.es\/en\/wp-json\/wp\/v2\/product_brand?post=2893"},{"taxonomy":"product_cat","embeddable":true,"href":"https:\/\/filatelia.cuentista.es\/en\/wp-json\/wp\/v2\/product_cat?post=2893"},{"taxonomy":"product_tag","embeddable":true,"href":"https:\/\/filatelia.cuentista.es\/en\/wp-json\/wp\/v2\/product_tag?post=2893"}],"curies":[{"name":"wp","href":"https:\/\/api.w.org\/{rel}","templated":true}]}}