{"id":2873,"date":"2024-09-15T10:33:24","date_gmt":"2024-09-15T10:33:24","guid":{"rendered":"https:\/\/filatelia.cuentista.es\/product\/sello-brasil-aviacion-100-reis"},"modified":"2024-09-15T13:06:50","modified_gmt":"2024-09-15T13:06:50","slug":"sello-brasil-aviacion-100-reis","status":"publish","type":"product","link":"https:\/\/filatelia.cuentista.es\/en\/product\/sello-brasil-aviacion-100-reis","title":{"rendered":"Sello Brasil 1922 &#8211; Aviaci\u00f3n &#8211; 100 Reis, Naranja Claro , Usado"},"content":{"rendered":"<p>Pa\u00eds:<\/p>\n<p>Brasil<\/p>\n<p>Serie:<\/p>\n<p>Definitives &#8211; Economy and Culture<\/p>\n<p>C\u00f3digo de cat\u00e1logo:<\/p>\n<p>Michel BR 235<\/p>\n<p>Stamp Number BR 224<\/p>\n<p>Yvert et Tellier BR 171(A)<\/p>\n<p>Stanley Gibbons BR 310<\/p>\n<p>RHM BR 181<\/p>\n<p>Variantes:<\/p>\n<p>Click para ver variantes<\/p>\n<p>Temas:<\/p>\n<p>Aviaci\u00f3n | Aviones<\/p>\n<p>Fecha emisi\u00f3n:<\/p>\n<p>1922-09-27<\/p>\n<p>Tama\u00f1o:<\/p>\n<p>17.5 x 21.5 mm<\/p>\n<p>Colores:<\/p>\n<p>Naranja<\/p>\n<p>Marca de agua:<\/p>\n<p>Sin Marca de agua<\/p>\n<p>Formato:<\/p>\n<p>Sello<\/p>\n<p>Emisi\u00f3n:<\/p>\n<p>Definitivo<\/p>\n<p>Perforaci\u00f3n:<\/p>\n<p>13 x 13\u00bd<\/p>\n<p>Impresi\u00f3n:<\/p>\n<p>Tipograf\u00eda<\/p>\n<p>Valor facial:<\/p>\n<p>100 R &#8211; Reis (viejos) Brasile\u00f1os<\/p>\n<p>Puntuaci\u00f3n:<\/p>\n<p>11% Precisi\u00f3n: Muy alto<\/p>\n<p>Descripci\u00f3n:<\/p>\n<p>Aviaci\u00f3n: mujer sentada sosteniendo una paloma, avi\u00f3n en el horizonte.<\/p>\n<p><a href=\"https:\/\/colnect.com\/stamps\/stamp\/223069\">https:\/\/colnect.com\/stamps\/stamp\/223069<\/a><\/p>","protected":false},"excerpt":{"rendered":"<p>Pa\u00eds: Brasil Serie: Definitives &#8211; Economy and Culture C\u00f3digo de cat\u00e1logo: Michel BR 235 Stamp Number BR 224 Yvert et Tellier BR 171(A) Stanley Gibbons BR 310 RHM BR 181 Variantes: Click para ver variantes Temas: Aviaci\u00f3n | Aviones Fecha emisi\u00f3n: 1922-09-27 Tama\u00f1o: 17.5 x 21.5 mm Colores: Naranja Marca de agua: Sin Marca de &hellip;<\/p>\n<p class=\"read-more\"> <a class=\"thunk-readmore button\" href=\"https:\/\/filatelia.cuentista.es\/en\/product\/sello-brasil-aviacion-100-reis\"> <span class=\"screen-reader-text\">Sello Brasil 1922 &#8211; Aviaci\u00f3n &#8211; 100 Reis, Naranja Claro , Usado<\/span>Read More<\/a><\/p>","protected":false},"featured_media":2872,"comment_status":"open","ping_status":"closed","template":"","meta":{"_acf_changed":false},"product_brand":[],"product_cat":[1294,15,20],"product_tag":[],"class_list":{"0":"post-2873","1":"product","2":"type-product","3":"status-publish","4":"has-post-thumbnail","6":"product_cat-brasil","7":"product_cat-coleccionismo","8":"product_cat-sellos-usados","9":"thunk-woo-product-list","10":"opn-qv-enable","11":"open-woo-hover-zoom","12":"open-single-product-tab-horizontal","13":"open-shadow-","14":"open-shadow-hover-","16":"first","17":"instock","18":"sale","19":"shipping-taxable","20":"purchasable","21":"product-type-simple"},"acf":[],"jetpack_sharing_enabled":true,"_links":{"self":[{"href":"https:\/\/filatelia.cuentista.es\/en\/wp-json\/wp\/v2\/product\/2873","targetHints":{"allow":["GET"]}}],"collection":[{"href":"https:\/\/filatelia.cuentista.es\/en\/wp-json\/wp\/v2\/product"}],"about":[{"href":"https:\/\/filatelia.cuentista.es\/en\/wp-json\/wp\/v2\/types\/product"}],"replies":[{"embeddable":true,"href":"https:\/\/filatelia.cuentista.es\/en\/wp-json\/wp\/v2\/comments?post=2873"}],"wp:featuredmedia":[{"embeddable":true,"href":"https:\/\/filatelia.cuentista.es\/en\/wp-json\/wp\/v2\/media\/2872"}],"wp:attachment":[{"href":"https:\/\/filatelia.cuentista.es\/en\/wp-json\/wp\/v2\/media?parent=2873"}],"wp:term":[{"taxonomy":"product_brand","embeddable":true,"href":"https:\/\/filatelia.cuentista.es\/en\/wp-json\/wp\/v2\/product_brand?post=2873"},{"taxonomy":"product_cat","embeddable":true,"href":"https:\/\/filatelia.cuentista.es\/en\/wp-json\/wp\/v2\/product_cat?post=2873"},{"taxonomy":"product_tag","embeddable":true,"href":"https:\/\/filatelia.cuentista.es\/en\/wp-json\/wp\/v2\/product_tag?post=2873"}],"curies":[{"name":"wp","href":"https:\/\/api.w.org\/{rel}","templated":true}]}}