{"id":2869,"date":"2024-09-15T08:02:37","date_gmt":"2024-09-15T08:02:37","guid":{"rendered":"https:\/\/filatelia.cuentista.es\/product\/sello-brasil-aviacion-10-reales-marron-nuevo"},"modified":"2024-09-15T13:08:21","modified_gmt":"2024-09-15T13:08:21","slug":"sello-brasil-aviacion-10-reales-marron-nuevo","status":"publish","type":"product","link":"https:\/\/filatelia.cuentista.es\/en\/product\/sello-brasil-aviacion-10-reales-marron-nuevo","title":{"rendered":"Sello Brasil 1939 &#8211; Aviaci\u00f3n &#8211; 10 Reales, Marr\u00f3n Nuevo"},"content":{"rendered":"<p>Pa\u00eds:<\/p>\n<p>Brasil<\/p>\n<p>Serie:<\/p>\n<p>Definitives &#8211; Economy and Culture<\/p>\n<p>C\u00f3digo de cat\u00e1logo:<\/p>\n<p>Michel BR 495<\/p>\n<p>Stamp Number BR 467<\/p>\n<p>Yvert et Tellier BR 211b(A)<\/p>\n<p>Stanley Gibbons BR 417<\/p>\n<p>RHM BR 318<\/p>\n<p>Variantes:<\/p>\n<p>Click para ver variantes<\/p>\n<p>Temas:<\/p>\n<p>Aviaci\u00f3n | Aviones<\/p>\n<p>Fecha emisi\u00f3n:<\/p>\n<p>1939<\/p>\n<p>Colores:<\/p>\n<p>Rojo marr\u00f3n<\/p>\n<p>Marca de agua:<\/p>\n<p>CASA+DA+MOEDA+DO+BRASIL Tipo 2 (Sh) [S]<\/p>\n<p>Impresores\/Imprentas:<\/p>\n<p>Casa da Moeda do Brasil<\/p>\n<p>Formato:<\/p>\n<p>Sello<\/p>\n<p>Emisi\u00f3n:<\/p>\n<p>Definitivo<\/p>\n<p>Perforaci\u00f3n:<\/p>\n<p>11<\/p>\n<p>Impresi\u00f3n:<\/p>\n<p>Tipograf\u00eda<\/p>\n<p>Papel:<\/p>\n<p>transparent paper<\/p>\n<p>Valor facial:<\/p>\n<p>10 R &#8211; Reis (viejos) Brasile\u00f1os<\/p>\n<p><a href=\"https:\/\/colnect.com\/stamps\/stamp\/361082\">https:\/\/colnect.com\/stamps\/stamp\/361082<\/a><\/p>\n","protected":false},"excerpt":{"rendered":"<p>Pa\u00eds: Brasil Serie: Definitives &#8211; Economy and Culture C\u00f3digo de cat\u00e1logo: Michel BR 495 Stamp Number BR 467 Yvert et Tellier BR 211b(A) Stanley Gibbons BR 417 RHM BR 318 Variantes: Click para ver variantes Temas: Aviaci\u00f3n | Aviones Fecha emisi\u00f3n: 1939 Colores: Rojo marr\u00f3n Marca de agua: CASA+DA+MOEDA+DO+BRASIL Tipo 2 (Sh) [S] Impresores\/Imprentas: Casa &hellip;<\/p>\n<p class=\"read-more\"> <a class=\" thunk-readmore button \" href=\"https:\/\/filatelia.cuentista.es\/en\/product\/sello-brasil-aviacion-10-reales-marron-nuevo\"> <span class=\"screen-reader-text\">Sello Brasil 1939 &#8211; Aviaci\u00f3n &#8211; 10 Reales, Marr\u00f3n Nuevo<\/span>Read More<\/a><\/p>\n","protected":false},"featured_media":2868,"comment_status":"open","ping_status":"closed","template":"","meta":{"_acf_changed":false},"product_brand":[],"product_cat":[1294,20],"product_tag":[],"class_list":{"0":"post-2869","1":"product","2":"type-product","3":"status-publish","4":"has-post-thumbnail","6":"product_cat-brasil","7":"product_cat-sellos-usados","8":"thunk-woo-product-list","9":"opn-qv-enable","10":"open-woo-hover-zoom","11":"open-single-product-tab-horizontal","12":"open-shadow-","13":"open-shadow-hover-","15":"first","16":"instock","17":"sale","18":"shipping-taxable","19":"purchasable","20":"product-type-simple"},"acf":[],"jetpack_sharing_enabled":true,"_links":{"self":[{"href":"https:\/\/filatelia.cuentista.es\/en\/wp-json\/wp\/v2\/product\/2869","targetHints":{"allow":["GET"]}}],"collection":[{"href":"https:\/\/filatelia.cuentista.es\/en\/wp-json\/wp\/v2\/product"}],"about":[{"href":"https:\/\/filatelia.cuentista.es\/en\/wp-json\/wp\/v2\/types\/product"}],"replies":[{"embeddable":true,"href":"https:\/\/filatelia.cuentista.es\/en\/wp-json\/wp\/v2\/comments?post=2869"}],"wp:featuredmedia":[{"embeddable":true,"href":"https:\/\/filatelia.cuentista.es\/en\/wp-json\/wp\/v2\/media\/2868"}],"wp:attachment":[{"href":"https:\/\/filatelia.cuentista.es\/en\/wp-json\/wp\/v2\/media?parent=2869"}],"wp:term":[{"taxonomy":"product_brand","embeddable":true,"href":"https:\/\/filatelia.cuentista.es\/en\/wp-json\/wp\/v2\/product_brand?post=2869"},{"taxonomy":"product_cat","embeddable":true,"href":"https:\/\/filatelia.cuentista.es\/en\/wp-json\/wp\/v2\/product_cat?post=2869"},{"taxonomy":"product_tag","embeddable":true,"href":"https:\/\/filatelia.cuentista.es\/en\/wp-json\/wp\/v2\/product_tag?post=2869"}],"curies":[{"name":"wp","href":"https:\/\/api.w.org\/{rel}","templated":true}]}}