{"id":2860,"date":"2024-09-15T06:03:26","date_gmt":"2024-09-15T06:03:26","guid":{"rendered":"https:\/\/filatelia.cuentista.es\/product\/sello-brasil-mercurio-400-reis-azul-claro-usado"},"modified":"2024-09-15T06:05:53","modified_gmt":"2024-09-15T06:05:53","slug":"sello-brasil-mercurio-400-reis-azul-claro-usado","status":"publish","type":"product","link":"https:\/\/filatelia.cuentista.es\/en\/product\/sello-brasil-mercurio-400-reis-azul-claro-usado","title":{"rendered":"Sello Brasil 1921 &#8211; Mercurio- 400 Reis Azul claro , usado"},"content":{"rendered":"<p>Pa\u00eds:<\/p>\n<p>Brasil<\/p>\n<p>Serie:<\/p>\n<p>Definitives &#8211; Economy and Culture<\/p>\n<p>C\u00f3digo de cat\u00e1logo:<\/p>\n<p>Michel BR 244<\/p>\n<p>Stamp Number BR 251<\/p>\n<p>Yvert et Tellier BR 176(B)<\/p>\n<p>Stanley Gibbons BR 334<\/p>\n<p>RHM BR 202<\/p>\n<p>Variantes:<\/p>\n<p>Click para ver variantes<\/p>\n<p>Temas:<\/p>\n<p>Dioses | Econom\u00eda | Globos Terrestres | Industria | Mitolog\u00eda<\/p>\n<p>Fecha emisi\u00f3n:<\/p>\n<p>1921<\/p>\n<p>Tama\u00f1o:<\/p>\n<p>17.5 x 21.5 mm<\/p>\n<p>Colores:<\/p>\n<p>Azul<\/p>\n<p>Marca de agua:<\/p>\n<p>CASA DA MOEDA (Sh) [Up]<\/p>\n<p>Impresores\/Imprentas:<\/p>\n<p>Casa da Moeda do Brasil<\/p>\n<p>Formato:<\/p>\n<p>Sello<\/p>\n<p>Emisi\u00f3n:<\/p>\n<p>Definitivo<\/p>\n<p>Perforaci\u00f3n:<\/p>\n<p>13 x 13\u00bd<\/p>\n<p>Impresi\u00f3n:<\/p>\n<p>Tipograf\u00eda<\/p>\n<p>Valor facial:<\/p>\n<p>400 R &#8211; Reis (viejos) Brasile\u00f1os<\/p>\n<p><a href=\"https:\/\/colnect.com\/stamps\/stamp\/223070\">https:\/\/colnect.com\/stamps\/stamp\/223070<\/a><\/p>\n","protected":false},"excerpt":{"rendered":"<p>Pa\u00eds: Brasil Serie: Definitives &#8211; Economy and Culture C\u00f3digo de cat\u00e1logo: Michel BR 244 Stamp Number BR 251 Yvert et Tellier BR 176(B) Stanley Gibbons BR 334 RHM BR 202 Variantes: Click para ver variantes Temas: Dioses | Econom\u00eda | Globos Terrestres | Industria | Mitolog\u00eda Fecha emisi\u00f3n: 1921 Tama\u00f1o: 17.5 x 21.5 mm Colores: &hellip;<\/p>\n<p class=\"read-more\"> <a class=\"thunk-readmore button\" href=\"https:\/\/filatelia.cuentista.es\/en\/product\/sello-brasil-mercurio-400-reis-azul-claro-usado\"> <span class=\"screen-reader-text\">Sello Brasil 1921 &#8211; Mercurio- 400 Reis Azul claro , usado<\/span>Read More<\/a><\/p>","protected":false},"featured_media":2859,"comment_status":"open","ping_status":"closed","template":"","meta":{"_acf_changed":false},"product_brand":[],"product_cat":[1294,20],"product_tag":[],"class_list":{"0":"post-2860","1":"product","2":"type-product","3":"status-publish","4":"has-post-thumbnail","6":"product_cat-brasil","7":"product_cat-sellos-usados","8":"thunk-woo-product-list","9":"opn-qv-enable","10":"open-woo-hover-zoom","11":"open-single-product-tab-horizontal","12":"open-shadow-","13":"open-shadow-hover-","15":"first","16":"instock","17":"sale","18":"shipping-taxable","19":"purchasable","20":"product-type-simple"},"acf":[],"jetpack_sharing_enabled":true,"_links":{"self":[{"href":"https:\/\/filatelia.cuentista.es\/en\/wp-json\/wp\/v2\/product\/2860","targetHints":{"allow":["GET"]}}],"collection":[{"href":"https:\/\/filatelia.cuentista.es\/en\/wp-json\/wp\/v2\/product"}],"about":[{"href":"https:\/\/filatelia.cuentista.es\/en\/wp-json\/wp\/v2\/types\/product"}],"replies":[{"embeddable":true,"href":"https:\/\/filatelia.cuentista.es\/en\/wp-json\/wp\/v2\/comments?post=2860"}],"wp:featuredmedia":[{"embeddable":true,"href":"https:\/\/filatelia.cuentista.es\/en\/wp-json\/wp\/v2\/media\/2859"}],"wp:attachment":[{"href":"https:\/\/filatelia.cuentista.es\/en\/wp-json\/wp\/v2\/media?parent=2860"}],"wp:term":[{"taxonomy":"product_brand","embeddable":true,"href":"https:\/\/filatelia.cuentista.es\/en\/wp-json\/wp\/v2\/product_brand?post=2860"},{"taxonomy":"product_cat","embeddable":true,"href":"https:\/\/filatelia.cuentista.es\/en\/wp-json\/wp\/v2\/product_cat?post=2860"},{"taxonomy":"product_tag","embeddable":true,"href":"https:\/\/filatelia.cuentista.es\/en\/wp-json\/wp\/v2\/product_tag?post=2860"}],"curies":[{"name":"wp","href":"https:\/\/api.w.org\/{rel}","templated":true}]}}