{"id":2843,"date":"2024-09-14T21:09:46","date_gmt":"2024-09-14T21:09:46","guid":{"rendered":"https:\/\/filatelia.cuentista.es\/product\/sello-brasil-fe-y-energia-200-reis-violeta-usado"},"modified":"2024-10-20T17:50:56","modified_gmt":"2024-10-20T17:50:56","slug":"sello-brasil-fe-y-energia-200-reis-violeta-usado","status":"publish","type":"product","link":"https:\/\/filatelia.cuentista.es\/en\/product\/sello-brasil-fe-y-energia-200-reis-violeta-usado","title":{"rendered":"Sello Brasil 1936 &#8211; Fe y Energ\u00eda &#8211; 200 Reis, Violeta, usado"},"content":{"rendered":"<p>Pa\u00eds:<\/p>\n<p>Brasil<\/p>\n<p>Serie:<\/p>\n<p>Definitives &#8211; Economy and Culture<\/p>\n<p>C\u00f3digo de cat\u00e1logo:<\/p>\n<p>Michel BR 456<\/p>\n<p>Stamp Number BR 435<\/p>\n<p>Yvert et Tellier BR 261a<\/p>\n<p>RHM BR 301<\/p>\n<p>Variantes:<\/p>\n<p>Click para ver variantes<\/p>\n<p>Temas:<\/p>\n<p>Econom\u00eda | Herramientas<\/p>\n<p>Fecha emisi\u00f3n:<\/p>\n<p>1936<\/p>\n<p>Tama\u00f1o:<\/p>\n<p>26 x 22 mm<\/p>\n<p>Colores:<\/p>\n<p>Violeta<\/p>\n<p>Marca de agua:<\/p>\n<p>CORREIO BRASIL y C\u00edrculos (Sh) [Up]<\/p>\n<p>Formato:<\/p>\n<p>Sello<\/p>\n<p>Emisi\u00f3n:<\/p>\n<p>Definitivo<\/p>\n<p>Perforaci\u00f3n:<\/p>\n<p>Varios<\/p>\n<p>Impresi\u00f3n:<\/p>\n<p>Tipograf\u00eda<\/p>\n<p>Valor facial:<\/p>\n<p>200 R &#8211; Reis (viejos) Brasile\u00f1os<\/p>\n<p>Puntuaci\u00f3n:<\/p>\n<p>12% Precisi\u00f3n: Muy alto<\/p>\n<p>Descripci\u00f3n:<\/p>\n<p>dentado 11 &#8211; 12<\/p>\n<p><a href=\"https:\/\/colnect.com\/stamps\/stamp\/223072\">https:\/\/colnect.com\/stamps\/stamp\/223072<\/a><\/p>\n","protected":false},"excerpt":{"rendered":"<p>Pa\u00eds: Brasil Serie: Definitives &#8211; Economy and Culture C\u00f3digo de cat\u00e1logo: Michel BR 456 Stamp Number BR 435 Yvert et Tellier BR 261a RHM BR 301 Variantes: Click para ver variantes Temas: Econom\u00eda | Herramientas Fecha emisi\u00f3n: 1936 Tama\u00f1o: 26 x 22 mm Colores: Violeta Marca de agua: CORREIO BRASIL y C\u00edrculos (Sh) [Up] Formato: &hellip;<\/p>\n<p class=\"read-more\"> <a class=\" thunk-readmore button \" href=\"https:\/\/filatelia.cuentista.es\/en\/product\/sello-brasil-fe-y-energia-200-reis-violeta-usado\"> <span class=\"screen-reader-text\">Sello Brasil 1936 &#8211; Fe y Energ\u00eda &#8211; 200 Reis, Violeta, usado<\/span>Read More<\/a><\/p>\n","protected":false},"featured_media":2842,"comment_status":"open","ping_status":"closed","template":"","meta":{"_acf_changed":false},"product_brand":[],"product_cat":[1294,20],"product_tag":[],"class_list":{"0":"post-2843","1":"product","2":"type-product","3":"status-publish","4":"has-post-thumbnail","6":"product_cat-brasil","7":"product_cat-sellos-usados","8":"thunk-woo-product-list","9":"opn-qv-enable","10":"open-woo-hover-zoom","11":"open-single-product-tab-horizontal","12":"open-shadow-","13":"open-shadow-hover-","15":"first","16":"instock","17":"sale","18":"shipping-taxable","19":"purchasable","20":"product-type-simple"},"acf":[],"jetpack_sharing_enabled":true,"_links":{"self":[{"href":"https:\/\/filatelia.cuentista.es\/en\/wp-json\/wp\/v2\/product\/2843","targetHints":{"allow":["GET"]}}],"collection":[{"href":"https:\/\/filatelia.cuentista.es\/en\/wp-json\/wp\/v2\/product"}],"about":[{"href":"https:\/\/filatelia.cuentista.es\/en\/wp-json\/wp\/v2\/types\/product"}],"replies":[{"embeddable":true,"href":"https:\/\/filatelia.cuentista.es\/en\/wp-json\/wp\/v2\/comments?post=2843"}],"wp:featuredmedia":[{"embeddable":true,"href":"https:\/\/filatelia.cuentista.es\/en\/wp-json\/wp\/v2\/media\/2842"}],"wp:attachment":[{"href":"https:\/\/filatelia.cuentista.es\/en\/wp-json\/wp\/v2\/media?parent=2843"}],"wp:term":[{"taxonomy":"product_brand","embeddable":true,"href":"https:\/\/filatelia.cuentista.es\/en\/wp-json\/wp\/v2\/product_brand?post=2843"},{"taxonomy":"product_cat","embeddable":true,"href":"https:\/\/filatelia.cuentista.es\/en\/wp-json\/wp\/v2\/product_cat?post=2843"},{"taxonomy":"product_tag","embeddable":true,"href":"https:\/\/filatelia.cuentista.es\/en\/wp-json\/wp\/v2\/product_tag?post=2843"}],"curies":[{"name":"wp","href":"https:\/\/api.w.org\/{rel}","templated":true}]}}