{"id":2841,"date":"2024-09-14T21:06:27","date_gmt":"2024-09-14T21:06:27","guid":{"rendered":"https:\/\/filatelia.cuentista.es\/product\/sello-brasil-padre-bento-10-cts-azul"},"modified":"2024-10-20T17:49:26","modified_gmt":"2024-10-20T17:49:26","slug":"sello-brasil-padre-bento-10-cts-azul","status":"publish","type":"product","link":"https:\/\/filatelia.cuentista.es\/en\/product\/sello-brasil-padre-bento-10-cts-azul","title":{"rendered":"Sello Brasil 1963  &#8211; Padre Bento &#8211; 10 Cts Azul Gris, usado"},"content":{"rendered":"<p>Pa\u00eds:<\/p>\n<p>Brasil<\/p>\n<p>Serie:<\/p>\n<p>Campaign against Leprosy &#8211; Padre Bento<\/p>\n<p>C\u00f3digo de cat\u00e1logo:<\/p>\n<p>Michel BR Z11<\/p>\n<p>Stamp Number BR RA10<\/p>\n<p>Yvert et Tellier BR 746<\/p>\n<p>Stanley Gibbons BR 919e<\/p>\n<p>RHM BR C-501 (H-9)<\/p>\n<p>Variantes:<\/p>\n<p>Click para ver variantes<\/p>\n<p>Temas:<\/p>\n<p>Clero | Enfermedades | Hombres | Medicina | Personajes Famosos | Sanidad<\/p>\n<p>Fecha emisi\u00f3n:<\/p>\n<p>1963-11-24<\/p>\n<p>Tama\u00f1o:<\/p>\n<p>19 x 19 mm<\/p>\n<p>Colores:<\/p>\n<p>Gris Azul oscuro<\/p>\n<p>Impresores\/Imprentas:<\/p>\n<p>Casa da Moeda do Brasil<\/p>\n<p>Formato:<\/p>\n<p>Sello<\/p>\n<p>Emisi\u00f3n:<\/p>\n<p>Impuestos Postales<\/p>\n<p>Perforaci\u00f3n:<\/p>\n<p>peine11\u00bd<\/p>\n<p>Impresi\u00f3n:<\/p>\n<p>Fotograbado<\/p>\n<p>Valor facial:<\/p>\n<p>10 Cruzeiro de Brasil<\/p>\n<p>Tiraje:<\/p>\n<p>20.000.000<\/p>\n<p><a href=\"https:\/\/colnect.com\/stamps\/stamp\/261791\">https:\/\/colnect.com\/stamps\/stamp\/261791<\/a><\/p>","protected":false},"excerpt":{"rendered":"<p>Pa\u00eds: Brasil Serie: Campaign against Leprosy &#8211; Padre Bento C\u00f3digo de cat\u00e1logo: Michel BR Z11 Stamp Number BR RA10 Yvert et Tellier BR 746 Stanley Gibbons BR 919e RHM BR C-501 (H-9) Variantes: Click para ver variantes Temas: Clero | Enfermedades | Hombres | Medicina | Personajes Famosos | Sanidad Fecha emisi\u00f3n: 1963-11-24 Tama\u00f1o: 19 &hellip;<\/p>\n<p class=\"read-more\"> <a class=\"thunk-readmore button\" href=\"https:\/\/filatelia.cuentista.es\/en\/product\/sello-brasil-padre-bento-10-cts-azul\"> <span class=\"screen-reader-text\">Sello Brasil 1963  &#8211; Padre Bento &#8211; 10 Cts Azul Gris, usado<\/span>Read More<\/a><\/p>","protected":false},"featured_media":2840,"comment_status":"open","ping_status":"closed","template":"","meta":{"_acf_changed":false},"product_brand":[],"product_cat":[1294,20],"product_tag":[],"class_list":{"0":"post-2841","1":"product","2":"type-product","3":"status-publish","4":"has-post-thumbnail","6":"product_cat-brasil","7":"product_cat-sellos-usados","8":"thunk-woo-product-list","9":"opn-qv-enable","10":"open-woo-hover-zoom","11":"open-single-product-tab-horizontal","12":"open-shadow-","13":"open-shadow-hover-","15":"first","16":"instock","17":"sale","18":"shipping-taxable","19":"purchasable","20":"product-type-simple"},"acf":[],"jetpack_sharing_enabled":true,"_links":{"self":[{"href":"https:\/\/filatelia.cuentista.es\/en\/wp-json\/wp\/v2\/product\/2841","targetHints":{"allow":["GET"]}}],"collection":[{"href":"https:\/\/filatelia.cuentista.es\/en\/wp-json\/wp\/v2\/product"}],"about":[{"href":"https:\/\/filatelia.cuentista.es\/en\/wp-json\/wp\/v2\/types\/product"}],"replies":[{"embeddable":true,"href":"https:\/\/filatelia.cuentista.es\/en\/wp-json\/wp\/v2\/comments?post=2841"}],"wp:featuredmedia":[{"embeddable":true,"href":"https:\/\/filatelia.cuentista.es\/en\/wp-json\/wp\/v2\/media\/2840"}],"wp:attachment":[{"href":"https:\/\/filatelia.cuentista.es\/en\/wp-json\/wp\/v2\/media?parent=2841"}],"wp:term":[{"taxonomy":"product_brand","embeddable":true,"href":"https:\/\/filatelia.cuentista.es\/en\/wp-json\/wp\/v2\/product_brand?post=2841"},{"taxonomy":"product_cat","embeddable":true,"href":"https:\/\/filatelia.cuentista.es\/en\/wp-json\/wp\/v2\/product_cat?post=2841"},{"taxonomy":"product_tag","embeddable":true,"href":"https:\/\/filatelia.cuentista.es\/en\/wp-json\/wp\/v2\/product_tag?post=2841"}],"curies":[{"name":"wp","href":"https:\/\/api.w.org\/{rel}","templated":true}]}}