{"id":2839,"date":"2024-09-14T20:59:48","date_gmt":"2024-09-14T20:59:48","guid":{"rendered":"https:\/\/filatelia.cuentista.es\/product\/sello-brasil-100-reis"},"modified":"2024-09-14T21:05:03","modified_gmt":"2024-09-14T21:05:03","slug":"sello-brasil-100-reis","status":"publish","type":"product","link":"https:\/\/filatelia.cuentista.es\/en\/product\/sello-brasil-100-reis","title":{"rendered":"Sello Brasil 1976 &#8211; Don Pedro II &#8211; 100 Reis, verde, Usado"},"content":{"rendered":"<p>Pa\u00eds:<\/p>\n<p>Brasil<\/p>\n<p>Serie:<\/p>\n<p>Dom Pedro II<\/p>\n<p>C\u00f3digo de cat\u00e1logo:<\/p>\n<p>Michel BR 34<\/p>\n<p>Stamp Number BR 65<\/p>\n<p>Yvert et Tellier BR 34<\/p>\n<p>Stanley Gibbons BR 54<\/p>\n<p>RHM BR 34<\/p>\n<p>Variantes:<\/p>\n<p>Click para ver variantes<\/p>\n<p>Temas:<\/p>\n<p>Reyes<\/p>\n<p>Fecha emisi\u00f3n:<\/p>\n<p>1876-07-01<\/p>\n<p>Fecha de caducidad:<\/p>\n<p>1889-11-15<\/p>\n<p>Tama\u00f1o:<\/p>\n<p>24 x 30 mm<\/p>\n<p>Colores:<\/p>\n<p>Verde<\/p>\n<p>Marca de agua:<\/p>\n<p>Sin Marca de agua<\/p>\n<p>Formato:<\/p>\n<p>Sello<\/p>\n<p>Emisi\u00f3n:<\/p>\n<p>Definitivo<\/p>\n<p>Perforaci\u00f3n:<\/p>\n<p>Ruleta<\/p>\n<p>Impresi\u00f3n:<\/p>\n<p>Rebaje<\/p>\n<p>Valor facial:<\/p>\n<p>100 R &#8211; Reis (viejos) Brasile\u00f1os<\/p>\n<p>Tiraje:<\/p>\n<p>10.000.000<\/p>\n<p><a href=\"https:\/\/colnect.com\/stamps\/stamp\/187595\">https:\/\/colnect.com\/stamps\/stamp\/187595<\/a><\/p>","protected":false},"excerpt":{"rendered":"<p>Pa\u00eds: Brasil Serie: Dom Pedro II C\u00f3digo de cat\u00e1logo: Michel BR 34 Stamp Number BR 65 Yvert et Tellier BR 34 Stanley Gibbons BR 54 RHM BR 34 Variantes: Click para ver variantes Temas: Reyes Fecha emisi\u00f3n: 1876-07-01 Fecha de caducidad: 1889-11-15 Tama\u00f1o: 24 x 30 mm Colores: Verde Marca de agua: Sin Marca de &hellip;<\/p>\n<p class=\"read-more\"> <a class=\"thunk-readmore button\" href=\"https:\/\/filatelia.cuentista.es\/en\/product\/sello-brasil-100-reis\"> <span class=\"screen-reader-text\">Sello Brasil 1976 &#8211; Don Pedro II &#8211; 100 Reis, verde, Usado<\/span>Read More<\/a><\/p>","protected":false},"featured_media":2838,"comment_status":"open","ping_status":"closed","template":"","meta":{"_acf_changed":false},"product_brand":[],"product_cat":[1294,20],"product_tag":[],"class_list":{"0":"post-2839","1":"product","2":"type-product","3":"status-publish","4":"has-post-thumbnail","6":"product_cat-brasil","7":"product_cat-sellos-usados","8":"thunk-woo-product-list","9":"opn-qv-enable","10":"open-woo-hover-zoom","11":"open-single-product-tab-horizontal","12":"open-shadow-","13":"open-shadow-hover-","15":"first","16":"instock","17":"sale","18":"shipping-taxable","19":"purchasable","20":"product-type-simple"},"acf":[],"jetpack_sharing_enabled":true,"_links":{"self":[{"href":"https:\/\/filatelia.cuentista.es\/en\/wp-json\/wp\/v2\/product\/2839","targetHints":{"allow":["GET"]}}],"collection":[{"href":"https:\/\/filatelia.cuentista.es\/en\/wp-json\/wp\/v2\/product"}],"about":[{"href":"https:\/\/filatelia.cuentista.es\/en\/wp-json\/wp\/v2\/types\/product"}],"replies":[{"embeddable":true,"href":"https:\/\/filatelia.cuentista.es\/en\/wp-json\/wp\/v2\/comments?post=2839"}],"wp:featuredmedia":[{"embeddable":true,"href":"https:\/\/filatelia.cuentista.es\/en\/wp-json\/wp\/v2\/media\/2838"}],"wp:attachment":[{"href":"https:\/\/filatelia.cuentista.es\/en\/wp-json\/wp\/v2\/media?parent=2839"}],"wp:term":[{"taxonomy":"product_brand","embeddable":true,"href":"https:\/\/filatelia.cuentista.es\/en\/wp-json\/wp\/v2\/product_brand?post=2839"},{"taxonomy":"product_cat","embeddable":true,"href":"https:\/\/filatelia.cuentista.es\/en\/wp-json\/wp\/v2\/product_cat?post=2839"},{"taxonomy":"product_tag","embeddable":true,"href":"https:\/\/filatelia.cuentista.es\/en\/wp-json\/wp\/v2\/product_tag?post=2839"}],"curies":[{"name":"wp","href":"https:\/\/api.w.org\/{rel}","templated":true}]}}