{"id":2837,"date":"2024-09-14T20:54:37","date_gmt":"2024-09-14T20:54:37","guid":{"rendered":"https:\/\/filatelia.cuentista.es\/product\/sello-brasil-100-reis-azul-usado"},"modified":"2024-09-14T20:58:39","modified_gmt":"2024-09-14T20:58:39","slug":"sello-brasil-100-reis-azul-usado","status":"publish","type":"product","link":"https:\/\/filatelia.cuentista.es\/en\/product\/sello-brasil-100-reis-azul-usado","title":{"rendered":"Sello Brasil 1910 &#8211; Rey Carlos I &#8211; 100 Reis Azul, Usado"},"content":{"rendered":"<p>C\u00f3digo de cat\u00e1logo:<\/p>\n<p>Mi:PT 133A, Sn:PT 124, Yt:PT 138, Sg:PT 356, AFA:PT 137, Afi:PT 135<\/p>\n<p>Temas:<\/p>\n<p>Hombres | Jefes de Estado | Personajes Famosos | Realeza | Reyes<\/p>\n<p>Fecha emisi\u00f3n:<\/p>\n<p>1895-11-01<\/p>\n<p>Fecha de caducidad:<\/p>\n<p>1910-08-31<\/p>\n<p>Tama\u00f1o:<\/p>\n<p>24 x 27 mm<\/p>\n<p>Colores:<\/p>\n<p>Azul<\/p>\n<p>Dise\u00f1adores:<\/p>\n<p>Louis-Eug\u00e8ne Mouchon<\/p>\n<p>Impresores\/Imprentas:<\/p>\n<p>Casa da Moeda de Portugal<\/p>\n<p>Formato:<\/p>\n<p>Sello<\/p>\n<p>Emisi\u00f3n:<\/p>\n<p>Definitivo<\/p>\n<p>Perforaci\u00f3n:<\/p>\n<p>11\u00bd<\/p>\n<p>Impresi\u00f3n:<\/p>\n<p>Tipograf\u00eda<\/p>\n<p>Papel:<\/p>\n<p>Light blue paper<\/p>\n<p>Valor facial:<\/p>\n<p>100 R &#8211; Reis (antiguo) Portugu\u00e9s<\/p>\n<p><a href=\"https:\/\/colnect.com\/stamps\/stamp\/1304022\">https:\/\/colnect.com\/stamps\/stamp\/1304022<\/a><\/p>","protected":false},"excerpt":{"rendered":"<p>C\u00f3digo de cat\u00e1logo: Mi:PT 133A, Sn:PT 124, Yt:PT 138, Sg:PT 356, AFA:PT 137, Afi:PT 135 Temas: Hombres | Jefes de Estado | Personajes Famosos | Realeza | Reyes Fecha emisi\u00f3n: 1895-11-01 Fecha de caducidad: 1910-08-31 Tama\u00f1o: 24 x 27 mm Colores: Azul Dise\u00f1adores: Louis-Eug\u00e8ne Mouchon Impresores\/Imprentas: Casa da Moeda de Portugal Formato: Sello Emisi\u00f3n: Definitivo &hellip;<\/p>\n<p class=\"read-more\"> <a class=\"thunk-readmore button\" href=\"https:\/\/filatelia.cuentista.es\/en\/product\/sello-brasil-100-reis-azul-usado\"> <span class=\"screen-reader-text\">Sello Brasil 1910 &#8211; Rey Carlos I &#8211; 100 Reis Azul, Usado<\/span>Read More<\/a><\/p>","protected":false},"featured_media":2836,"comment_status":"open","ping_status":"closed","template":"","meta":{"_acf_changed":false},"product_brand":[],"product_cat":[1294,20],"product_tag":[],"class_list":{"0":"post-2837","1":"product","2":"type-product","3":"status-publish","4":"has-post-thumbnail","6":"product_cat-brasil","7":"product_cat-sellos-usados","8":"thunk-woo-product-list","9":"opn-qv-enable","10":"open-woo-hover-zoom","11":"open-single-product-tab-horizontal","12":"open-shadow-","13":"open-shadow-hover-","15":"first","16":"instock","17":"sale","18":"shipping-taxable","19":"purchasable","20":"product-type-simple"},"acf":[],"jetpack_sharing_enabled":true,"_links":{"self":[{"href":"https:\/\/filatelia.cuentista.es\/en\/wp-json\/wp\/v2\/product\/2837","targetHints":{"allow":["GET"]}}],"collection":[{"href":"https:\/\/filatelia.cuentista.es\/en\/wp-json\/wp\/v2\/product"}],"about":[{"href":"https:\/\/filatelia.cuentista.es\/en\/wp-json\/wp\/v2\/types\/product"}],"replies":[{"embeddable":true,"href":"https:\/\/filatelia.cuentista.es\/en\/wp-json\/wp\/v2\/comments?post=2837"}],"wp:featuredmedia":[{"embeddable":true,"href":"https:\/\/filatelia.cuentista.es\/en\/wp-json\/wp\/v2\/media\/2836"}],"wp:attachment":[{"href":"https:\/\/filatelia.cuentista.es\/en\/wp-json\/wp\/v2\/media?parent=2837"}],"wp:term":[{"taxonomy":"product_brand","embeddable":true,"href":"https:\/\/filatelia.cuentista.es\/en\/wp-json\/wp\/v2\/product_brand?post=2837"},{"taxonomy":"product_cat","embeddable":true,"href":"https:\/\/filatelia.cuentista.es\/en\/wp-json\/wp\/v2\/product_cat?post=2837"},{"taxonomy":"product_tag","embeddable":true,"href":"https:\/\/filatelia.cuentista.es\/en\/wp-json\/wp\/v2\/product_tag?post=2837"}],"curies":[{"name":"wp","href":"https:\/\/api.w.org\/{rel}","templated":true}]}}