{"id":2823,"date":"2024-09-14T20:06:59","date_gmt":"2024-09-14T20:06:59","guid":{"rendered":"https:\/\/filatelia.cuentista.es\/product\/sello-brasil-petroleo-2-cts-verde-amarillo-usado"},"modified":"2024-10-20T17:46:17","modified_gmt":"2024-10-20T17:46:17","slug":"sello-brasil-petroleo-2-cts-verde-amarillo-usado","status":"publish","type":"product","link":"https:\/\/filatelia.cuentista.es\/en\/product\/sello-brasil-petroleo-2-cts-verde-amarillo-usado","title":{"rendered":"Sello Brasil 1946 &#8211; Petr\u00f3leo- 2 Cts. verde amarillo, usado"},"content":{"rendered":"<p>Pa\u00eds:<\/p>\n<p>Brasil<\/p>\n<p>Serie:<\/p>\n<p>Definitives, Cruzeiro<\/p>\n<p>C\u00f3digo de cat\u00e1logo:<\/p>\n<p>Michel BR 698XI<\/p>\n<p>Stamp Number BR 656<\/p>\n<p>Yvert et Tellier BR 463A<\/p>\n<p>Stanley Gibbons BR 751<\/p>\n<p>RHM BR 461<\/p>\n<p>Variantes:<\/p>\n<p>Click para ver variantes<\/p>\n<p>Temas:<\/p>\n<p>Econom\u00eda | Industria Petroqu\u00edmica | Plataformas Petrol\u00edferas<\/p>\n<p>Fecha emisi\u00f3n:<\/p>\n<p>1946<\/p>\n<p>Tama\u00f1o:<\/p>\n<p>22 x 26 mm<\/p>\n<p>Colores:<\/p>\n<p>Oliva verdoso<\/p>\n<p>Marca de agua:<\/p>\n<p>CORREIO BRASIL y Estrellas Tipo 1 (Sh) [S]<\/p>\n<p>Impresores\/Imprentas:<\/p>\n<p>Casa da Moeda do Brasil<\/p>\n<p>Formato:<\/p>\n<p>Sello<\/p>\n<p>Emisi\u00f3n:<\/p>\n<p>Definitivo<\/p>\n<p>Perforaci\u00f3n:<\/p>\n<p>11<\/p>\n<p>Impresi\u00f3n:<\/p>\n<p>Tipograf\u00eda<\/p>\n<p>Valor facial:<\/p>\n<p>2 Centavo de Brasil<\/p>\n<p><a href=\"https:\/\/colnect.com\/stamps\/stamp\/207930\">https:\/\/colnect.com\/stamps\/stamp\/207930<\/a><\/p>\n","protected":false},"excerpt":{"rendered":"<p>Pa\u00eds: Brasil Serie: Definitives, Cruzeiro C\u00f3digo de cat\u00e1logo: Michel BR 698XI Stamp Number BR 656 Yvert et Tellier BR 463A Stanley Gibbons BR 751 RHM BR 461 Variantes: Click para ver variantes Temas: Econom\u00eda | Industria Petroqu\u00edmica | Plataformas Petrol\u00edferas Fecha emisi\u00f3n: 1946 Tama\u00f1o: 22 x 26 mm Colores: Oliva verdoso Marca de agua: CORREIO &hellip;<\/p>\n<p class=\"read-more\"> <a class=\"thunk-readmore button\" href=\"https:\/\/filatelia.cuentista.es\/en\/product\/sello-brasil-petroleo-2-cts-verde-amarillo-usado\"> <span class=\"screen-reader-text\">Sello Brasil 1946 &#8211; Petr\u00f3leo- 2 Cts. verde amarillo, usado<\/span>Read More<\/a><\/p>","protected":false},"featured_media":2822,"comment_status":"open","ping_status":"closed","template":"","meta":{"_acf_changed":false},"product_brand":[],"product_cat":[1294,20],"product_tag":[],"class_list":{"0":"post-2823","1":"product","2":"type-product","3":"status-publish","4":"has-post-thumbnail","6":"product_cat-brasil","7":"product_cat-sellos-usados","8":"thunk-woo-product-list","9":"opn-qv-enable","10":"open-woo-hover-zoom","11":"open-single-product-tab-horizontal","12":"open-shadow-","13":"open-shadow-hover-","15":"first","16":"instock","17":"sale","18":"shipping-taxable","19":"purchasable","20":"product-type-simple"},"acf":[],"jetpack_sharing_enabled":true,"_links":{"self":[{"href":"https:\/\/filatelia.cuentista.es\/en\/wp-json\/wp\/v2\/product\/2823","targetHints":{"allow":["GET"]}}],"collection":[{"href":"https:\/\/filatelia.cuentista.es\/en\/wp-json\/wp\/v2\/product"}],"about":[{"href":"https:\/\/filatelia.cuentista.es\/en\/wp-json\/wp\/v2\/types\/product"}],"replies":[{"embeddable":true,"href":"https:\/\/filatelia.cuentista.es\/en\/wp-json\/wp\/v2\/comments?post=2823"}],"wp:featuredmedia":[{"embeddable":true,"href":"https:\/\/filatelia.cuentista.es\/en\/wp-json\/wp\/v2\/media\/2822"}],"wp:attachment":[{"href":"https:\/\/filatelia.cuentista.es\/en\/wp-json\/wp\/v2\/media?parent=2823"}],"wp:term":[{"taxonomy":"product_brand","embeddable":true,"href":"https:\/\/filatelia.cuentista.es\/en\/wp-json\/wp\/v2\/product_brand?post=2823"},{"taxonomy":"product_cat","embeddable":true,"href":"https:\/\/filatelia.cuentista.es\/en\/wp-json\/wp\/v2\/product_cat?post=2823"},{"taxonomy":"product_tag","embeddable":true,"href":"https:\/\/filatelia.cuentista.es\/en\/wp-json\/wp\/v2\/product_tag?post=2823"}],"curies":[{"name":"wp","href":"https:\/\/api.w.org\/{rel}","templated":true}]}}