{"id":2815,"date":"2024-09-14T10:39:17","date_gmt":"2024-09-14T10:39:17","guid":{"rendered":"https:\/\/filatelia.cuentista.es\/product\/sello-brasil-aviacion-50-rs-azul-verdoso-usado"},"modified":"2024-09-14T10:41:37","modified_gmt":"2024-09-14T10:41:37","slug":"sello-brasil-aviacion-50-rs-azul-verdoso-usado","status":"publish","type":"product","link":"https:\/\/filatelia.cuentista.es\/en\/product\/sello-brasil-aviacion-50-rs-azul-verdoso-usado","title":{"rendered":"Sello Brasil 1931 &#8211; Aviaci\u00f3n- 50 Rs , Azul Verdoso, Usado"},"content":{"rendered":"<p>\ufffcPa\u00eds:<\/p>\n<p>Brasil<\/p>\n<p>Serie:<\/p>\n<p>Definitives &#8211; Economy and Culture<\/p>\n<p>C\u00f3digo de cat\u00e1logo:<\/p>\n<p>Michel BR 356<\/p>\n<p>Stamp Number BR 330<\/p>\n<p>Yvert et Tellier BR 212<\/p>\n<p>Stanley Gibbons BR 391<\/p>\n<p>RHM BR 279<\/p>\n<p>Variantes:<\/p>\n<p>Click para ver variantes<\/p>\n<p>Temas:<\/p>\n<p>Aviaci\u00f3n | Aviones<\/p>\n<p>Fecha emisi\u00f3n:<\/p>\n<p>1931<\/p>\n<p>Colores:<\/p>\n<p>Verde Azul<\/p>\n<p>Marca de agua:<\/p>\n<p>Cruz del Sur (Sh) [Up]<\/p>\n<p>Formato:<\/p>\n<p>Sello<\/p>\n<p>Emisi\u00f3n:<\/p>\n<p>Definitivo<\/p>\n<p>Perforaci\u00f3n:<\/p>\n<p>13\u00bd x 12\u00bd<\/p>\n<p>Impresi\u00f3n:<\/p>\n<p>Tipograf\u00eda<\/p>\n<p>Valor facial:<\/p>\n<p>50 R &#8211; Reis (viejos) Brasile\u00f1os<\/p>\n<p>https:\/\/colnect.com\/stamps\/stamp\/465998<\/p>\n","protected":false},"excerpt":{"rendered":"<p>\ufffcPa\u00eds: Brasil Serie: Definitives &#8211; Economy and Culture C\u00f3digo de cat\u00e1logo: Michel BR 356 Stamp Number BR 330 Yvert et Tellier BR 212 Stanley Gibbons BR 391 RHM BR 279 Variantes: Click para ver variantes Temas: Aviaci\u00f3n | Aviones Fecha emisi\u00f3n: 1931 Colores: Verde Azul Marca de agua: Cruz del Sur (Sh) [Up] Formato: Sello &hellip;<\/p>\n<p class=\"read-more\"> <a class=\" thunk-readmore button \" href=\"https:\/\/filatelia.cuentista.es\/en\/product\/sello-brasil-aviacion-50-rs-azul-verdoso-usado\"> <span class=\"screen-reader-text\">Sello Brasil 1931 &#8211; Aviaci\u00f3n- 50 Rs , Azul Verdoso, Usado<\/span>Read More<\/a><\/p>\n","protected":false},"featured_media":2814,"comment_status":"open","ping_status":"closed","template":"","meta":{"_acf_changed":false},"product_brand":[],"product_cat":[1294,20],"product_tag":[],"class_list":{"0":"post-2815","1":"product","2":"type-product","3":"status-publish","4":"has-post-thumbnail","6":"product_cat-brasil","7":"product_cat-sellos-usados","8":"thunk-woo-product-list","9":"opn-qv-enable","10":"open-woo-hover-zoom","11":"open-single-product-tab-horizontal","12":"open-shadow-","13":"open-shadow-hover-","15":"first","16":"instock","17":"sale","18":"shipping-taxable","19":"purchasable","20":"product-type-simple"},"acf":[],"jetpack_sharing_enabled":true,"_links":{"self":[{"href":"https:\/\/filatelia.cuentista.es\/en\/wp-json\/wp\/v2\/product\/2815","targetHints":{"allow":["GET"]}}],"collection":[{"href":"https:\/\/filatelia.cuentista.es\/en\/wp-json\/wp\/v2\/product"}],"about":[{"href":"https:\/\/filatelia.cuentista.es\/en\/wp-json\/wp\/v2\/types\/product"}],"replies":[{"embeddable":true,"href":"https:\/\/filatelia.cuentista.es\/en\/wp-json\/wp\/v2\/comments?post=2815"}],"wp:featuredmedia":[{"embeddable":true,"href":"https:\/\/filatelia.cuentista.es\/en\/wp-json\/wp\/v2\/media\/2814"}],"wp:attachment":[{"href":"https:\/\/filatelia.cuentista.es\/en\/wp-json\/wp\/v2\/media?parent=2815"}],"wp:term":[{"taxonomy":"product_brand","embeddable":true,"href":"https:\/\/filatelia.cuentista.es\/en\/wp-json\/wp\/v2\/product_brand?post=2815"},{"taxonomy":"product_cat","embeddable":true,"href":"https:\/\/filatelia.cuentista.es\/en\/wp-json\/wp\/v2\/product_cat?post=2815"},{"taxonomy":"product_tag","embeddable":true,"href":"https:\/\/filatelia.cuentista.es\/en\/wp-json\/wp\/v2\/product_tag?post=2815"}],"curies":[{"name":"wp","href":"https:\/\/api.w.org\/{rel}","templated":true}]}}