{"id":2797,"date":"2024-09-13T21:26:43","date_gmt":"2024-09-13T21:26:43","guid":{"rendered":"https:\/\/filatelia.cuentista.es\/product\/sello-brasil"},"modified":"2024-10-13T15:33:38","modified_gmt":"2024-10-13T15:33:38","slug":"sello-brasil","status":"publish","type":"product","link":"https:\/\/filatelia.cuentista.es\/en\/product\/sello-brasil","title":{"rendered":"Sello Brasil 1906 &#8211; Benjam\u00edn Constant &#8211; 20 Reis Violeta, usado"},"content":{"rendered":"<p>Pa\u00eds:<\/p>\n<p>Brasil<\/p>\n<p>Serie:<\/p>\n<p>Personalities and Liberty Allegory<\/p>\n<p>C\u00f3digo de cat\u00e1logo:<\/p>\n<p>Michel BR 164<\/p>\n<p>Stamp Number BR 175<\/p>\n<p>Yvert et Tellier BR 129<\/p>\n<p>Stanley Gibbons BR 261<\/p>\n<p>RHM BR 137<\/p>\n<p>Variantes:<\/p>\n<p>Click para ver variantes<\/p>\n<p>Temas:<\/p>\n<p>Autores | Gente de Letras (escritores y poetas) | Hombres | Literatura | Personajes Famosos | Pol\u00edticos<\/p>\n<p>Fecha emisi\u00f3n:<\/p>\n<p>1906-11-10<\/p>\n<p>Fecha de caducidad:<\/p>\n<p>1942-10-05<\/p>\n<p>Tama\u00f1o:<\/p>\n<p>21 x 24 mm<\/p>\n<p>Colores:<\/p>\n<p>Violeta<\/p>\n<p>Marca de agua:<\/p>\n<p>Sin Marca de agua<\/p>\n<p>Impresores\/Imprentas:<\/p>\n<p>American Bank Note Co.<\/p>\n<p>Formato:<\/p>\n<p>Sello<\/p>\n<p>Emisi\u00f3n:<\/p>\n<p>Definitivo<\/p>\n<p>Perforaci\u00f3n:<\/p>\n<p>12<\/p>\n<p>Impresi\u00f3n:<\/p>\n<p>Rebaje<\/p>\n<p>Papel:<\/p>\n<p>white<\/p>\n<p>Goma:<\/p>\n<p>Ordinaria<\/p>\n<p>Valor facial:<\/p>\n<p>20 R &#8211; Reis (viejos) Brasile\u00f1os<\/p>\n<p>Tiraje:<\/p>\n<p>243.250.000<\/p>\n<p>Puntuaci\u00f3n:<\/p>\n<p>5% Precisi\u00f3n: Muy alto<\/p>\n<p>Descripci\u00f3n:<\/p>\n<p>Benjamin Constant Boltelho de Magalh\u00e3es (1833\/10\/18 &#8211; 1891\/01\/22) Engineer, Military Man and Politician &#8211; Republican Abolitionist<\/p>","protected":false},"excerpt":{"rendered":"<p>Pa\u00eds: Brasil Serie: Personalities and Liberty Allegory C\u00f3digo de cat\u00e1logo: Michel BR 164 Stamp Number BR 175 Yvert et Tellier BR 129 Stanley Gibbons BR 261 RHM BR 137 Variantes: Click para ver variantes Temas: Autores | Gente de Letras (escritores y poetas) | Hombres | Literatura | Personajes Famosos | Pol\u00edticos Fecha emisi\u00f3n: 1906-11-10 &hellip;<\/p>\n<p class=\"read-more\"> <a class=\"thunk-readmore button\" href=\"https:\/\/filatelia.cuentista.es\/en\/product\/sello-brasil\"> <span class=\"screen-reader-text\">Sello Brasil 1906 &#8211; Benjam\u00edn Constant &#8211; 20 Reis Violeta, usado<\/span>Read More<\/a><\/p>","protected":false},"featured_media":2796,"comment_status":"open","ping_status":"closed","template":"","meta":{"_acf_changed":false},"product_brand":[],"product_cat":[1294,20],"product_tag":[],"class_list":{"0":"post-2797","1":"product","2":"type-product","3":"status-publish","4":"has-post-thumbnail","6":"product_cat-brasil","7":"product_cat-sellos-usados","8":"thunk-woo-product-list","9":"opn-qv-enable","10":"open-woo-hover-zoom","11":"open-single-product-tab-horizontal","12":"open-shadow-","13":"open-shadow-hover-","15":"first","16":"instock","17":"sale","18":"shipping-taxable","19":"purchasable","20":"product-type-simple"},"acf":[],"jetpack_sharing_enabled":true,"_links":{"self":[{"href":"https:\/\/filatelia.cuentista.es\/en\/wp-json\/wp\/v2\/product\/2797","targetHints":{"allow":["GET"]}}],"collection":[{"href":"https:\/\/filatelia.cuentista.es\/en\/wp-json\/wp\/v2\/product"}],"about":[{"href":"https:\/\/filatelia.cuentista.es\/en\/wp-json\/wp\/v2\/types\/product"}],"replies":[{"embeddable":true,"href":"https:\/\/filatelia.cuentista.es\/en\/wp-json\/wp\/v2\/comments?post=2797"}],"wp:featuredmedia":[{"embeddable":true,"href":"https:\/\/filatelia.cuentista.es\/en\/wp-json\/wp\/v2\/media\/2796"}],"wp:attachment":[{"href":"https:\/\/filatelia.cuentista.es\/en\/wp-json\/wp\/v2\/media?parent=2797"}],"wp:term":[{"taxonomy":"product_brand","embeddable":true,"href":"https:\/\/filatelia.cuentista.es\/en\/wp-json\/wp\/v2\/product_brand?post=2797"},{"taxonomy":"product_cat","embeddable":true,"href":"https:\/\/filatelia.cuentista.es\/en\/wp-json\/wp\/v2\/product_cat?post=2797"},{"taxonomy":"product_tag","embeddable":true,"href":"https:\/\/filatelia.cuentista.es\/en\/wp-json\/wp\/v2\/product_tag?post=2797"}],"curies":[{"name":"wp","href":"https:\/\/api.w.org\/{rel}","templated":true}]}}