{"id":2792,"date":"2024-09-13T21:11:53","date_gmt":"2024-09-13T21:11:53","guid":{"rendered":"https:\/\/filatelia.cuentista.es\/?post_type=product&#038;p=2792"},"modified":"2024-09-14T12:18:56","modified_gmt":"2024-09-14T12:18:56","slug":"sello-brasil-1946-agricultura-050-cr-salmon-usado-2-2-2","status":"publish","type":"product","link":"https:\/\/filatelia.cuentista.es\/en\/product\/sello-brasil-1946-agricultura-050-cr-salmon-usado-2-2-2","title":{"rendered":"Sello Brasil 1943 &#8211; Agricultura &#8211; 0,20 Cr$ marr\u00f3n, usado"},"content":{"rendered":"<p>Pa\u00eds: Brasil<\/p>\n<p>Serie: Definitives, Cruzeiro<\/p>\n<p>C\u00f3digo de cat\u00e1logo: Michel BR 701XI ,\u00a0Stamp Number BR 659 ,\u00a0Yvert et Tellier BR 465 ,\u00a0Stanley Gibbons BR 754 ,\u00a0RHM BR 464<\/p>\n<p>Variantes: Click para ver variantes<\/p>\n<p>Temas: Agricultura<\/p>\n<p>Fecha emisi\u00f3n:\u00a01946<\/p>\n<p>Tama\u00f1o:22 x 26 mm<\/p>\n<p>Colores:\u00a0Naranja Marr\u00f3n<\/p>\n<p>Marca de agua:\u00a0CORREIO BRASIL y Estrellas Tipo 1 (Sh) [S]<\/p>\n<p>Impresores\/Imprentas:\u00a0Casa da Moeda do Brasil<\/p>\n<p>Formato: Sello<\/p>\n<p>Emisi\u00f3n: Definitivo<\/p>\n<p>Perforaci\u00f3n:\u00a011<\/p>\n<p>Impresi\u00f3n:\u00a0Tipograf\u00eda<\/p>\n<p>Valor facial: 0,20 Cruzeiro de Brasil<\/p>\n","protected":false},"excerpt":{"rendered":"<p>Pa\u00eds: Brasil Serie: Definitives, Cruzeiro C\u00f3digo de cat\u00e1logo: Michel BR 701XI ,\u00a0Stamp Number BR 659 ,\u00a0Yvert et Tellier BR 465 ,\u00a0Stanley Gibbons BR 754 ,\u00a0RHM BR 464 Variantes: Click para ver variantes Temas: Agricultura Fecha emisi\u00f3n:\u00a01946 Tama\u00f1o:22 x 26 mm Colores:\u00a0Naranja Marr\u00f3n Marca de agua:\u00a0CORREIO BRASIL y Estrellas Tipo 1 (Sh) [S] Impresores\/Imprentas:\u00a0Casa da Moeda &hellip;<\/p>\n<p class=\"read-more\"> <a class=\" thunk-readmore button \" href=\"https:\/\/filatelia.cuentista.es\/en\/product\/sello-brasil-1946-agricultura-050-cr-salmon-usado-2-2-2\"> <span class=\"screen-reader-text\">Sello Brasil 1943 &#8211; Agricultura &#8211; 0,20 Cr$ marr\u00f3n, usado<\/span>Read More<\/a><\/p>\n","protected":false},"featured_media":2793,"comment_status":"open","ping_status":"closed","template":"","meta":{"_acf_changed":false},"product_brand":[],"product_cat":[1294,20],"product_tag":[],"class_list":{"0":"post-2792","1":"product","2":"type-product","3":"status-publish","4":"has-post-thumbnail","6":"product_cat-brasil","7":"product_cat-sellos-usados","8":"thunk-woo-product-list","9":"opn-qv-enable","10":"open-woo-hover-zoom","11":"open-single-product-tab-horizontal","12":"open-shadow-","13":"open-shadow-hover-","15":"first","16":"instock","17":"sale","18":"shipping-taxable","19":"purchasable","20":"product-type-simple"},"acf":[],"jetpack_sharing_enabled":true,"_links":{"self":[{"href":"https:\/\/filatelia.cuentista.es\/en\/wp-json\/wp\/v2\/product\/2792","targetHints":{"allow":["GET"]}}],"collection":[{"href":"https:\/\/filatelia.cuentista.es\/en\/wp-json\/wp\/v2\/product"}],"about":[{"href":"https:\/\/filatelia.cuentista.es\/en\/wp-json\/wp\/v2\/types\/product"}],"replies":[{"embeddable":true,"href":"https:\/\/filatelia.cuentista.es\/en\/wp-json\/wp\/v2\/comments?post=2792"}],"wp:featuredmedia":[{"embeddable":true,"href":"https:\/\/filatelia.cuentista.es\/en\/wp-json\/wp\/v2\/media\/2793"}],"wp:attachment":[{"href":"https:\/\/filatelia.cuentista.es\/en\/wp-json\/wp\/v2\/media?parent=2792"}],"wp:term":[{"taxonomy":"product_brand","embeddable":true,"href":"https:\/\/filatelia.cuentista.es\/en\/wp-json\/wp\/v2\/product_brand?post=2792"},{"taxonomy":"product_cat","embeddable":true,"href":"https:\/\/filatelia.cuentista.es\/en\/wp-json\/wp\/v2\/product_cat?post=2792"},{"taxonomy":"product_tag","embeddable":true,"href":"https:\/\/filatelia.cuentista.es\/en\/wp-json\/wp\/v2\/product_tag?post=2792"}],"curies":[{"name":"wp","href":"https:\/\/api.w.org\/{rel}","templated":true}]}}