{"id":2783,"date":"2024-09-13T20:45:11","date_gmt":"2024-09-13T20:45:11","guid":{"rendered":"https:\/\/filatelia.cuentista.es\/product\/sello-brasil-1906-prudente-400-reis"},"modified":"2024-09-13T20:45:36","modified_gmt":"2024-09-13T20:45:36","slug":"sello-brasil-1906-prudente-400-reis","status":"publish","type":"product","link":"https:\/\/filatelia.cuentista.es\/en\/product\/sello-brasil-1906-prudente-400-reis","title":{"rendered":"Sello Brasil 1906 &#8211; Prudente &#8211; 400 Reis Verde Oliva"},"content":{"rendered":"<p>Pa\u00eds:<\/p>\n<p>Brasil<\/p>\n<p>Serie:<\/p>\n<p>Personalities and Liberty Allegory<\/p>\n<p>C\u00f3digo de cat\u00e1logo:<\/p>\n<p>Michel BR 169<\/p>\n<p>Stamp Number BR 181<\/p>\n<p>Yvert et Tellier BR 134<\/p>\n<p>Stanley Gibbons BR 268<\/p>\n<p>RHM BR 142<\/p>\n<p>Temas:<\/p>\n<p>Hombres | Jefes de Estado | Personajes Famosos | Pol\u00edticos<\/p>\n<p>Fecha emisi\u00f3n:<\/p>\n<p>1906-11-10<\/p>\n<p>Fecha de caducidad:<\/p>\n<p>1942-10-05<\/p>\n<p>Tama\u00f1o:<\/p>\n<p>21 x 24 mm<\/p>\n<p>Colores:<\/p>\n<p>Verde Oliva oscuro<\/p>\n<p>Marca de agua:<\/p>\n<p>Sin Marca de agua<\/p>\n<p>Impresores\/Imprentas:<\/p>\n<p>American Bank Note Co.<\/p>\n<p>Formato:<\/p>\n<p>Sello<\/p>\n<p>Emisi\u00f3n:<\/p>\n<p>Definitivo<\/p>\n<p>Perforaci\u00f3n:<\/p>\n<p>12<\/p>\n<p>Impresi\u00f3n:<\/p>\n<p>Rebaje<\/p>\n<p>Papel:<\/p>\n<p>white<\/p>\n<p>Goma:<\/p>\n<p>Ordinaria<\/p>\n<p>Valor facial:<\/p>\n<p>400 R &#8211; Reis (viejos) Brasile\u00f1os<\/p>\n<p>Tiraje:<\/p>\n<p>3.100.000<\/p>","protected":false},"excerpt":{"rendered":"<p>Pa\u00eds: Brasil Serie: Personalities and Liberty Allegory C\u00f3digo de cat\u00e1logo: Michel BR 169 Stamp Number BR 181 Yvert et Tellier BR 134 Stanley Gibbons BR 268 RHM BR 142 Temas: Hombres | Jefes de Estado | Personajes Famosos | Pol\u00edticos Fecha emisi\u00f3n: 1906-11-10 Fecha de caducidad: 1942-10-05 Tama\u00f1o: 21 x 24 mm Colores: Verde Oliva &hellip;<\/p>\n<p class=\"read-more\"> <a class=\"thunk-readmore button\" href=\"https:\/\/filatelia.cuentista.es\/en\/product\/sello-brasil-1906-prudente-400-reis\"> <span class=\"screen-reader-text\">Sello Brasil 1906 &#8211; Prudente &#8211; 400 Reis Verde Oliva<\/span>Read More<\/a><\/p>","protected":false},"featured_media":2782,"comment_status":"open","ping_status":"closed","template":"","meta":{"_acf_changed":false},"product_brand":[],"product_cat":[1294,20],"product_tag":[],"class_list":{"0":"post-2783","1":"product","2":"type-product","3":"status-publish","4":"has-post-thumbnail","6":"product_cat-brasil","7":"product_cat-sellos-usados","8":"thunk-woo-product-list","9":"opn-qv-enable","10":"open-woo-hover-zoom","11":"open-single-product-tab-horizontal","12":"open-shadow-","13":"open-shadow-hover-","15":"first","16":"instock","17":"sale","18":"shipping-taxable","19":"purchasable","20":"product-type-simple"},"acf":[],"jetpack_sharing_enabled":true,"_links":{"self":[{"href":"https:\/\/filatelia.cuentista.es\/en\/wp-json\/wp\/v2\/product\/2783","targetHints":{"allow":["GET"]}}],"collection":[{"href":"https:\/\/filatelia.cuentista.es\/en\/wp-json\/wp\/v2\/product"}],"about":[{"href":"https:\/\/filatelia.cuentista.es\/en\/wp-json\/wp\/v2\/types\/product"}],"replies":[{"embeddable":true,"href":"https:\/\/filatelia.cuentista.es\/en\/wp-json\/wp\/v2\/comments?post=2783"}],"wp:featuredmedia":[{"embeddable":true,"href":"https:\/\/filatelia.cuentista.es\/en\/wp-json\/wp\/v2\/media\/2782"}],"wp:attachment":[{"href":"https:\/\/filatelia.cuentista.es\/en\/wp-json\/wp\/v2\/media?parent=2783"}],"wp:term":[{"taxonomy":"product_brand","embeddable":true,"href":"https:\/\/filatelia.cuentista.es\/en\/wp-json\/wp\/v2\/product_brand?post=2783"},{"taxonomy":"product_cat","embeddable":true,"href":"https:\/\/filatelia.cuentista.es\/en\/wp-json\/wp\/v2\/product_cat?post=2783"},{"taxonomy":"product_tag","embeddable":true,"href":"https:\/\/filatelia.cuentista.es\/en\/wp-json\/wp\/v2\/product_tag?post=2783"}],"curies":[{"name":"wp","href":"https:\/\/api.w.org\/{rel}","templated":true}]}}