{"id":278,"date":"2024-07-20T06:37:44","date_gmt":"2024-07-20T06:37:44","guid":{"rendered":"https:\/\/filatelia.cuentista.es\/product\/un-decenio-del-desarme-15c-ny-2"},"modified":"2024-09-22T05:05:29","modified_gmt":"2024-09-22T05:05:29","slug":"un-decenio-del-desarme-15c-ny-2","status":"publish","type":"product","link":"https:\/\/filatelia.cuentista.es\/en\/product\/un-decenio-del-desarme-15c-ny-2","title":{"rendered":"Sobre Primer D\u00eda 1973 &#8211; UN Decenio del desarme 15c NY"},"content":{"rendered":"<p>Sobre Primer D\u00eda 1973 &#8211; UN Decenio del desarme 15c NY<\/p>\n<p>Emision del D\u00eda 9 de Marzo de 1973<\/p>\n<p>15 centavos rosa Yvert 228<\/p>\n<p class=\"p1\">Official Geneva Cachet<\/p>\n<p class=\"p1\">Edici\u00f3n de Ginebra<\/p>\n<p class=\"p1\"><b>Los sobres de primer d\u00eda son objetos de colecci\u00f3n muy valorados por los filatelistas.<\/b> Estos sobres especiales se utilizan para enviar una carta el mismo d\u00eda en que se emite un nuevo sello postal. Al ser los primeros en utilizar ese sello en particular, adquieren un valor a\u00f1adido para los coleccionistas. Los sobres de primer d\u00eda suelen incluir un matasellos con la fecha de emisi\u00f3n y el nombre de la oficina de correos donde se expidi\u00f3 el sello, lo que los convierte en piezas \u00fanicas y aut\u00e9nticas. Adem\u00e1s de su valor filat\u00e9lico, estos sobres a menudo presentan dise\u00f1os atractivos y conmemorativos, relacionados con el tema del sello emitido, lo que los convierte en peque\u00f1os tesoros para los amantes de la historia y el arte postal.<\/p>\n<p>DECENNIE DU<br \/>\nDESARMEMENT<\/p>","protected":false},"excerpt":{"rendered":"<p>Sobre Primer D\u00eda 1973 &#8211; UN Decenio del desarme 15c NY<\/p>\n<p>Emision del D\u00eda 9 de Marzo de 1973<\/p>\n<p>15 centavos rosa Yvert 228<\/p>\n<p class=\"p1\">","protected":false},"featured_media":3160,"comment_status":"open","ping_status":"closed","template":"","meta":{"_acf_changed":false},"product_brand":[],"product_cat":[15],"product_tag":[76,1337,1338,190,189],"class_list":{"0":"post-278","1":"product","2":"type-product","3":"status-publish","4":"has-post-thumbnail","6":"product_cat-coleccionismo","7":"product_tag-76","8":"product_tag-alambrada","9":"product_tag-cuchillo","10":"product_tag-fdc","11":"product_tag-spd","12":"thunk-woo-product-list","13":"opn-qv-enable","14":"open-woo-hover-zoom","15":"open-single-product-tab-horizontal","16":"open-shadow-","17":"open-shadow-hover-","19":"first","20":"instock","21":"shipping-taxable","22":"purchasable","23":"product-type-simple"},"acf":[],"jetpack_sharing_enabled":true,"_links":{"self":[{"href":"https:\/\/filatelia.cuentista.es\/en\/wp-json\/wp\/v2\/product\/278","targetHints":{"allow":["GET"]}}],"collection":[{"href":"https:\/\/filatelia.cuentista.es\/en\/wp-json\/wp\/v2\/product"}],"about":[{"href":"https:\/\/filatelia.cuentista.es\/en\/wp-json\/wp\/v2\/types\/product"}],"replies":[{"embeddable":true,"href":"https:\/\/filatelia.cuentista.es\/en\/wp-json\/wp\/v2\/comments?post=278"}],"wp:featuredmedia":[{"embeddable":true,"href":"https:\/\/filatelia.cuentista.es\/en\/wp-json\/wp\/v2\/media\/3160"}],"wp:attachment":[{"href":"https:\/\/filatelia.cuentista.es\/en\/wp-json\/wp\/v2\/media?parent=278"}],"wp:term":[{"taxonomy":"product_brand","embeddable":true,"href":"https:\/\/filatelia.cuentista.es\/en\/wp-json\/wp\/v2\/product_brand?post=278"},{"taxonomy":"product_cat","embeddable":true,"href":"https:\/\/filatelia.cuentista.es\/en\/wp-json\/wp\/v2\/product_cat?post=278"},{"taxonomy":"product_tag","embeddable":true,"href":"https:\/\/filatelia.cuentista.es\/en\/wp-json\/wp\/v2\/product_tag?post=278"}],"curies":[{"name":"wp","href":"https:\/\/api.w.org\/{rel}","templated":true}]}}