{"id":2777,"date":"2024-09-13T20:21:27","date_gmt":"2024-09-13T20:21:27","guid":{"rendered":"https:\/\/filatelia.cuentista.es\/product\/sello-brasil-osvaldo-cruz-040-cr"},"modified":"2024-10-20T17:34:14","modified_gmt":"2024-10-20T17:34:14","slug":"sello-brasil-osvaldo-cruz-040-cr","status":"publish","type":"product","link":"https:\/\/filatelia.cuentista.es\/en\/product\/sello-brasil-osvaldo-cruz-040-cr","title":{"rendered":"Sello Brasil 1954 &#8211; Oswaldo Cruz &#8211; 0,40 Cr$ Carm\u00edn Rojo"},"content":{"rendered":"<p>C\u00f3digo de cat\u00e1logo:<\/p>\n<p>Mi:BR 851XI, Sn:BR 791, Yt:BR 580, Sg:BR 894, RHM:BR 494<\/p>\n<p>Temas:<\/p>\n<p>Cient\u00edficos | Hombres | Medicina | Personajes Famosos<\/p>\n<p>Fecha emisi\u00f3n:<\/p>\n<p>1954-07-02<\/p>\n<p>Tama\u00f1o:<\/p>\n<p>22 x 26.5 mm<\/p>\n<p>Colores:<\/p>\n<p>Carm\u00edn Rojo<\/p>\n<p>Marca de agua:<\/p>\n<p>CORREIO BRASIL y Estrellas Tipo 1 (Sh) [Up]<\/p>\n<p>Impresores\/Imprentas:<\/p>\n<p>Casa da Moeda do Brasil<\/p>\n<p>Formato:<\/p>\n<p>Sello<\/p>\n<p>Emisi\u00f3n:<\/p>\n<p>Definitivo<\/p>\n<p>Perforaci\u00f3n:<\/p>\n<p>peine10\u00be x 11\u00bd<\/p>\n<p>Impresi\u00f3n:<\/p>\n<p>Fotograbado<\/p>\n<p>Papel:<\/p>\n<p>Bleached flax paper<\/p>\n<p>Goma:<\/p>\n<p>Ar\u00e1bica<\/p>\n<p>Valor facial:<\/p>\n<p>0,40 Cruzeiro de Brasil<\/p>\n<p>Tiraje:<\/p>\n<p>1.000.000<\/p>\n","protected":false},"excerpt":{"rendered":"<p>C\u00f3digo de cat\u00e1logo: Mi:BR 851XI, Sn:BR 791, Yt:BR 580, Sg:BR 894, RHM:BR 494 Temas: Cient\u00edficos | Hombres | Medicina | Personajes Famosos Fecha emisi\u00f3n: 1954-07-02 Tama\u00f1o: 22 x 26.5 mm Colores: Carm\u00edn Rojo Marca de agua: CORREIO BRASIL y Estrellas Tipo 1 (Sh) [Up] Impresores\/Imprentas: Casa da Moeda do Brasil Formato: Sello Emisi\u00f3n: Definitivo Perforaci\u00f3n: &hellip;<\/p>\n<p class=\"read-more\"> <a class=\" thunk-readmore button \" href=\"https:\/\/filatelia.cuentista.es\/en\/product\/sello-brasil-osvaldo-cruz-040-cr\"> <span class=\"screen-reader-text\">Sello Brasil 1954 &#8211; Oswaldo Cruz &#8211; 0,40 Cr$ Carm\u00edn Rojo<\/span>Read More<\/a><\/p>\n","protected":false},"featured_media":2776,"comment_status":"open","ping_status":"closed","template":"","meta":{"_acf_changed":false},"product_brand":[],"product_cat":[1294,20],"product_tag":[],"class_list":{"0":"post-2777","1":"product","2":"type-product","3":"status-publish","4":"has-post-thumbnail","6":"product_cat-brasil","7":"product_cat-sellos-usados","8":"thunk-woo-product-list","9":"opn-qv-enable","10":"open-woo-hover-zoom","11":"open-single-product-tab-horizontal","12":"open-shadow-","13":"open-shadow-hover-","15":"first","16":"instock","17":"sale","18":"shipping-taxable","19":"purchasable","20":"product-type-simple"},"acf":[],"jetpack_sharing_enabled":true,"_links":{"self":[{"href":"https:\/\/filatelia.cuentista.es\/en\/wp-json\/wp\/v2\/product\/2777","targetHints":{"allow":["GET"]}}],"collection":[{"href":"https:\/\/filatelia.cuentista.es\/en\/wp-json\/wp\/v2\/product"}],"about":[{"href":"https:\/\/filatelia.cuentista.es\/en\/wp-json\/wp\/v2\/types\/product"}],"replies":[{"embeddable":true,"href":"https:\/\/filatelia.cuentista.es\/en\/wp-json\/wp\/v2\/comments?post=2777"}],"wp:featuredmedia":[{"embeddable":true,"href":"https:\/\/filatelia.cuentista.es\/en\/wp-json\/wp\/v2\/media\/2776"}],"wp:attachment":[{"href":"https:\/\/filatelia.cuentista.es\/en\/wp-json\/wp\/v2\/media?parent=2777"}],"wp:term":[{"taxonomy":"product_brand","embeddable":true,"href":"https:\/\/filatelia.cuentista.es\/en\/wp-json\/wp\/v2\/product_brand?post=2777"},{"taxonomy":"product_cat","embeddable":true,"href":"https:\/\/filatelia.cuentista.es\/en\/wp-json\/wp\/v2\/product_cat?post=2777"},{"taxonomy":"product_tag","embeddable":true,"href":"https:\/\/filatelia.cuentista.es\/en\/wp-json\/wp\/v2\/product_tag?post=2777"}],"curies":[{"name":"wp","href":"https:\/\/api.w.org\/{rel}","templated":true}]}}