{"id":2765,"date":"2024-09-13T18:47:59","date_gmt":"2024-09-13T18:47:59","guid":{"rendered":"https:\/\/filatelia.cuentista.es\/product\/sello-brasil-duke-de-caxias-azul-usado"},"modified":"2024-09-13T20:33:42","modified_gmt":"2024-09-13T20:33:42","slug":"sello-brasil-duke-de-caxias-azul-usado","status":"publish","type":"product","link":"https:\/\/filatelia.cuentista.es\/en\/product\/sello-brasil-duke-de-caxias-azul-usado","title":{"rendered":"Sello Brasil 1956 &#8211; Duke de Caxias &#8211; Azul, Usado"},"content":{"rendered":"<p>Pa\u00eds:<\/p>\n<p>Brasil<\/p>\n<p>Serie:<\/p>\n<p>Portraits &#8211; Famous People in Brazil History<\/p>\n<p>C\u00f3digo de cat\u00e1logo:<\/p>\n<p>Michel BR 868xI<\/p>\n<p>Stamp Number BR 797<\/p>\n<p>Yvert et Tellier BR 584A<\/p>\n<p>Stanley Gibbons BR 900<\/p>\n<p>RHM BR 500<\/p>\n<p>Variantes:<\/p>\n<p>Click para ver variantes<\/p>\n<p>Temas:<\/p>\n<p>Hombres | Oficiales Militares | Personajes Famosos<\/p>\n<p>Fecha emisi\u00f3n:<\/p>\n<p>1956-04-25<\/p>\n<p>Tama\u00f1o:<\/p>\n<p>22 x 27 mm<\/p>\n<p>Colores:<\/p>\n<p>Verde oscuro<\/p>\n<p>Marca de agua:<\/p>\n<p>CORREIO BRASIL y Estrellas Tipo 1 (Sh) [Up]<\/p>\n<p>Impresores\/Imprentas:<\/p>\n<p>Casa da Moeda do Brasil<\/p>\n<p>Formato:<\/p>\n<p>Sello<\/p>\n<p>Emisi\u00f3n:<\/p>\n<p>Definitivo<\/p>\n<p>Perforaci\u00f3n:<\/p>\n<p>peine10\u00be x 11\u00bd<\/p>\n<p>Impresi\u00f3n:<\/p>\n<p>Fotograbado<\/p>\n<p>Papel:<\/p>\n<p>Bleached flax paper<\/p>\n<p>Goma:<\/p>\n<p>Ar\u00e1bica<\/p>\n<p>Valor facial:<\/p>\n<p>2 Cruzeiro de Brasil<\/p>\n<p>Tiraje:<\/p>\n<p>1.000.000<\/p>\n","protected":false},"excerpt":{"rendered":"<p>Pa\u00eds: Brasil Serie: Portraits &#8211; Famous People in Brazil History C\u00f3digo de cat\u00e1logo: Michel BR 868xI Stamp Number BR 797 Yvert et Tellier BR 584A Stanley Gibbons BR 900 RHM BR 500 Variantes: Click para ver variantes Temas: Hombres | Oficiales Militares | Personajes Famosos Fecha emisi\u00f3n: 1956-04-25 Tama\u00f1o: 22 x 27 mm Colores: Verde &hellip;<\/p>\n<p class=\"read-more\"> <a class=\"thunk-readmore button\" href=\"https:\/\/filatelia.cuentista.es\/en\/product\/sello-brasil-duke-de-caxias-azul-usado\"> <span class=\"screen-reader-text\">Sello Brasil 1956 &#8211; Duke de Caxias &#8211; Azul, Usado<\/span>Read More<\/a><\/p>","protected":false},"featured_media":2764,"comment_status":"open","ping_status":"closed","template":"","meta":{"_acf_changed":false},"product_brand":[],"product_cat":[1294,20],"product_tag":[],"class_list":{"0":"post-2765","1":"product","2":"type-product","3":"status-publish","4":"has-post-thumbnail","6":"product_cat-brasil","7":"product_cat-sellos-usados","8":"thunk-woo-product-list","9":"opn-qv-enable","10":"open-woo-hover-zoom","11":"open-single-product-tab-horizontal","12":"open-shadow-","13":"open-shadow-hover-","15":"first","16":"instock","17":"sale","18":"shipping-taxable","19":"purchasable","20":"product-type-simple"},"acf":[],"jetpack_sharing_enabled":true,"_links":{"self":[{"href":"https:\/\/filatelia.cuentista.es\/en\/wp-json\/wp\/v2\/product\/2765","targetHints":{"allow":["GET"]}}],"collection":[{"href":"https:\/\/filatelia.cuentista.es\/en\/wp-json\/wp\/v2\/product"}],"about":[{"href":"https:\/\/filatelia.cuentista.es\/en\/wp-json\/wp\/v2\/types\/product"}],"replies":[{"embeddable":true,"href":"https:\/\/filatelia.cuentista.es\/en\/wp-json\/wp\/v2\/comments?post=2765"}],"wp:featuredmedia":[{"embeddable":true,"href":"https:\/\/filatelia.cuentista.es\/en\/wp-json\/wp\/v2\/media\/2764"}],"wp:attachment":[{"href":"https:\/\/filatelia.cuentista.es\/en\/wp-json\/wp\/v2\/media?parent=2765"}],"wp:term":[{"taxonomy":"product_brand","embeddable":true,"href":"https:\/\/filatelia.cuentista.es\/en\/wp-json\/wp\/v2\/product_brand?post=2765"},{"taxonomy":"product_cat","embeddable":true,"href":"https:\/\/filatelia.cuentista.es\/en\/wp-json\/wp\/v2\/product_cat?post=2765"},{"taxonomy":"product_tag","embeddable":true,"href":"https:\/\/filatelia.cuentista.es\/en\/wp-json\/wp\/v2\/product_tag?post=2765"}],"curies":[{"name":"wp","href":"https:\/\/api.w.org\/{rel}","templated":true}]}}