{"id":2757,"date":"2024-09-12T18:56:05","date_gmt":"2024-09-12T18:56:05","guid":{"rendered":"https:\/\/filatelia.cuentista.es\/product\/sello-brasil-rui-barbosa-10-cr-verde-usado"},"modified":"2024-09-14T12:12:32","modified_gmt":"2024-09-14T12:12:32","slug":"sello-brasil-rui-barbosa-10-cr-verde-usado","status":"publish","type":"product","link":"https:\/\/filatelia.cuentista.es\/en\/product\/sello-brasil-rui-barbosa-10-cr-verde-usado","title":{"rendered":"Sello Brasil 1961 &#8211; Rui Barbosa &#8211; 10 Cr$ Verde Usado"},"content":{"rendered":"<p>Rui Barbosa (1849-1923)<\/p>\n<p><img class=\"size-full\"><\/p>\n<p><img class=\"size-full\"><\/p>\n<p>C\u00f3digo de cat\u00e1logo:<\/p>\n<p>Mi:BR 870zII, RHM:BR 514<\/p>\n<p>Variantes:<\/p>\n<p>Click para ver variantes<\/p>\n<p>Temas:<\/p>\n<p>Diplom\u00e1ticos | Hombres | Personajes Famosos<\/p>\n<p>Fecha emisi\u00f3n:<\/p>\n<p>1961-08-08<\/p>\n<p>Tama\u00f1o:<\/p>\n<p>22 x 26 mm<\/p>\n<p>Colores:<\/p>\n<p>Verde suave<\/p>\n<p>Marca de agua:<\/p>\n<p>CORREIO BRASIL y Estrellas Tipo 1 (Sh) [Up]<\/p>\n<p>Impresores\/Imprentas:<\/p>\n<p>Casa da Moeda do Brasil<\/p>\n<p>Formato:<\/p>\n<p>Sello<\/p>\n<p>Emisi\u00f3n:<\/p>\n<p>Definitivo<\/p>\n<p>Perforaci\u00f3n:<\/p>\n<p>peine10\u00be x 11\u00bd<\/p>\n<p>Impresi\u00f3n:<\/p>\n<p>Fotograbado<\/p>\n<p>Papel:<\/p>\n<p>coated paper<\/p>\n<p>Valor facial:<\/p>\n<p>10 Cruzeiro de Brasil<\/p>\n","protected":false},"excerpt":{"rendered":"<p>Rui Barbosa (1849-1923) C\u00f3digo de cat\u00e1logo: Mi:BR 870zII, RHM:BR 514 Variantes: Click para ver variantes Temas: Diplom\u00e1ticos | Hombres | Personajes Famosos Fecha emisi\u00f3n: 1961-08-08 Tama\u00f1o: 22 x 26 mm Colores: Verde suave Marca de agua: CORREIO BRASIL y Estrellas Tipo 1 (Sh) [Up] Impresores\/Imprentas: Casa da Moeda do Brasil Formato: Sello Emisi\u00f3n: Definitivo Perforaci\u00f3n: &hellip;<\/p>\n<p class=\"read-more\"> <a class=\" thunk-readmore button \" href=\"https:\/\/filatelia.cuentista.es\/en\/product\/sello-brasil-rui-barbosa-10-cr-verde-usado\"> <span class=\"screen-reader-text\">Sello Brasil 1961 &#8211; Rui Barbosa &#8211; 10 Cr$ Verde Usado<\/span>Read More<\/a><\/p>\n","protected":false},"featured_media":2756,"comment_status":"open","ping_status":"closed","template":"","meta":{"_acf_changed":false},"product_brand":[],"product_cat":[1294,20],"product_tag":[],"class_list":{"0":"post-2757","1":"product","2":"type-product","3":"status-publish","4":"has-post-thumbnail","6":"product_cat-brasil","7":"product_cat-sellos-usados","8":"thunk-woo-product-list","9":"opn-qv-enable","10":"open-woo-hover-zoom","11":"open-single-product-tab-horizontal","12":"open-shadow-","13":"open-shadow-hover-","15":"first","16":"instock","17":"sale","18":"shipping-taxable","19":"purchasable","20":"product-type-simple"},"acf":[],"jetpack_sharing_enabled":true,"_links":{"self":[{"href":"https:\/\/filatelia.cuentista.es\/en\/wp-json\/wp\/v2\/product\/2757","targetHints":{"allow":["GET"]}}],"collection":[{"href":"https:\/\/filatelia.cuentista.es\/en\/wp-json\/wp\/v2\/product"}],"about":[{"href":"https:\/\/filatelia.cuentista.es\/en\/wp-json\/wp\/v2\/types\/product"}],"replies":[{"embeddable":true,"href":"https:\/\/filatelia.cuentista.es\/en\/wp-json\/wp\/v2\/comments?post=2757"}],"wp:featuredmedia":[{"embeddable":true,"href":"https:\/\/filatelia.cuentista.es\/en\/wp-json\/wp\/v2\/media\/2756"}],"wp:attachment":[{"href":"https:\/\/filatelia.cuentista.es\/en\/wp-json\/wp\/v2\/media?parent=2757"}],"wp:term":[{"taxonomy":"product_brand","embeddable":true,"href":"https:\/\/filatelia.cuentista.es\/en\/wp-json\/wp\/v2\/product_brand?post=2757"},{"taxonomy":"product_cat","embeddable":true,"href":"https:\/\/filatelia.cuentista.es\/en\/wp-json\/wp\/v2\/product_cat?post=2757"},{"taxonomy":"product_tag","embeddable":true,"href":"https:\/\/filatelia.cuentista.es\/en\/wp-json\/wp\/v2\/product_tag?post=2757"}],"curies":[{"name":"wp","href":"https:\/\/api.w.org\/{rel}","templated":true}]}}