{"id":2754,"date":"2024-09-12T18:51:00","date_gmt":"2024-09-12T18:51:00","guid":{"rendered":"https:\/\/filatelia.cuentista.es\/?post_type=product&#038;p=2754"},"modified":"2024-09-22T12:28:42","modified_gmt":"2024-09-22T12:28:42","slug":"par-sellos-brasil-1959-jose-bonifacio-50-cr-azul-usado-2-2","status":"publish","type":"product","link":"https:\/\/filatelia.cuentista.es\/en\/product\/par-sellos-brasil-1959-jose-bonifacio-50-cr-azul-usado-2-2","title":{"rendered":"Sello Brasil 1959 &#8211; Jos\u00e9 Bonifacio &#8211; 50 Cr$ Azul Usado"},"content":{"rendered":"<p>Jos\u00e9 Bonif\u00e1cio Andrada e Silva (1763-1838)<\/p>\n<p><img class=\"size-full\"><\/p>\n<p>C\u00f3digo de cat\u00e1logo:<\/p>\n<p>Mi:BR 872xII, Sn:BR 801, Yt:BR 679, Sg:BR 904, RHM:BR 511<\/p>\n<p>Temas:<\/p>\n<p>Hombres | Personajes Famosos | Pol\u00edticos<\/p>\n<p>Fecha emisi\u00f3n:<\/p>\n<p>1959-09-23<\/p>\n<p>Tama\u00f1o:<\/p>\n<p>23 x 26 mm<\/p>\n<p>Colores:<\/p>\n<p>Azul<\/p>\n<p>Marca de agua:<\/p>\n<p>CORREIO BRASIL y Estrellas Tipo 1 (Sh) [Up]<\/p>\n<p>Impresores\/Imprentas:<\/p>\n<p>Casa da Moeda do Brasil<\/p>\n<p>Formato:<\/p>\n<p>Sello<\/p>\n<p>Emisi\u00f3n:<\/p>\n<p>Definitivo<\/p>\n<p>Perforaci\u00f3n:<\/p>\n<p>peine10\u00be x 11\u00bd<\/p>\n<p>Impresi\u00f3n:<\/p>\n<p>Fotograbado<\/p>\n<p>Valor facial:<\/p>\n<p>50 Cruzeiro de Brasil<\/p>\n","protected":false},"excerpt":{"rendered":"<p>Jos\u00e9 Bonif\u00e1cio Andrada e Silva (1763-1838) C\u00f3digo de cat\u00e1logo: Mi:BR 872xII, Sn:BR 801, Yt:BR 679, Sg:BR 904, RHM:BR 511 Temas: Hombres | Personajes Famosos | Pol\u00edticos Fecha emisi\u00f3n: 1959-09-23 Tama\u00f1o: 23 x 26 mm Colores: Azul Marca de agua: CORREIO BRASIL y Estrellas Tipo 1 (Sh) [Up] Impresores\/Imprentas: Casa da Moeda do Brasil Formato: Sello &hellip;<\/p>\n<p class=\"read-more\"> <a class=\" thunk-readmore button \" href=\"https:\/\/filatelia.cuentista.es\/en\/product\/par-sellos-brasil-1959-jose-bonifacio-50-cr-azul-usado-2-2\"> <span class=\"screen-reader-text\">Sello Brasil 1959 &#8211; Jos\u00e9 Bonifacio &#8211; 50 Cr$ Azul Usado<\/span>Read More<\/a><\/p>\n","protected":false},"featured_media":2755,"comment_status":"open","ping_status":"closed","template":"","meta":{"_acf_changed":false},"product_brand":[],"product_cat":[1294,15,20],"product_tag":[],"class_list":{"0":"post-2754","1":"product","2":"type-product","3":"status-publish","4":"has-post-thumbnail","6":"product_cat-brasil","7":"product_cat-coleccionismo","8":"product_cat-sellos-usados","9":"thunk-woo-product-list","10":"opn-qv-enable","11":"open-woo-hover-zoom","12":"open-single-product-tab-horizontal","13":"open-shadow-","14":"open-shadow-hover-","16":"first","17":"instock","18":"sale","19":"shipping-taxable","20":"purchasable","21":"product-type-simple"},"acf":[],"jetpack_sharing_enabled":true,"_links":{"self":[{"href":"https:\/\/filatelia.cuentista.es\/en\/wp-json\/wp\/v2\/product\/2754","targetHints":{"allow":["GET"]}}],"collection":[{"href":"https:\/\/filatelia.cuentista.es\/en\/wp-json\/wp\/v2\/product"}],"about":[{"href":"https:\/\/filatelia.cuentista.es\/en\/wp-json\/wp\/v2\/types\/product"}],"replies":[{"embeddable":true,"href":"https:\/\/filatelia.cuentista.es\/en\/wp-json\/wp\/v2\/comments?post=2754"}],"wp:featuredmedia":[{"embeddable":true,"href":"https:\/\/filatelia.cuentista.es\/en\/wp-json\/wp\/v2\/media\/2755"}],"wp:attachment":[{"href":"https:\/\/filatelia.cuentista.es\/en\/wp-json\/wp\/v2\/media?parent=2754"}],"wp:term":[{"taxonomy":"product_brand","embeddable":true,"href":"https:\/\/filatelia.cuentista.es\/en\/wp-json\/wp\/v2\/product_brand?post=2754"},{"taxonomy":"product_cat","embeddable":true,"href":"https:\/\/filatelia.cuentista.es\/en\/wp-json\/wp\/v2\/product_cat?post=2754"},{"taxonomy":"product_tag","embeddable":true,"href":"https:\/\/filatelia.cuentista.es\/en\/wp-json\/wp\/v2\/product_tag?post=2754"}],"curies":[{"name":"wp","href":"https:\/\/api.w.org\/{rel}","templated":true}]}}