{"id":2748,"date":"2024-09-12T18:44:39","date_gmt":"2024-09-12T18:44:39","guid":{"rendered":"https:\/\/filatelia.cuentista.es\/?post_type=product&#038;p=2748"},"modified":"2024-11-03T21:08:34","modified_gmt":"2024-11-03T21:08:34","slug":"par-sellos-brasil-jose-bonifacio-20-cr-rojo-usado-2-2","status":"publish","type":"product","link":"https:\/\/filatelia.cuentista.es\/en\/product\/par-sellos-brasil-jose-bonifacio-20-cr-rojo-usado-2-2","title":{"rendered":"Sello Brasil 1959 &#8211; Jos\u00e9 Bonifacio- 20 Cr$ Rojo Usado"},"content":{"rendered":"<p>Pa\u00eds:<\/p>\n<p>Brasil<\/p>\n<p>Serie:<\/p>\n<p>Portraits &#8211; Famous People in Brazil History<\/p>\n<p>C\u00f3digo de cat\u00e1logo:<\/p>\n<p>Michel BR 871xII<\/p>\n<p>Stamp Number BR 800<\/p>\n<p>Yvert et Tellier BR 678<\/p>\n<p>Stanley Gibbons BR 903<\/p>\n<p>RHM BR 510<\/p>\n<p>Temas:<\/p>\n<p>Hombres | Personajes Famosos | Pol\u00edticos<\/p>\n<p>Fecha emisi\u00f3n:<\/p>\n<p>1959-09-27<\/p>\n<p>Tama\u00f1o:<\/p>\n<p>23 x 26 mm<\/p>\n<p>Colores:<\/p>\n<p>Rojo<\/p>\n<p>Marca de agua:<\/p>\n<p>CORREIO BRASIL y Estrellas Tipo 1 (Sh) [Up]<\/p>\n<p>Impresores\/Imprentas:<\/p>\n<p>Casa da Moeda do Brasil<\/p>\n<p>Formato:<\/p>\n<p>Sello<\/p>\n<p>Emisi\u00f3n:<\/p>\n<p>Definitivo<\/p>\n<p>Perforaci\u00f3n:<\/p>\n<p>peine10\u00be x 11\u00bd<\/p>\n<p>Impresi\u00f3n:<\/p>\n<p>Fotograbado<\/p>\n<p>Valor facial:<\/p>\n<p>20 Cruzeiro de Brasil<\/p>\n<p><a href=\"https:\/\/colnect.com\/stamps\/stamp\/152212\">https:\/\/colnect.com\/stamps\/stamp\/152212<\/a><\/p>\n","protected":false},"excerpt":{"rendered":"<p>Pa\u00eds: Brasil Serie: Portraits &#8211; Famous People in Brazil History C\u00f3digo de cat\u00e1logo: Michel BR 871xII Stamp Number BR 800 Yvert et Tellier BR 678 Stanley Gibbons BR 903 RHM BR 510 Temas: Hombres | Personajes Famosos | Pol\u00edticos Fecha emisi\u00f3n: 1959-09-27 Tama\u00f1o: 23 x 26 mm Colores: Rojo Marca de agua: CORREIO BRASIL y &hellip;<\/p>\n<p class=\"read-more\"> <a class=\"thunk-readmore button\" href=\"https:\/\/filatelia.cuentista.es\/en\/product\/par-sellos-brasil-jose-bonifacio-20-cr-rojo-usado-2-2\"> <span class=\"screen-reader-text\">Sello Brasil 1959 &#8211; Jos\u00e9 Bonifacio- 20 Cr$ Rojo Usado<\/span>Read More<\/a><\/p>","protected":false},"featured_media":2749,"comment_status":"open","ping_status":"closed","template":"","meta":{"_acf_changed":false},"product_brand":[],"product_cat":[1294,20],"product_tag":[],"class_list":{"0":"post-2748","1":"product","2":"type-product","3":"status-publish","4":"has-post-thumbnail","6":"product_cat-brasil","7":"product_cat-sellos-usados","8":"thunk-woo-product-list","9":"opn-qv-enable","10":"open-woo-hover-zoom","11":"open-single-product-tab-horizontal","12":"open-shadow-","13":"open-shadow-hover-","15":"first","16":"instock","17":"sale","18":"shipping-taxable","19":"purchasable","20":"product-type-simple"},"acf":[],"jetpack_sharing_enabled":true,"_links":{"self":[{"href":"https:\/\/filatelia.cuentista.es\/en\/wp-json\/wp\/v2\/product\/2748","targetHints":{"allow":["GET"]}}],"collection":[{"href":"https:\/\/filatelia.cuentista.es\/en\/wp-json\/wp\/v2\/product"}],"about":[{"href":"https:\/\/filatelia.cuentista.es\/en\/wp-json\/wp\/v2\/types\/product"}],"replies":[{"embeddable":true,"href":"https:\/\/filatelia.cuentista.es\/en\/wp-json\/wp\/v2\/comments?post=2748"}],"wp:featuredmedia":[{"embeddable":true,"href":"https:\/\/filatelia.cuentista.es\/en\/wp-json\/wp\/v2\/media\/2749"}],"wp:attachment":[{"href":"https:\/\/filatelia.cuentista.es\/en\/wp-json\/wp\/v2\/media?parent=2748"}],"wp:term":[{"taxonomy":"product_brand","embeddable":true,"href":"https:\/\/filatelia.cuentista.es\/en\/wp-json\/wp\/v2\/product_brand?post=2748"},{"taxonomy":"product_cat","embeddable":true,"href":"https:\/\/filatelia.cuentista.es\/en\/wp-json\/wp\/v2\/product_cat?post=2748"},{"taxonomy":"product_tag","embeddable":true,"href":"https:\/\/filatelia.cuentista.es\/en\/wp-json\/wp\/v2\/product_tag?post=2748"}],"curies":[{"name":"wp","href":"https:\/\/api.w.org\/{rel}","templated":true}]}}